{"id":28192,"date":"2024-01-29T20:22:22","date_gmt":"2024-01-29T20:22:22","guid":{"rendered":"https:\/\/chilimag.hu\/webshop\/?post_type=product&#038;p=28192"},"modified":"2026-02-25T08:43:24","modified_gmt":"2026-02-25T08:43:24","slug":"kokteparadicsom-zuccherino-f1-pannon-rk","status":"publish","type":"product","link":"https:\/\/chilimag.hu\/webshop\/termek\/kokteparadicsom-zuccherino-f1-pannon-rk\/","title":{"rendered":"Kokt\u00e9paradicsom Zuccherino F1 Pannon RK"},"content":{"rendered":"","protected":false},"excerpt":{"rendered":"<p>Mini San Marzano paradicsom vet\u0151mag. Bogy\u00f3ja 15-20 grammos, mini folytonnj\u00f6v\u0151, extra magas cukortartalommal (Brix 11), nagy term\u0151k\u00e9pess\u00e9g\u0171, nagyon korai \u00e9r\u00e9s\u0171. T\u00f6bb sz\u00e1z bogy\u00f3t fejleszt t\u00f6venk\u00e9nt.<\/p>\n<p>A csomag 5 szem magot tartalmaz<\/p>\n","protected":false},"featured_media":28193,"comment_status":"closed","ping_status":"closed","template":"","meta":[],"product_brand":[],"product_cat":[430],"product_tag":[],"class_list":{"0":"post-28192","1":"product","2":"type-product","3":"status-publish","4":"has-post-thumbnail","6":"product_cat-paradicsom-vetomagok-redei-kertimag","8":"first","9":"instock","10":"taxable","11":"shipping-taxable","12":"purchasable","13":"product-type-simple"},"_links":{"self":[{"href":"https:\/\/chilimag.hu\/webshop\/wp-json\/wp\/v2\/product\/28192","targetHints":{"allow":["GET"]}}],"collection":[{"href":"https:\/\/chilimag.hu\/webshop\/wp-json\/wp\/v2\/product"}],"about":[{"href":"https:\/\/chilimag.hu\/webshop\/wp-json\/wp\/v2\/types\/product"}],"replies":[{"embeddable":true,"href":"https:\/\/chilimag.hu\/webshop\/wp-json\/wp\/v2\/comments?post=28192"}],"wp:featuredmedia":[{"embeddable":true,"href":"https:\/\/chilimag.hu\/webshop\/wp-json\/wp\/v2\/media\/28193"}],"wp:attachment":[{"href":"https:\/\/chilimag.hu\/webshop\/wp-json\/wp\/v2\/media?parent=28192"}],"wp:term":[{"taxonomy":"product_brand","embeddable":true,"href":"https:\/\/chilimag.hu\/webshop\/wp-json\/wp\/v2\/product_brand?post=28192"},{"taxonomy":"product_cat","embeddable":true,"href":"https:\/\/chilimag.hu\/webshop\/wp-json\/wp\/v2\/product_cat?post=28192"},{"taxonomy":"product_tag","embeddable":true,"href":"https:\/\/chilimag.hu\/webshop\/wp-json\/wp\/v2\/product_tag?post=28192"}],"curies":[{"name":"wp","href":"https:\/\/api.w.org\/{rel}","templated":true}]}}