{"id":28185,"date":"2024-01-29T20:13:57","date_gmt":"2024-01-29T20:13:57","guid":{"rendered":"https:\/\/chilimag.hu\/webshop\/?post_type=product&#038;p=28185"},"modified":"2026-01-21T17:34:46","modified_gmt":"2026-01-21T17:34:46","slug":"paradicsom-salus-k-549-tipus-pannon-rk","status":"publish","type":"product","link":"https:\/\/chilimag.hu\/webshop\/termek\/paradicsom-salus-k-549-tipus-pannon-rk\/","title":{"rendered":"Paradicsom SALUS (K-549 t\u00edpus) Pannon RK"},"content":{"rendered":"","protected":false},"excerpt":{"rendered":"<p>Alacsony n\u00f6veked\u00e9s\u0171, k\u00f6z\u00e9pkorai fajta. Bogy\u00f3i hengeres alak\u00faak. Helyre vet\u00e9ssel is termeszthet\u0151. K\u00f6z\u00e9pkorai \u00e9r\u00e9s\u0171 fajta. Vet\u00e9st\u0151l sz\u00e1m\u00edtva 120-125 napos teny\u00e9szidej\u0171. Bogy\u00f3i egy sz\u00ednb\u0151l \u00e9rnek, kiss\u00e9 megny\u00falt, sz\u00f6gletes alak\u00faak, \u00e1tlags\u00falyuk 60-70 g. F\u0151k\u00e9nt bef\u0151z\u00e9sre javasolt, h\u00e1moz\u00e1sra is alkalmas.<\/p>\n<p>A csomag 0,5 gr tartalmaz<\/p>\n","protected":false},"featured_media":28186,"comment_status":"closed","ping_status":"closed","template":"","meta":[],"product_brand":[],"product_cat":[430],"product_tag":[],"class_list":{"0":"post-28185","1":"product","2":"type-product","3":"status-publish","4":"has-post-thumbnail","6":"product_cat-paradicsom-vetomagok-redei-kertimag","8":"first","9":"instock","10":"taxable","11":"shipping-taxable","12":"purchasable","13":"product-type-simple"},"_links":{"self":[{"href":"https:\/\/chilimag.hu\/webshop\/wp-json\/wp\/v2\/product\/28185","targetHints":{"allow":["GET"]}}],"collection":[{"href":"https:\/\/chilimag.hu\/webshop\/wp-json\/wp\/v2\/product"}],"about":[{"href":"https:\/\/chilimag.hu\/webshop\/wp-json\/wp\/v2\/types\/product"}],"replies":[{"embeddable":true,"href":"https:\/\/chilimag.hu\/webshop\/wp-json\/wp\/v2\/comments?post=28185"}],"wp:featuredmedia":[{"embeddable":true,"href":"https:\/\/chilimag.hu\/webshop\/wp-json\/wp\/v2\/media\/28186"}],"wp:attachment":[{"href":"https:\/\/chilimag.hu\/webshop\/wp-json\/wp\/v2\/media?parent=28185"}],"wp:term":[{"taxonomy":"product_brand","embeddable":true,"href":"https:\/\/chilimag.hu\/webshop\/wp-json\/wp\/v2\/product_brand?post=28185"},{"taxonomy":"product_cat","embeddable":true,"href":"https:\/\/chilimag.hu\/webshop\/wp-json\/wp\/v2\/product_cat?post=28185"},{"taxonomy":"product_tag","embeddable":true,"href":"https:\/\/chilimag.hu\/webshop\/wp-json\/wp\/v2\/product_tag?post=28185"}],"curies":[{"name":"wp","href":"https:\/\/api.w.org\/{rel}","templated":true}]}}