{"id":28174,"date":"2024-01-29T20:02:52","date_gmt":"2024-01-29T20:02:52","guid":{"rendered":"https:\/\/chilimag.hu\/webshop\/?post_type=product&#038;p=28174"},"modified":"2026-02-19T20:26:59","modified_gmt":"2026-02-19T20:26:59","slug":"paradicsom-topsport-f1-pannon-rk","status":"publish","type":"product","link":"https:\/\/chilimag.hu\/webshop\/termek\/paradicsom-topsport-f1-pannon-rk\/","title":{"rendered":"Paradicsom Topsport F1 Pannon RK"},"content":{"rendered":"","protected":false},"excerpt":{"rendered":"<p>Korai, alacsony n\u00f6veked\u00e9s\u0171. Bogy\u00f3i g\u00f6mb\u00f6ly\u0171ek egysz\u00ednb\u0151l \u00e9r\u0151k.Szabadf\u00f6ldi termeszt\u00e9sre \u00e9s f\u0171tetlen f\u00f3lia alatti hajtat\u00e1sra alkalmas hibrid.<\/p>\n<p>A csomag 20 szem magot tartalmaz<\/p>\n","protected":false},"featured_media":28175,"comment_status":"closed","ping_status":"closed","template":"","meta":[],"product_brand":[],"product_cat":[430],"product_tag":[],"class_list":{"0":"post-28174","1":"product","2":"type-product","3":"status-publish","4":"has-post-thumbnail","6":"product_cat-paradicsom-vetomagok-redei-kertimag","8":"first","9":"instock","10":"taxable","11":"shipping-taxable","12":"purchasable","13":"product-type-simple"},"_links":{"self":[{"href":"https:\/\/chilimag.hu\/webshop\/wp-json\/wp\/v2\/product\/28174","targetHints":{"allow":["GET"]}}],"collection":[{"href":"https:\/\/chilimag.hu\/webshop\/wp-json\/wp\/v2\/product"}],"about":[{"href":"https:\/\/chilimag.hu\/webshop\/wp-json\/wp\/v2\/types\/product"}],"replies":[{"embeddable":true,"href":"https:\/\/chilimag.hu\/webshop\/wp-json\/wp\/v2\/comments?post=28174"}],"wp:featuredmedia":[{"embeddable":true,"href":"https:\/\/chilimag.hu\/webshop\/wp-json\/wp\/v2\/media\/28175"}],"wp:attachment":[{"href":"https:\/\/chilimag.hu\/webshop\/wp-json\/wp\/v2\/media?parent=28174"}],"wp:term":[{"taxonomy":"product_brand","embeddable":true,"href":"https:\/\/chilimag.hu\/webshop\/wp-json\/wp\/v2\/product_brand?post=28174"},{"taxonomy":"product_cat","embeddable":true,"href":"https:\/\/chilimag.hu\/webshop\/wp-json\/wp\/v2\/product_cat?post=28174"},{"taxonomy":"product_tag","embeddable":true,"href":"https:\/\/chilimag.hu\/webshop\/wp-json\/wp\/v2\/product_tag?post=28174"}],"curies":[{"name":"wp","href":"https:\/\/api.w.org\/{rel}","templated":true}]}}