{"id":28163,"date":"2024-01-29T19:43:47","date_gmt":"2024-01-29T19:43:47","guid":{"rendered":"https:\/\/chilimag.hu\/webshop\/?post_type=product&#038;p=28163"},"modified":"2026-03-09T14:09:50","modified_gmt":"2026-03-09T14:09:50","slug":"tavaszi-mak-kek-duna-pannon-rk","status":"publish","type":"product","link":"https:\/\/chilimag.hu\/webshop\/termek\/tavaszi-mak-kek-duna-pannon-rk\/","title":{"rendered":"Tavaszi m\u00e1k K\u00e9k Duna Pannon RK"},"content":{"rendered":"","protected":false},"excerpt":{"rendered":"<p>Alacsony morfin tartalm\u00fa, sz\u00e9p s\u00f6t\u00e9tk\u00e9k magsz\u00edn\u0171 fajta. Kor\u00e1n vir\u00e1gzik. Megd\u0151l\u00e9sre nem hajlamos.<\/p>\n<p>A csomag 2 gr magot tartalmaz<\/p>\n","protected":false},"featured_media":28164,"comment_status":"closed","ping_status":"closed","template":"","meta":[],"product_brand":[],"product_cat":[426],"product_tag":[],"class_list":{"0":"post-28163","1":"product","2":"type-product","3":"status-publish","4":"has-post-thumbnail","6":"product_cat-hagyma-es-mak-vetomagok","8":"first","9":"instock","10":"taxable","11":"shipping-taxable","12":"purchasable","13":"product-type-simple"},"_links":{"self":[{"href":"https:\/\/chilimag.hu\/webshop\/wp-json\/wp\/v2\/product\/28163","targetHints":{"allow":["GET"]}}],"collection":[{"href":"https:\/\/chilimag.hu\/webshop\/wp-json\/wp\/v2\/product"}],"about":[{"href":"https:\/\/chilimag.hu\/webshop\/wp-json\/wp\/v2\/types\/product"}],"replies":[{"embeddable":true,"href":"https:\/\/chilimag.hu\/webshop\/wp-json\/wp\/v2\/comments?post=28163"}],"wp:featuredmedia":[{"embeddable":true,"href":"https:\/\/chilimag.hu\/webshop\/wp-json\/wp\/v2\/media\/28164"}],"wp:attachment":[{"href":"https:\/\/chilimag.hu\/webshop\/wp-json\/wp\/v2\/media?parent=28163"}],"wp:term":[{"taxonomy":"product_brand","embeddable":true,"href":"https:\/\/chilimag.hu\/webshop\/wp-json\/wp\/v2\/product_brand?post=28163"},{"taxonomy":"product_cat","embeddable":true,"href":"https:\/\/chilimag.hu\/webshop\/wp-json\/wp\/v2\/product_cat?post=28163"},{"taxonomy":"product_tag","embeddable":true,"href":"https:\/\/chilimag.hu\/webshop\/wp-json\/wp\/v2\/product_tag?post=28163"}],"curies":[{"name":"wp","href":"https:\/\/api.w.org\/{rel}","templated":true}]}}