{"id":28159,"date":"2024-01-29T19:39:55","date_gmt":"2024-01-29T19:39:55","guid":{"rendered":"https:\/\/chilimag.hu\/webshop\/?post_type=product&#038;p=28159"},"modified":"2026-03-22T16:20:46","modified_gmt":"2026-03-22T16:20:46","slug":"csemege-kukorica-royalty-f1-pannon-rk","status":"publish","type":"product","link":"https:\/\/chilimag.hu\/webshop\/termek\/csemege-kukorica-royalty-f1-pannon-rk\/","title":{"rendered":"Csemege kukorica Royalty F1 Pannon RK"},"content":{"rendered":"","protected":false},"excerpt":{"rendered":"<p>Nagyon j\u00f3 min\u0151s\u00e9g\u0171, b\u0151term\u0151 norm\u00e1l\u00e9des hibrid. Er\u0151teljes n\u00f6veked\u00e9s\u0171. Cs\u00f6vei igen vastagok, nagy t\u00f6meg\u0171ek, j\u00f3\u00edz\u0171ek. J\u00fanius v\u00e9g\u00e9ig 1-2 hetes elt\u00e9r\u00e9ssel szakaszosan vethetj\u00fck.<\/p>\n<p>A csomag 50 szem magot tartalmaz<\/p>\n","protected":false},"featured_media":28160,"comment_status":"closed","ping_status":"closed","template":"","meta":[],"product_brand":[],"product_cat":[425],"product_tag":[],"class_list":{"0":"post-28159","1":"product","2":"type-product","3":"status-publish","4":"has-post-thumbnail","6":"product_cat-gyumolcs-es-kukorica-vetomagok-redei-kertimag","8":"first","9":"instock","10":"taxable","11":"shipping-taxable","12":"purchasable","13":"product-type-simple"},"_links":{"self":[{"href":"https:\/\/chilimag.hu\/webshop\/wp-json\/wp\/v2\/product\/28159","targetHints":{"allow":["GET"]}}],"collection":[{"href":"https:\/\/chilimag.hu\/webshop\/wp-json\/wp\/v2\/product"}],"about":[{"href":"https:\/\/chilimag.hu\/webshop\/wp-json\/wp\/v2\/types\/product"}],"replies":[{"embeddable":true,"href":"https:\/\/chilimag.hu\/webshop\/wp-json\/wp\/v2\/comments?post=28159"}],"wp:featuredmedia":[{"embeddable":true,"href":"https:\/\/chilimag.hu\/webshop\/wp-json\/wp\/v2\/media\/28160"}],"wp:attachment":[{"href":"https:\/\/chilimag.hu\/webshop\/wp-json\/wp\/v2\/media?parent=28159"}],"wp:term":[{"taxonomy":"product_brand","embeddable":true,"href":"https:\/\/chilimag.hu\/webshop\/wp-json\/wp\/v2\/product_brand?post=28159"},{"taxonomy":"product_cat","embeddable":true,"href":"https:\/\/chilimag.hu\/webshop\/wp-json\/wp\/v2\/product_cat?post=28159"},{"taxonomy":"product_tag","embeddable":true,"href":"https:\/\/chilimag.hu\/webshop\/wp-json\/wp\/v2\/product_tag?post=28159"}],"curies":[{"name":"wp","href":"https:\/\/api.w.org\/{rel}","templated":true}]}}