{"id":28074,"date":"2024-01-27T17:14:10","date_gmt":"2024-01-27T17:14:10","guid":{"rendered":"https:\/\/chilimag.hu\/webshop\/?post_type=product&#038;p=28074"},"modified":"2024-08-15T18:06:26","modified_gmt":"2024-08-15T18:06:26","slug":"lilaakac-bz-climbing-h","status":"publish","type":"product","link":"https:\/\/chilimag.hu\/webshop\/termek\/lilaakac-bz-climbing-h\/","title":{"rendered":"Lilaak\u00e1c Bz-Climbing H"},"content":{"rendered":"","protected":false},"excerpt":{"rendered":"<p><img decoding=\"async\" class=\"img-responsive\" title=\"Buzzy Seeds\" src=\"https:\/\/tuinplus.nl\/Documents\/Images\/Banners\/Buzzy_Roll_Over.jpg\" alt=\"Buzzy Seeds\" \/><\/p>\n<p>Botanikai n\u00e9v:<span id=\"column_2_uc_product_details_ctl04_lbl_ff_desc2\" class=\"value\">Wisteria sinensis<\/span><\/p>\n<p><span id=\"column_2_uc_product_details_ctl04_lbl_ff_desc2\" class=\"value\">\u00c1ztassa a magokat 24 \u00f3r\u00e1n kereszt\u00fcl v\u00edzben. Vets\u00fck febru\u00e1rt\u00f3l m\u00e1rciusig vagy okt\u00f3bert\u0151l novemberig \u00fcveg al\u00e1. A n\u00f6v\u00e9ny m\u00ednusz 15\u00b0C-ig fagy\u00e1ll\u00f3. Vir\u00e1gzik \u00e1prilist\u00f3l j\u00faniusig.<br \/>\nEgy hegym\u00e1sz\u00f3, amelynek \u00e1gai ak\u00e1r 10 m\u00e9tert is el\u00e9rhetnek. Rengeteg k\u00e9k vir\u00e1gb\u00f3l k\u00e9sz\u00fclt f\u00fcgg\u0151 med\u00e1l korl\u00e1tok \u00e9s pergol\u00e1k zuhatag\u00e1hoz.<\/span><\/p>\n<p>&nbsp;<\/p>\n","protected":false},"featured_media":28075,"comment_status":"closed","ping_status":"closed","template":"","meta":[],"product_brand":[],"product_cat":[446],"product_tag":[],"class_list":{"0":"post-28074","1":"product","2":"type-product","3":"status-publish","4":"has-post-thumbnail","6":"product_cat-poppy-climbing-sunny-flowers","8":"first","9":"instock","10":"taxable","11":"shipping-taxable","12":"purchasable","13":"product-type-simple"},"_links":{"self":[{"href":"https:\/\/chilimag.hu\/webshop\/wp-json\/wp\/v2\/product\/28074","targetHints":{"allow":["GET"]}}],"collection":[{"href":"https:\/\/chilimag.hu\/webshop\/wp-json\/wp\/v2\/product"}],"about":[{"href":"https:\/\/chilimag.hu\/webshop\/wp-json\/wp\/v2\/types\/product"}],"replies":[{"embeddable":true,"href":"https:\/\/chilimag.hu\/webshop\/wp-json\/wp\/v2\/comments?post=28074"}],"wp:featuredmedia":[{"embeddable":true,"href":"https:\/\/chilimag.hu\/webshop\/wp-json\/wp\/v2\/media\/28075"}],"wp:attachment":[{"href":"https:\/\/chilimag.hu\/webshop\/wp-json\/wp\/v2\/media?parent=28074"}],"wp:term":[{"taxonomy":"product_brand","embeddable":true,"href":"https:\/\/chilimag.hu\/webshop\/wp-json\/wp\/v2\/product_brand?post=28074"},{"taxonomy":"product_cat","embeddable":true,"href":"https:\/\/chilimag.hu\/webshop\/wp-json\/wp\/v2\/product_cat?post=28074"},{"taxonomy":"product_tag","embeddable":true,"href":"https:\/\/chilimag.hu\/webshop\/wp-json\/wp\/v2\/product_tag?post=28074"}],"curies":[{"name":"wp","href":"https:\/\/api.w.org\/{rel}","templated":true}]}}