{"id":28064,"date":"2024-01-27T16:36:23","date_gmt":"2024-01-27T16:36:23","guid":{"rendered":"https:\/\/chilimag.hu\/webshop\/?post_type=product&#038;p=28064"},"modified":"2026-03-09T10:26:45","modified_gmt":"2026-03-09T10:26:45","slug":"kek-szamarkenyer-blue-globe-ht-h","status":"publish","type":"product","link":"https:\/\/chilimag.hu\/webshop\/termek\/kek-szamarkenyer-blue-globe-ht-h\/","title":{"rendered":"K\u00e9k szam\u00e1rkeny\u00e9r Blue Globe Ht H"},"content":{"rendered":"","protected":false},"excerpt":{"rendered":"<p><img decoding=\"async\" class=\"img-responsive\" title=\"Horti Tops\" src=\"https:\/\/tuinplus.nl\/Documents\/Images\/Banners\/Horti_Tops_Roll_Over.jpg\" alt=\"Horti Tops\" \/><\/p>\n<p>Botanikai n\u00e9v: <span id=\"column_2_uc_product_details_ctl04_lbl_ff_desc2\" class=\"value\">Echinops ritro<\/span><\/p>\n<p><span id=\"column_2_uc_product_details_ctl04_lbl_ff_desc2\" class=\"value\">F\u00f6ldg\u00f6mb bog\u00e1ncs &#8211; k\u00e9k f\u00f6ldg\u00f6mb<br \/>\nKora tavaszt\u00f3l ny\u00e1r elej\u00e9ig vess\u00fck a mag\u00e1gyba, \u00e9s k\u00e9s\u0151 \u0151sszel \u00fcltess\u00fck ki. A vir\u00e1g \u00f6r\u00f6k v\u00e1g\u00f3vir\u00e1gk\u00e9nt \u00e9s szeg\u00e9lyn\u00f6v\u00e9nyk\u00e9nt is haszn\u00e1lhat\u00f3.<\/span><\/p>\n<p>&nbsp;<\/p>\n","protected":false},"featured_media":28065,"comment_status":"closed","ping_status":"closed","template":"","meta":[],"product_brand":[],"product_cat":[438],"product_tag":[],"class_list":{"0":"post-28064","1":"product","2":"type-product","3":"status-publish","4":"has-post-thumbnail","6":"product_cat-horti-tops","8":"first","9":"instock","10":"taxable","11":"shipping-taxable","12":"purchasable","13":"product-type-simple"},"_links":{"self":[{"href":"https:\/\/chilimag.hu\/webshop\/wp-json\/wp\/v2\/product\/28064","targetHints":{"allow":["GET"]}}],"collection":[{"href":"https:\/\/chilimag.hu\/webshop\/wp-json\/wp\/v2\/product"}],"about":[{"href":"https:\/\/chilimag.hu\/webshop\/wp-json\/wp\/v2\/types\/product"}],"replies":[{"embeddable":true,"href":"https:\/\/chilimag.hu\/webshop\/wp-json\/wp\/v2\/comments?post=28064"}],"wp:featuredmedia":[{"embeddable":true,"href":"https:\/\/chilimag.hu\/webshop\/wp-json\/wp\/v2\/media\/28065"}],"wp:attachment":[{"href":"https:\/\/chilimag.hu\/webshop\/wp-json\/wp\/v2\/media?parent=28064"}],"wp:term":[{"taxonomy":"product_brand","embeddable":true,"href":"https:\/\/chilimag.hu\/webshop\/wp-json\/wp\/v2\/product_brand?post=28064"},{"taxonomy":"product_cat","embeddable":true,"href":"https:\/\/chilimag.hu\/webshop\/wp-json\/wp\/v2\/product_cat?post=28064"},{"taxonomy":"product_tag","embeddable":true,"href":"https:\/\/chilimag.hu\/webshop\/wp-json\/wp\/v2\/product_tag?post=28064"}],"curies":[{"name":"wp","href":"https:\/\/api.w.org\/{rel}","templated":true}]}}