{"id":28058,"date":"2024-01-27T16:25:38","date_gmt":"2024-01-27T16:25:38","guid":{"rendered":"https:\/\/chilimag.hu\/webshop\/?post_type=product&#038;p=28058"},"modified":"2026-04-22T17:41:04","modified_gmt":"2026-04-22T17:41:04","slug":"iskolavirag-abc-kruid-ht-h","status":"publish","type":"product","link":"https:\/\/chilimag.hu\/webshop\/termek\/iskolavirag-abc-kruid-ht-h\/","title":{"rendered":"Iskolavir\u00e1g ABC-Kruid Ht H"},"content":{"rendered":"","protected":false},"excerpt":{"rendered":"<p><img decoding=\"async\" class=\"img-responsive\" title=\"Horti Tops\" src=\"https:\/\/tuinplus.nl\/Documents\/Images\/Banners\/Horti_Tops_Roll_Over.jpg\" alt=\"Horti Tops\" \/><\/p>\n<p>Botanikai n\u00e9v:<span id=\"column_2_uc_product_details_ctl04_lbl_ff_desc2\" class=\"value\">Spilanthes olerace<br \/>\nVets\u00fck \u00fcveg al\u00e1 febru\u00e1rt\u00f3l m\u00e1jusig, sz\u00farjuk ki, amikor 2 cm-esek \u00e9s<br \/>\nm\u00e1just\u00f3l \u00fcltesse ki. A n\u00f6v\u00e9nynek sz\u00e1mos sz\u00e1ra van, \u00e9s a hegyek s\u00e1rga sz\u00edn\u0171ek<br \/>\nvir\u00e1gok piros k\u00f6zep\u00e9vel. A vir\u00e1gbimb\u00f3k elfogyaszt\u00e1sa\u00a0bizserg\u0151 \u00e9rz\u00e9st okoz az ajkakon.<\/span><\/p>\n<p>&nbsp;<\/p>\n","protected":false},"featured_media":28059,"comment_status":"closed","ping_status":"closed","template":"","meta":[],"product_brand":[],"product_cat":[438],"product_tag":[],"class_list":{"0":"post-28058","1":"product","2":"type-product","3":"status-publish","4":"has-post-thumbnail","6":"product_cat-horti-tops","8":"first","9":"instock","10":"taxable","11":"shipping-taxable","12":"purchasable","13":"product-type-simple"},"_links":{"self":[{"href":"https:\/\/chilimag.hu\/webshop\/wp-json\/wp\/v2\/product\/28058","targetHints":{"allow":["GET"]}}],"collection":[{"href":"https:\/\/chilimag.hu\/webshop\/wp-json\/wp\/v2\/product"}],"about":[{"href":"https:\/\/chilimag.hu\/webshop\/wp-json\/wp\/v2\/types\/product"}],"replies":[{"embeddable":true,"href":"https:\/\/chilimag.hu\/webshop\/wp-json\/wp\/v2\/comments?post=28058"}],"wp:featuredmedia":[{"embeddable":true,"href":"https:\/\/chilimag.hu\/webshop\/wp-json\/wp\/v2\/media\/28059"}],"wp:attachment":[{"href":"https:\/\/chilimag.hu\/webshop\/wp-json\/wp\/v2\/media?parent=28058"}],"wp:term":[{"taxonomy":"product_brand","embeddable":true,"href":"https:\/\/chilimag.hu\/webshop\/wp-json\/wp\/v2\/product_brand?post=28058"},{"taxonomy":"product_cat","embeddable":true,"href":"https:\/\/chilimag.hu\/webshop\/wp-json\/wp\/v2\/product_cat?post=28058"},{"taxonomy":"product_tag","embeddable":true,"href":"https:\/\/chilimag.hu\/webshop\/wp-json\/wp\/v2\/product_tag?post=28058"}],"curies":[{"name":"wp","href":"https:\/\/api.w.org\/{rel}","templated":true}]}}