{"id":28055,"date":"2024-01-27T16:18:29","date_gmt":"2024-01-27T16:18:29","guid":{"rendered":"https:\/\/chilimag.hu\/webshop\/?post_type=product&#038;p=28055"},"modified":"2026-02-18T23:43:11","modified_gmt":"2026-02-18T23:43:11","slug":"szarnyalt-csodahajnalka-cardinal-climber-ht-h","status":"publish","type":"product","link":"https:\/\/chilimag.hu\/webshop\/termek\/szarnyalt-csodahajnalka-cardinal-climber-ht-h\/","title":{"rendered":"Sz\u00e1rnyalt Csodahajnalka Cardinal Climber Ht H"},"content":{"rendered":"","protected":false},"excerpt":{"rendered":"<p><img decoding=\"async\" class=\"img-responsive\" title=\"Horti Tops\" src=\"https:\/\/tuinplus.nl\/Documents\/Images\/Banners\/Horti_Tops_Roll_Over.jpg\" alt=\"Horti Tops\" \/><\/p>\n<p>Botanikai n\u00e9v:<span id=\"column_2_uc_product_details_ctl04_lbl_ff_desc2\" class=\"value\">Ipomoea quamoclit<\/span><\/p>\n<p>Morning Glory \u2013 Cardinal Climber<br \/>\nBelt\u00e9ri vet\u00e9s m\u00e1rcius-\u00e1prilisban vagy a rendeltet\u00e9si helyre \u00e1prilis-j\u00faniusban. A Cardinal Climber er\u0151sen k\u00fasz\u00f3, felt\u0171n\u0151 levelekkel \u00e9s hossz\u00fa vir\u00e1gz\u00e1si peri\u00f3dussal, gy\u00f6ny\u00f6r\u0171en kontrasztos v\u00f6r\u00f6s vir\u00e1gokkal. A legjobb eredm\u00e9ny \u00e9rdek\u00e9ben helyezze napos helyre, term\u00e9keny talajjal.<\/p>\n<p>&nbsp;<\/p>\n<p>&nbsp;<\/p>\n","protected":false},"featured_media":28056,"comment_status":"closed","ping_status":"closed","template":"","meta":[],"product_brand":[],"product_cat":[438],"product_tag":[],"class_list":{"0":"post-28055","1":"product","2":"type-product","3":"status-publish","4":"has-post-thumbnail","6":"product_cat-horti-tops","8":"first","9":"outofstock","10":"taxable","11":"shipping-taxable","12":"purchasable","13":"product-type-simple"},"_links":{"self":[{"href":"https:\/\/chilimag.hu\/webshop\/wp-json\/wp\/v2\/product\/28055","targetHints":{"allow":["GET"]}}],"collection":[{"href":"https:\/\/chilimag.hu\/webshop\/wp-json\/wp\/v2\/product"}],"about":[{"href":"https:\/\/chilimag.hu\/webshop\/wp-json\/wp\/v2\/types\/product"}],"replies":[{"embeddable":true,"href":"https:\/\/chilimag.hu\/webshop\/wp-json\/wp\/v2\/comments?post=28055"}],"wp:featuredmedia":[{"embeddable":true,"href":"https:\/\/chilimag.hu\/webshop\/wp-json\/wp\/v2\/media\/28056"}],"wp:attachment":[{"href":"https:\/\/chilimag.hu\/webshop\/wp-json\/wp\/v2\/media?parent=28055"}],"wp:term":[{"taxonomy":"product_brand","embeddable":true,"href":"https:\/\/chilimag.hu\/webshop\/wp-json\/wp\/v2\/product_brand?post=28055"},{"taxonomy":"product_cat","embeddable":true,"href":"https:\/\/chilimag.hu\/webshop\/wp-json\/wp\/v2\/product_cat?post=28055"},{"taxonomy":"product_tag","embeddable":true,"href":"https:\/\/chilimag.hu\/webshop\/wp-json\/wp\/v2\/product_tag?post=28055"}],"curies":[{"name":"wp","href":"https:\/\/api.w.org\/{rel}","templated":true}]}}