{"id":28051,"date":"2024-01-27T16:07:37","date_gmt":"2024-01-27T16:07:37","guid":{"rendered":"https:\/\/chilimag.hu\/webshop\/?post_type=product&#038;p=28051"},"modified":"2026-05-03T15:14:06","modified_gmt":"2026-05-03T15:14:06","slug":"ananaszvirag-pineapples-ht-h","status":"publish","type":"product","link":"https:\/\/chilimag.hu\/webshop\/termek\/ananaszvirag-pineapples-ht-h\/","title":{"rendered":"Anan\u00e1szvir\u00e1g Pineapples Ht H"},"content":{"rendered":"","protected":false},"excerpt":{"rendered":"<p><img decoding=\"async\" class=\"img-responsive\" title=\"Horti Tops\" src=\"https:\/\/tuinplus.nl\/Documents\/Images\/Banners\/Horti_Tops_Roll_Over.jpg\" alt=\"Horti Tops\" \/><\/p>\n<p>Botanikai n\u00e9v:<span id=\"column_2_uc_product_details_ctl04_lbl_ff_desc2\" class=\"value\">Cephalophora aromatica<\/span><\/p>\n<p><span id=\"column_2_uc_product_details_ctl04_lbl_ff_desc2\" class=\"value\">Anan\u00e1sz vir\u00e1g &#8211; Anan\u00e1sz<br \/>\nM\u00e1rcius k\u00f6zep\u00e9t\u0151l \u00e1prilis k\u00f6zep\u00e9ig v\u00e1z alatt vagy \u00e1prilis k\u00f6zep\u00e9t\u0151l m\u00e1jus v\u00e9g\u00e9ig \u00e1gy\u00e1sban ny\u00edlt terepen; transzplant\u00e1ci\u00f3 5\/6 h\u00e9t ut\u00e1n. \u00c9des anan\u00e1sz illatot szabad\u00edt fel, amikor a lombozatot kef\u00e9lj\u00fck. Kiv\u00e1l\u00f3 v\u00e1gott vir\u00e1g, ide\u00e1lis szeg\u00e9lyekben \u00e9s kont\u00e9nerekben.<\/span><\/p>\n<p>&nbsp;<\/p>\n<p>&nbsp;<\/p>\n<p>&nbsp;<\/p>\n","protected":false},"featured_media":28052,"comment_status":"closed","ping_status":"closed","template":"","meta":[],"product_brand":[],"product_cat":[438],"product_tag":[],"class_list":{"0":"post-28051","1":"product","2":"type-product","3":"status-publish","4":"has-post-thumbnail","6":"product_cat-horti-tops","8":"first","9":"instock","10":"taxable","11":"shipping-taxable","12":"purchasable","13":"product-type-simple"},"_links":{"self":[{"href":"https:\/\/chilimag.hu\/webshop\/wp-json\/wp\/v2\/product\/28051","targetHints":{"allow":["GET"]}}],"collection":[{"href":"https:\/\/chilimag.hu\/webshop\/wp-json\/wp\/v2\/product"}],"about":[{"href":"https:\/\/chilimag.hu\/webshop\/wp-json\/wp\/v2\/types\/product"}],"replies":[{"embeddable":true,"href":"https:\/\/chilimag.hu\/webshop\/wp-json\/wp\/v2\/comments?post=28051"}],"wp:featuredmedia":[{"embeddable":true,"href":"https:\/\/chilimag.hu\/webshop\/wp-json\/wp\/v2\/media\/28052"}],"wp:attachment":[{"href":"https:\/\/chilimag.hu\/webshop\/wp-json\/wp\/v2\/media?parent=28051"}],"wp:term":[{"taxonomy":"product_brand","embeddable":true,"href":"https:\/\/chilimag.hu\/webshop\/wp-json\/wp\/v2\/product_brand?post=28051"},{"taxonomy":"product_cat","embeddable":true,"href":"https:\/\/chilimag.hu\/webshop\/wp-json\/wp\/v2\/product_cat?post=28051"},{"taxonomy":"product_tag","embeddable":true,"href":"https:\/\/chilimag.hu\/webshop\/wp-json\/wp\/v2\/product_tag?post=28051"}],"curies":[{"name":"wp","href":"https:\/\/api.w.org\/{rel}","templated":true}]}}