{"id":28048,"date":"2024-01-27T16:00:24","date_gmt":"2024-01-27T16:00:24","guid":{"rendered":"https:\/\/chilimag.hu\/webshop\/?post_type=product&#038;p=28048"},"modified":"2025-06-20T16:04:50","modified_gmt":"2025-06-20T16:04:50","slug":"paradicsom-4-fele-koktel-ht-h","status":"publish","type":"product","link":"https:\/\/chilimag.hu\/webshop\/termek\/paradicsom-4-fele-koktel-ht-h\/","title":{"rendered":"Paradicsom 4 f\u00e9le kokt\u00e9l Ht H"},"content":{"rendered":"","protected":false},"excerpt":{"rendered":"<p><img decoding=\"async\" class=\"img-responsive\" title=\"Horti Tops\" src=\"https:\/\/tuinplus.nl\/Documents\/Images\/Banners\/Horti_Tops_Roll_Over.jpg\" alt=\"Horti Tops\" \/><\/p>\n<p>Cseresznyeparadicsom &#8211; Kever\u00e9k<br \/>\nKora tavasszal v\u00e9dett mag\u00e1gyban 20\u00b0C-on vagy k\u00e9s\u0151bb szabadban, keretben; sz\u00farjuk ki egyszer \u00e9s \u00fcltess\u00fck ki cser\u00e9pbe \u00fcveg al\u00e1.<br \/>\n4 fajta, k\u00fcl\u00f6n csomagolva: Cseresznyeparadicsom Sweetie red &#8211; Cereza amarilla s\u00e1rga &#8211; Bottondoro narancs &#8211; Fekete Cseresznye fekete.<\/p>\n","protected":false},"featured_media":28049,"comment_status":"closed","ping_status":"closed","template":"","meta":[],"product_brand":[],"product_cat":[438],"product_tag":[],"class_list":{"0":"post-28048","1":"product","2":"type-product","3":"status-publish","4":"has-post-thumbnail","6":"product_cat-horti-tops","8":"first","9":"outofstock","10":"taxable","11":"shipping-taxable","12":"purchasable","13":"product-type-simple"},"_links":{"self":[{"href":"https:\/\/chilimag.hu\/webshop\/wp-json\/wp\/v2\/product\/28048","targetHints":{"allow":["GET"]}}],"collection":[{"href":"https:\/\/chilimag.hu\/webshop\/wp-json\/wp\/v2\/product"}],"about":[{"href":"https:\/\/chilimag.hu\/webshop\/wp-json\/wp\/v2\/types\/product"}],"replies":[{"embeddable":true,"href":"https:\/\/chilimag.hu\/webshop\/wp-json\/wp\/v2\/comments?post=28048"}],"wp:featuredmedia":[{"embeddable":true,"href":"https:\/\/chilimag.hu\/webshop\/wp-json\/wp\/v2\/media\/28049"}],"wp:attachment":[{"href":"https:\/\/chilimag.hu\/webshop\/wp-json\/wp\/v2\/media?parent=28048"}],"wp:term":[{"taxonomy":"product_brand","embeddable":true,"href":"https:\/\/chilimag.hu\/webshop\/wp-json\/wp\/v2\/product_brand?post=28048"},{"taxonomy":"product_cat","embeddable":true,"href":"https:\/\/chilimag.hu\/webshop\/wp-json\/wp\/v2\/product_cat?post=28048"},{"taxonomy":"product_tag","embeddable":true,"href":"https:\/\/chilimag.hu\/webshop\/wp-json\/wp\/v2\/product_tag?post=28048"}],"curies":[{"name":"wp","href":"https:\/\/api.w.org\/{rel}","templated":true}]}}