{"id":27817,"date":"2024-01-27T11:42:37","date_gmt":"2024-01-27T11:42:37","guid":{"rendered":"https:\/\/chilimag.hu\/webshop\/?post_type=product&#038;p=27817"},"modified":"2026-03-18T07:04:26","modified_gmt":"2026-03-18T07:04:26","slug":"szamoca-baron-von-solemacher-ht-h","status":"publish","type":"product","link":"https:\/\/chilimag.hu\/webshop\/termek\/szamoca-baron-von-solemacher-ht-h\/","title":{"rendered":"Szam\u00f3ca Baron von Solemacher Ht H"},"content":{"rendered":"","protected":false},"excerpt":{"rendered":"<p><img decoding=\"async\" class=\"img-responsive\" title=\"Horti Tops\" src=\"https:\/\/tuinplus.nl\/Documents\/Images\/Banners\/Horti_Tops_Roll_Over.jpg\" alt=\"Horti Tops\" \/><\/p>\n<p>Botanikai n\u00e9v: <span id=\"column_2_uc_product_details_ctl04_lbl_ff_desc2\" class=\"value\">Fragaria vesca<\/span><\/p>\n<p><span id=\"column_2_uc_product_details_ctl04_lbl_ff_desc2\" class=\"value\">Alpesi eper \u2013 Baron von Solemacher<br \/>\nKora tavasszal szapor\u00edt\u00f3ban 20\u00b0C-on vagy k\u00e9s\u0151 tavasszal hideg keretben. Sz\u00farjuk ki egyszer, \u00e9s ny\u00e1r elej\u00e9n \u00fcltess\u00fck ki. Nagyon kompakt fajta fut\u00f3k n\u00e9lk\u00fcl. Alkalmas erk\u00e9lyre, ablakp\u00e1rk\u00e1nyra vagy teraszra. A gy\u00fcm\u00f6lcs\u00f6k nagyon illatosak \u00e9s l\u00e9d\u00fasak.<\/span><\/p>\n<p>A csomag 0,25 gr magot tartalmaz<\/p>\n<p>&nbsp;<\/p>\n","protected":false},"featured_media":28028,"comment_status":"closed","ping_status":"closed","template":"","meta":[],"product_brand":[],"product_cat":[438],"product_tag":[],"class_list":{"0":"post-27817","1":"product","2":"type-product","3":"status-publish","4":"has-post-thumbnail","6":"product_cat-horti-tops","8":"first","9":"instock","10":"taxable","11":"shipping-taxable","12":"purchasable","13":"product-type-simple"},"_links":{"self":[{"href":"https:\/\/chilimag.hu\/webshop\/wp-json\/wp\/v2\/product\/27817","targetHints":{"allow":["GET"]}}],"collection":[{"href":"https:\/\/chilimag.hu\/webshop\/wp-json\/wp\/v2\/product"}],"about":[{"href":"https:\/\/chilimag.hu\/webshop\/wp-json\/wp\/v2\/types\/product"}],"replies":[{"embeddable":true,"href":"https:\/\/chilimag.hu\/webshop\/wp-json\/wp\/v2\/comments?post=27817"}],"wp:featuredmedia":[{"embeddable":true,"href":"https:\/\/chilimag.hu\/webshop\/wp-json\/wp\/v2\/media\/28028"}],"wp:attachment":[{"href":"https:\/\/chilimag.hu\/webshop\/wp-json\/wp\/v2\/media?parent=27817"}],"wp:term":[{"taxonomy":"product_brand","embeddable":true,"href":"https:\/\/chilimag.hu\/webshop\/wp-json\/wp\/v2\/product_brand?post=27817"},{"taxonomy":"product_cat","embeddable":true,"href":"https:\/\/chilimag.hu\/webshop\/wp-json\/wp\/v2\/product_cat?post=27817"},{"taxonomy":"product_tag","embeddable":true,"href":"https:\/\/chilimag.hu\/webshop\/wp-json\/wp\/v2\/product_tag?post=27817"}],"curies":[{"name":"wp","href":"https:\/\/api.w.org\/{rel}","templated":true}]}}