{"id":27805,"date":"2024-01-27T06:33:46","date_gmt":"2024-01-27T06:33:46","guid":{"rendered":"https:\/\/chilimag.hu\/webshop\/?post_type=product&#038;p=27805"},"modified":"2026-03-23T16:26:14","modified_gmt":"2026-03-23T16:26:14","slug":"szareptai-mustar-bz-xotica-h","status":"publish","type":"product","link":"https:\/\/chilimag.hu\/webshop\/termek\/szareptai-mustar-bz-xotica-h\/","title":{"rendered":"Szareptai must\u00e1r Amsoi V\u00f6r\u00f6s Bz-Xotica H"},"content":{"rendered":"","protected":false},"excerpt":{"rendered":"<p><img fetchpriority=\"high\" decoding=\"async\" class=\"attachment-medium size-medium\" src=\"https:\/\/purchasingpowerplus.com\/wp-content\/uploads\/2021\/05\/Buzzy-Logo-300x239.jpg\" sizes=\"(max-width: 300px) 100vw, 300px\" srcset=\"https:\/\/purchasingpowerplus.com\/wp-content\/uploads\/2021\/05\/Buzzy-Logo-300x239.jpg 300w, https:\/\/purchasingpowerplus.com\/wp-content\/uploads\/2021\/05\/Buzzy-Logo-768x612.jpg 768w, https:\/\/purchasingpowerplus.com\/wp-content\/uploads\/2021\/05\/Buzzy-Logo-1024x816.jpg 1024w, https:\/\/purchasingpowerplus.com\/wp-content\/uploads\/2021\/05\/Buzzy-Logo.jpg 1500w\" alt=\"\" width=\"300\" height=\"239\" \/><\/p>\n<p>Botanikai n\u00e9v:<span id=\"column_2_uc_product_details_ctl04_lbl_ff_desc2\" class=\"value\">Brassica juncea<\/span><\/p>\n<p><span id=\"column_2_uc_product_details_ctl04_lbl_ff_desc2\" class=\"value\">Amsoi &#8211; Piros<br \/>\nVesse \u00fcveg al\u00e1 m\u00e1rciust\u00f3l szeptemberig, vagy a szabadban j\u00falius k\u00f6zep\u00e9t\u0151l szeptember elej\u00e9ig. Vets\u00fck sorokba egym\u00e1st\u00f3l 20 cm-re, \u00e9s ritk\u00edtsuk sork\u00f6zzel<br \/>\n20 cm a n\u00f6v\u00e9nyek k\u00f6z\u00f6tt.<br \/>\nA ritk\u00edtott pal\u00e1nt\u00e1k finomak, minden n\u00f6v\u00e9nyb\u0151l t\u00f6bb dugv\u00e1nyt is lehet szedni. Haszn\u00e1lja sal\u00e1t\u00e1khoz \u00e9s s\u00fclt krumplihoz.<\/span><\/p>\n<p>A csomag 3 gr magot tartalmaz<\/p>\n","protected":false},"featured_media":28043,"comment_status":"closed","ping_status":"closed","template":"","meta":[],"product_brand":[],"product_cat":[440],"product_tag":[],"class_list":{"0":"post-27805","1":"product","2":"type-product","3":"status-publish","4":"has-post-thumbnail","6":"product_cat-xotica-collection","8":"first","9":"instock","10":"taxable","11":"shipping-taxable","12":"purchasable","13":"product-type-simple"},"_links":{"self":[{"href":"https:\/\/chilimag.hu\/webshop\/wp-json\/wp\/v2\/product\/27805","targetHints":{"allow":["GET"]}}],"collection":[{"href":"https:\/\/chilimag.hu\/webshop\/wp-json\/wp\/v2\/product"}],"about":[{"href":"https:\/\/chilimag.hu\/webshop\/wp-json\/wp\/v2\/types\/product"}],"replies":[{"embeddable":true,"href":"https:\/\/chilimag.hu\/webshop\/wp-json\/wp\/v2\/comments?post=27805"}],"wp:featuredmedia":[{"embeddable":true,"href":"https:\/\/chilimag.hu\/webshop\/wp-json\/wp\/v2\/media\/28043"}],"wp:attachment":[{"href":"https:\/\/chilimag.hu\/webshop\/wp-json\/wp\/v2\/media?parent=27805"}],"wp:term":[{"taxonomy":"product_brand","embeddable":true,"href":"https:\/\/chilimag.hu\/webshop\/wp-json\/wp\/v2\/product_brand?post=27805"},{"taxonomy":"product_cat","embeddable":true,"href":"https:\/\/chilimag.hu\/webshop\/wp-json\/wp\/v2\/product_cat?post=27805"},{"taxonomy":"product_tag","embeddable":true,"href":"https:\/\/chilimag.hu\/webshop\/wp-json\/wp\/v2\/product_tag?post=27805"}],"curies":[{"name":"wp","href":"https:\/\/api.w.org\/{rel}","templated":true}]}}