{"id":27799,"date":"2024-01-27T06:25:22","date_gmt":"2024-01-27T06:25:22","guid":{"rendered":"https:\/\/chilimag.hu\/webshop\/?post_type=product&#038;p=27799"},"modified":"2026-02-21T20:20:37","modified_gmt":"2026-02-21T20:20:37","slug":"borso-ezethas-krombek-blauwschok-bz-h","status":"publish","type":"product","link":"https:\/\/chilimag.hu\/webshop\/termek\/borso-ezethas-krombek-blauwschok-bz-h\/","title":{"rendered":"Bors\u00f3 Ezetha\u2019s Krombek Blauwschok Capucciner Bz H"},"content":{"rendered":"","protected":false},"excerpt":{"rendered":"<p><img fetchpriority=\"high\" decoding=\"async\" class=\"attachment-medium size-medium\" src=\"https:\/\/purchasingpowerplus.com\/wp-content\/uploads\/2021\/05\/Buzzy-Logo-300x239.jpg\" sizes=\"(max-width: 300px) 100vw, 300px\" srcset=\"https:\/\/purchasingpowerplus.com\/wp-content\/uploads\/2021\/05\/Buzzy-Logo-300x239.jpg 300w, https:\/\/purchasingpowerplus.com\/wp-content\/uploads\/2021\/05\/Buzzy-Logo-768x612.jpg 768w, https:\/\/purchasingpowerplus.com\/wp-content\/uploads\/2021\/05\/Buzzy-Logo-1024x816.jpg 1024w, https:\/\/purchasingpowerplus.com\/wp-content\/uploads\/2021\/05\/Buzzy-Logo.jpg 1500w\" alt=\"\" width=\"300\" height=\"239\" \/><\/p>\n<p>Botanikai n\u00e9v:\u00a0<span id=\"column_2_uc_product_details_ctl04_lbl_ff_desc2\" class=\"value\">Pisum sativum<\/span><\/p>\n<p><span id=\"column_2_uc_product_details_ctl04_lbl_ff_desc2\" class=\"value\">Ezetha\u2019s Krombek Blue-Podded<br \/>\nM\u00e1rcius elej\u00e9t\u0151l m\u00e1jus k\u00f6zep\u00e9ig vess\u00fck a szabadba sorokban, 2\/3 cm m\u00e9lyen. Ahhoz, hogy j\u00f3l n\u00f6vekedjen, a<br \/>\na sz\u0151l\u0151knek 150 cm-es magass\u00e1gukhoz t\u00e1maszt\u00e1sra van sz\u00fcks\u00e9g\u00fck r\u00e1cs vagy dr\u00f3th\u00e1l\u00f3 seg\u00edts\u00e9g\u00e9vel.<br \/>\nRendk\u00edv\u00fcl produkt\u00edv \u00e9s \u00edzletes fajta.<\/span><\/p>\n<p>&nbsp;<\/p>\n","protected":false},"featured_media":28040,"comment_status":"closed","ping_status":"closed","template":"","meta":[],"product_brand":[],"product_cat":[439],"product_tag":[],"class_list":{"0":"post-27799","1":"product","2":"type-product","3":"status-publish","4":"has-post-thumbnail","6":"product_cat-buzzy","8":"first","9":"instock","10":"taxable","11":"shipping-taxable","12":"purchasable","13":"product-type-simple"},"_links":{"self":[{"href":"https:\/\/chilimag.hu\/webshop\/wp-json\/wp\/v2\/product\/27799","targetHints":{"allow":["GET"]}}],"collection":[{"href":"https:\/\/chilimag.hu\/webshop\/wp-json\/wp\/v2\/product"}],"about":[{"href":"https:\/\/chilimag.hu\/webshop\/wp-json\/wp\/v2\/types\/product"}],"replies":[{"embeddable":true,"href":"https:\/\/chilimag.hu\/webshop\/wp-json\/wp\/v2\/comments?post=27799"}],"wp:featuredmedia":[{"embeddable":true,"href":"https:\/\/chilimag.hu\/webshop\/wp-json\/wp\/v2\/media\/28040"}],"wp:attachment":[{"href":"https:\/\/chilimag.hu\/webshop\/wp-json\/wp\/v2\/media?parent=27799"}],"wp:term":[{"taxonomy":"product_brand","embeddable":true,"href":"https:\/\/chilimag.hu\/webshop\/wp-json\/wp\/v2\/product_brand?post=27799"},{"taxonomy":"product_cat","embeddable":true,"href":"https:\/\/chilimag.hu\/webshop\/wp-json\/wp\/v2\/product_cat?post=27799"},{"taxonomy":"product_tag","embeddable":true,"href":"https:\/\/chilimag.hu\/webshop\/wp-json\/wp\/v2\/product_tag?post=27799"}],"curies":[{"name":"wp","href":"https:\/\/api.w.org\/{rel}","templated":true}]}}