{"id":27753,"date":"2024-01-26T20:15:19","date_gmt":"2024-01-26T20:15:19","guid":{"rendered":"https:\/\/chilimag.hu\/webshop\/?post_type=product&#038;p=27753"},"modified":"2026-04-01T05:29:46","modified_gmt":"2026-04-01T05:29:46","slug":"bazsalikom-voros-salatalevelu-bz-h","status":"publish","type":"product","link":"https:\/\/chilimag.hu\/webshop\/termek\/bazsalikom-voros-salatalevelu-bz-h\/","title":{"rendered":"Bazsalikom v\u00f6r\u00f6s sal\u00e1talevel\u0171 Bz H"},"content":{"rendered":"","protected":false},"excerpt":{"rendered":"<p><img fetchpriority=\"high\" decoding=\"async\" class=\"attachment-medium size-medium\" src=\"https:\/\/purchasingpowerplus.com\/wp-content\/uploads\/2021\/05\/Buzzy-Logo-300x239.jpg\" sizes=\"(max-width: 300px) 100vw, 300px\" srcset=\"https:\/\/purchasingpowerplus.com\/wp-content\/uploads\/2021\/05\/Buzzy-Logo-300x239.jpg 300w, https:\/\/purchasingpowerplus.com\/wp-content\/uploads\/2021\/05\/Buzzy-Logo-768x612.jpg 768w, https:\/\/purchasingpowerplus.com\/wp-content\/uploads\/2021\/05\/Buzzy-Logo-1024x816.jpg 1024w, https:\/\/purchasingpowerplus.com\/wp-content\/uploads\/2021\/05\/Buzzy-Logo.jpg 1500w\" alt=\"\" width=\"300\" height=\"239\" \/><\/p>\n<p>Botanikai n\u00e9v:<span id=\"column_2_uc_product_details_ctl04_lbl_ff_desc2\" class=\"value\">Ocimum basilicum<\/span><\/p>\n<p><span id=\"column_2_uc_product_details_ctl04_lbl_ff_desc2\" class=\"value\">\u00c9des bazsalikom \u2013 Red Lizzy (v\u00f6r\u00f6s sal\u00e1talev\u00e9l)<br \/>\nM\u00e1just\u00f3l j\u00faliusig vess\u00fck szapor\u00edt\u00f3g\u00e9pbe, \u00e9s k\u00f6r\u00fclbel\u00fcl n\u00e9gy h\u00e9t m\u00falva \u00fcltess\u00fck ki, vagy \u00fcltess\u00fck cser\u00e9pbe. Ez az egyed\u00fcl\u00e1ll\u00f3 v\u00f6r\u00f6s sal\u00e1talevel\u0171 bazsalikom extra nagy levelekkel \u00e9s jellegzetes arom\u00e1s \u00edzzel rendelkezik. Pr\u00f3b\u00e1lja ki ezt a bazsalikomot paradicsom aljn\u00f6v\u00e9nyzetek\u00e9nt az \u00fcvegh\u00e1zban.<\/span><\/p>\n<p>&nbsp;<\/p>\n","protected":false},"featured_media":27754,"comment_status":"closed","ping_status":"closed","template":"","meta":[],"product_brand":[],"product_cat":[439],"product_tag":[],"class_list":{"0":"post-27753","1":"product","2":"type-product","3":"status-publish","4":"has-post-thumbnail","6":"product_cat-buzzy","8":"first","9":"instock","10":"taxable","11":"shipping-taxable","12":"purchasable","13":"product-type-simple"},"_links":{"self":[{"href":"https:\/\/chilimag.hu\/webshop\/wp-json\/wp\/v2\/product\/27753","targetHints":{"allow":["GET"]}}],"collection":[{"href":"https:\/\/chilimag.hu\/webshop\/wp-json\/wp\/v2\/product"}],"about":[{"href":"https:\/\/chilimag.hu\/webshop\/wp-json\/wp\/v2\/types\/product"}],"replies":[{"embeddable":true,"href":"https:\/\/chilimag.hu\/webshop\/wp-json\/wp\/v2\/comments?post=27753"}],"wp:featuredmedia":[{"embeddable":true,"href":"https:\/\/chilimag.hu\/webshop\/wp-json\/wp\/v2\/media\/27754"}],"wp:attachment":[{"href":"https:\/\/chilimag.hu\/webshop\/wp-json\/wp\/v2\/media?parent=27753"}],"wp:term":[{"taxonomy":"product_brand","embeddable":true,"href":"https:\/\/chilimag.hu\/webshop\/wp-json\/wp\/v2\/product_brand?post=27753"},{"taxonomy":"product_cat","embeddable":true,"href":"https:\/\/chilimag.hu\/webshop\/wp-json\/wp\/v2\/product_cat?post=27753"},{"taxonomy":"product_tag","embeddable":true,"href":"https:\/\/chilimag.hu\/webshop\/wp-json\/wp\/v2\/product_tag?post=27753"}],"curies":[{"name":"wp","href":"https:\/\/api.w.org\/{rel}","templated":true}]}}