{"id":27644,"date":"2024-01-26T06:08:06","date_gmt":"2024-01-26T06:08:06","guid":{"rendered":"https:\/\/chilimag.hu\/webshop\/?post_type=product&#038;p=27644"},"modified":"2025-01-02T20:01:10","modified_gmt":"2025-01-02T20:01:10","slug":"rozsas-cink-kaspo-rd46","status":"publish","type":"product","link":"https:\/\/chilimag.hu\/webshop\/termek\/rozsas-cink-kaspo-rd46\/","title":{"rendered":"R\u00f3zs\u00e1s cink kasp\u00f3 (RD46)"},"content":{"rendered":"","protected":false},"excerpt":{"rendered":"<p>Vir\u00e1gcser\u00e9p, r\u00e9gies cink bels\u0151vel, r\u00f3zsa mint\u00e1s nyomattal.Vir\u00e1gcser\u00e9p, r\u00e9gies cink bels\u0151vel, r\u00f3zsa mint\u00e1s nyomattal.<br \/>\n\u0170rtartalom: 1,9 liter<\/p>\n<p>M\u00e9ret 15.9&#215;14.2 cm<\/p>\n","protected":false},"featured_media":27645,"comment_status":"closed","ping_status":"closed","template":"","meta":[],"product_brand":[],"product_cat":[336],"product_tag":[],"class_list":{"0":"post-27644","1":"product","2":"type-product","3":"status-publish","4":"has-post-thumbnail","6":"product_cat-vetotalcak-ulteto-cserepek-es-palanta-nevelok","8":"first","9":"instock","10":"taxable","11":"shipping-taxable","12":"purchasable","13":"product-type-simple"},"_links":{"self":[{"href":"https:\/\/chilimag.hu\/webshop\/wp-json\/wp\/v2\/product\/27644","targetHints":{"allow":["GET"]}}],"collection":[{"href":"https:\/\/chilimag.hu\/webshop\/wp-json\/wp\/v2\/product"}],"about":[{"href":"https:\/\/chilimag.hu\/webshop\/wp-json\/wp\/v2\/types\/product"}],"replies":[{"embeddable":true,"href":"https:\/\/chilimag.hu\/webshop\/wp-json\/wp\/v2\/comments?post=27644"}],"wp:featuredmedia":[{"embeddable":true,"href":"https:\/\/chilimag.hu\/webshop\/wp-json\/wp\/v2\/media\/27645"}],"wp:attachment":[{"href":"https:\/\/chilimag.hu\/webshop\/wp-json\/wp\/v2\/media?parent=27644"}],"wp:term":[{"taxonomy":"product_brand","embeddable":true,"href":"https:\/\/chilimag.hu\/webshop\/wp-json\/wp\/v2\/product_brand?post=27644"},{"taxonomy":"product_cat","embeddable":true,"href":"https:\/\/chilimag.hu\/webshop\/wp-json\/wp\/v2\/product_cat?post=27644"},{"taxonomy":"product_tag","embeddable":true,"href":"https:\/\/chilimag.hu\/webshop\/wp-json\/wp\/v2\/product_tag?post=27644"}],"curies":[{"name":"wp","href":"https:\/\/api.w.org\/{rel}","templated":true}]}}