{"id":27641,"date":"2024-01-26T06:00:11","date_gmt":"2024-01-26T06:00:11","guid":{"rendered":"https:\/\/chilimag.hu\/webshop\/?post_type=product&#038;p=27641"},"modified":"2025-01-02T20:01:26","modified_gmt":"2025-01-02T20:01:26","slug":"rozsas-homero","status":"publish","type":"product","link":"https:\/\/chilimag.hu\/webshop\/termek\/rozsas-homero\/","title":{"rendered":"R\u00f3zs\u00e1s H\u0151m\u00e9r\u0151"},"content":{"rendered":"","protected":false},"excerpt":{"rendered":"<p>H\u0151m\u00e9r\u0151 r\u00f3zsa mint\u00e1s plaketten.<\/p>\n","protected":false},"featured_media":27651,"comment_status":"closed","ping_status":"closed","template":"","meta":[],"product_brand":[],"product_cat":[342,467],"product_tag":[],"class_list":{"0":"post-27641","1":"product","2":"type-product","3":"status-publish","4":"has-post-thumbnail","6":"product_cat-egyeb-kerti-termekek","7":"product_cat-locsolas-viz-es-talaj-vizsgalo-eszkozok","9":"first","10":"instock","11":"taxable","12":"shipping-taxable","13":"purchasable","14":"product-type-simple"},"_links":{"self":[{"href":"https:\/\/chilimag.hu\/webshop\/wp-json\/wp\/v2\/product\/27641","targetHints":{"allow":["GET"]}}],"collection":[{"href":"https:\/\/chilimag.hu\/webshop\/wp-json\/wp\/v2\/product"}],"about":[{"href":"https:\/\/chilimag.hu\/webshop\/wp-json\/wp\/v2\/types\/product"}],"replies":[{"embeddable":true,"href":"https:\/\/chilimag.hu\/webshop\/wp-json\/wp\/v2\/comments?post=27641"}],"wp:featuredmedia":[{"embeddable":true,"href":"https:\/\/chilimag.hu\/webshop\/wp-json\/wp\/v2\/media\/27651"}],"wp:attachment":[{"href":"https:\/\/chilimag.hu\/webshop\/wp-json\/wp\/v2\/media?parent=27641"}],"wp:term":[{"taxonomy":"product_brand","embeddable":true,"href":"https:\/\/chilimag.hu\/webshop\/wp-json\/wp\/v2\/product_brand?post=27641"},{"taxonomy":"product_cat","embeddable":true,"href":"https:\/\/chilimag.hu\/webshop\/wp-json\/wp\/v2\/product_cat?post=27641"},{"taxonomy":"product_tag","embeddable":true,"href":"https:\/\/chilimag.hu\/webshop\/wp-json\/wp\/v2\/product_tag?post=27641"}],"curies":[{"name":"wp","href":"https:\/\/api.w.org\/{rel}","templated":true}]}}