{"id":27638,"date":"2024-01-26T05:54:30","date_gmt":"2024-01-26T05:54:30","guid":{"rendered":"https:\/\/chilimag.hu\/webshop\/?post_type=product&#038;p=27638"},"modified":"2026-01-03T13:50:21","modified_gmt":"2026-01-03T13:50:21","slug":"mehecskes-kezi-aso-bee030","status":"publish","type":"product","link":"https:\/\/chilimag.hu\/webshop\/termek\/mehecskes-kezi-aso-bee030\/","title":{"rendered":"M\u00e9hecsk\u00e9s k\u00e9zi \u00e1s\u00f3 (BEE030)"},"content":{"rendered":"","protected":false},"excerpt":{"rendered":"<p><span data-sheets-value=\"{\" data-sheets-userformat=\"{\">M\u00e9hecske mint\u00e1s f\u00e9m k\u00e9zi \u00e1s\u00f3 kisebb kerti munk\u00e1latokhoz. Alkalmas hobbi kertek karbantart\u00e1s\u00e1ra, erk\u00e9lyen \u00e9s teraszon a pal\u00e1nt\u00e1k el\u00fcltet\u00e9s\u00e9re, vir\u00e1gok \u00e1t\u00fcltet\u00e9s\u00e9re, vagy ak\u00e1r a vir\u00e1gf\u00f6ld p\u00f3tl\u00e1s\u00e1ra is.<br \/>\n<\/span><\/p>\n<p>&nbsp;<\/p>\n<p>M\u00e9rete: magass\u00e1g: 3\u00a0cm, hossz\u00fas\u00e1g: 7,9 cm, sz\u00e9less\u00e9g: 27,6 cm<\/p>\n","protected":false},"featured_media":27639,"comment_status":"closed","ping_status":"closed","template":"","meta":[],"product_brand":[],"product_cat":[394],"product_tag":[],"class_list":{"0":"post-27638","1":"product","2":"type-product","3":"status-publish","4":"has-post-thumbnail","6":"product_cat-kerti-szerszamok","8":"first","9":"instock","10":"taxable","11":"shipping-taxable","12":"purchasable","13":"product-type-simple"},"_links":{"self":[{"href":"https:\/\/chilimag.hu\/webshop\/wp-json\/wp\/v2\/product\/27638","targetHints":{"allow":["GET"]}}],"collection":[{"href":"https:\/\/chilimag.hu\/webshop\/wp-json\/wp\/v2\/product"}],"about":[{"href":"https:\/\/chilimag.hu\/webshop\/wp-json\/wp\/v2\/types\/product"}],"replies":[{"embeddable":true,"href":"https:\/\/chilimag.hu\/webshop\/wp-json\/wp\/v2\/comments?post=27638"}],"wp:featuredmedia":[{"embeddable":true,"href":"https:\/\/chilimag.hu\/webshop\/wp-json\/wp\/v2\/media\/27639"}],"wp:attachment":[{"href":"https:\/\/chilimag.hu\/webshop\/wp-json\/wp\/v2\/media?parent=27638"}],"wp:term":[{"taxonomy":"product_brand","embeddable":true,"href":"https:\/\/chilimag.hu\/webshop\/wp-json\/wp\/v2\/product_brand?post=27638"},{"taxonomy":"product_cat","embeddable":true,"href":"https:\/\/chilimag.hu\/webshop\/wp-json\/wp\/v2\/product_cat?post=27638"},{"taxonomy":"product_tag","embeddable":true,"href":"https:\/\/chilimag.hu\/webshop\/wp-json\/wp\/v2\/product_tag?post=27638"}],"curies":[{"name":"wp","href":"https:\/\/api.w.org\/{rel}","templated":true}]}}