{"id":27491,"date":"2024-01-21T09:29:58","date_gmt":"2024-01-21T09:29:58","guid":{"rendered":"https:\/\/chilimag.hu\/webshop\/?post_type=product&#038;p=27491"},"modified":"2024-01-25T19:09:09","modified_gmt":"2024-01-25T19:09:09","slug":"gyomlalo-gt11","status":"publish","type":"product","link":"https:\/\/chilimag.hu\/webshop\/termek\/gyomlalo-gt11\/","title":{"rendered":"Gyoml\u00e1l\u00f3 GT11"},"content":{"rendered":"","protected":false},"excerpt":{"rendered":"<p>Gyoml\u00e1l\u00f3 fa ny\u00e9llel.<br \/>\nM\u00e9rete: hossz: 37 cm, sz\u00e9less\u00e9g: 5 cm, m\u00e9lys\u00e9g: 6 cm<\/p>\n","protected":false},"featured_media":27592,"comment_status":"closed","ping_status":"closed","template":"","meta":[],"product_brand":[],"product_cat":[394],"product_tag":[],"class_list":{"0":"post-27491","1":"product","2":"type-product","3":"status-publish","4":"has-post-thumbnail","6":"product_cat-kerti-szerszamok","8":"first","9":"instock","10":"taxable","11":"shipping-taxable","12":"purchasable","13":"product-type-simple"},"_links":{"self":[{"href":"https:\/\/chilimag.hu\/webshop\/wp-json\/wp\/v2\/product\/27491","targetHints":{"allow":["GET"]}}],"collection":[{"href":"https:\/\/chilimag.hu\/webshop\/wp-json\/wp\/v2\/product"}],"about":[{"href":"https:\/\/chilimag.hu\/webshop\/wp-json\/wp\/v2\/types\/product"}],"replies":[{"embeddable":true,"href":"https:\/\/chilimag.hu\/webshop\/wp-json\/wp\/v2\/comments?post=27491"}],"wp:featuredmedia":[{"embeddable":true,"href":"https:\/\/chilimag.hu\/webshop\/wp-json\/wp\/v2\/media\/27592"}],"wp:attachment":[{"href":"https:\/\/chilimag.hu\/webshop\/wp-json\/wp\/v2\/media?parent=27491"}],"wp:term":[{"taxonomy":"product_brand","embeddable":true,"href":"https:\/\/chilimag.hu\/webshop\/wp-json\/wp\/v2\/product_brand?post=27491"},{"taxonomy":"product_cat","embeddable":true,"href":"https:\/\/chilimag.hu\/webshop\/wp-json\/wp\/v2\/product_cat?post=27491"},{"taxonomy":"product_tag","embeddable":true,"href":"https:\/\/chilimag.hu\/webshop\/wp-json\/wp\/v2\/product_tag?post=27491"}],"curies":[{"name":"wp","href":"https:\/\/api.w.org\/{rel}","templated":true}]}}