{"id":274,"date":"2014-11-09T17:31:59","date_gmt":"2014-11-09T17:31:59","guid":{"rendered":"https:\/\/chilimag.hu\/webshop\/?post_type=product&#038;p=274"},"modified":"2025-08-11T09:16:00","modified_gmt":"2025-08-11T09:16:00","slug":"numex-twilight","status":"publish","type":"product","link":"https:\/\/chilimag.hu\/webshop\/termek\/numex-twilight\/","title":{"rendered":"Numex Twilight"},"content":{"rendered":"","protected":false},"excerpt":{"rendered":"<div id=\"productDescription\" class=\"content\">\n<p><img decoding=\"async\" src=\"https:\/\/chilimag.hu\/webshop\/wp-content\/uploads\/2014\/11\/chilimag-logo-2-150x150.jpg\" \/><\/p>\n<p>&nbsp;<\/p>\n<p>Le\u00edr\u00e1s<\/p>\n<p>A NuMex Twilight Chili az \u00daj-Mexik\u00f3i \u00c1llami Egyetem Chile Pepper Institute teny\u00e9szt\u00e9se, \u00e9s egy igazi k\u00e1b\u00edt\u00f3szer. Sz\u00e1mtalan apr\u00f3, fel\u00e1ll\u00f3 chili n\u0151 bokros n\u00f6v\u00e9nyeken, \u00e9s a naplemente gy\u00f6ny\u00f6r\u0171 sz\u00ednj\u00e1t\u00e9k\u00e1ban \u00e9rik a feh\u00e9rt\u0151l a lil\u00e1n, s\u00e1rg\u00e1n \u00e9s narancson \u00e1t a pirosig. A h\u00fcvelyek 1 x 2 cm nagyok \u00e9s nagyon forr\u00f3ak, \u00e9s j\u00f3l haszn\u00e1lhat\u00f3k m\u00e1rt\u00e1sokhoz, sals\u00e1khoz \u00e9s sz\u00e1r\u00edt\u00e1shoz. A cserepekben a n\u00f6v\u00e9nyek kicsik maradnak (kb. 30 cm), \u00e9s ide\u00e1lisak ablakp\u00e1rk\u00e1nyra; szabadban el\u00e9rik a 75 cm-es magass\u00e1got.<\/p>\n<p>Gondoz\u00e1sa: A cs\u00edr\u00e1z\u00e1si h\u0151m\u00e9rs\u00e9klet 20 \u00e9s 28\u00b0C k\u00f6z\u00f6tt van (8-21 napos cs\u00edr\u00e1z\u00e1si id\u0151szak), ez\u00e9rt \u00fcvegh\u00e1z \u00e9s f\u0171t\u0151sz\u0151nyeg haszn\u00e1lata javasolt. A n\u00f6v\u00e9nyeknek friss, j\u00f3l tr\u00e1gy\u00e1zott, v\u00edz\u00e1tereszt\u0151 talajra van sz\u00fcks\u00e9g\u00fck, nem t\u0171rik a bevizesed\u00e9st. Napos, v\u00e9dett helyre \u00fcltess\u00fck, ahol legal\u00e1bb 6 \u00f3ra \u2013 lehet\u0151leg t\u00f6bb \u2013 napf\u00e9ny \u00e9ri. Tedd ki a n\u00f6v\u00e9nyeket kb. 2-3 h\u00e9ttel az utols\u00f3 fagy ut\u00e1n.<\/p>\n<p>Capsicum annuum t\u00edpus<br \/>\nF\u0171szeress\u00e9gi szint 7<br \/>\nScoville 15 000 &#8211; 30 000 SHU<br \/>\noptim\u00e1lis cs\u00edr\u00e1z\u00e1si h\u0151m\u00e9rs\u00e9klet 20 &#8211; 28 \u00b0C<br \/>\nVet\u00e9s febru\u00e1r &#8211; \u00e1pr.<br \/>\nVir\u00e1gok feh\u00e9rek (m\u00e1jus-j\u00falius)<br \/>\nN\u00f6v\u00e9nyn\u00f6veked\u00e9si szok\u00e1s bokros, kb. 75 cm magas<br \/>\nFeh\u00e9rt\u0151l lil\u00e1ig, s\u00e1rg\u00e1t\u00f3l \u00e9s narancst\u00f3l pirosig \u00e9rik<br \/>\nA gy\u00fcm\u00f6lcs megjelen\u00e9se fel\u00e1ll\u00f3, kb. 1 x 2 cm<br \/>\n\u00c9r\u00e9si id\u0151 65-95 nap<br \/>\nSz\u00e1rmaz\u00e1sa USA<\/p>\n<p>A csomag 10 szem \u00a0magot tartalmaz<\/p>\n<\/div>\n","protected":false},"featured_media":275,"comment_status":"open","ping_status":"closed","template":"","meta":[],"product_brand":[],"product_cat":[8],"product_tag":[],"class_list":{"0":"post-274","1":"product","2":"type-product","3":"status-publish","4":"has-post-thumbnail","6":"product_cat-paprika","8":"first","9":"outofstock","10":"taxable","11":"shipping-taxable","12":"purchasable","13":"product-type-simple"},"_links":{"self":[{"href":"https:\/\/chilimag.hu\/webshop\/wp-json\/wp\/v2\/product\/274","targetHints":{"allow":["GET"]}}],"collection":[{"href":"https:\/\/chilimag.hu\/webshop\/wp-json\/wp\/v2\/product"}],"about":[{"href":"https:\/\/chilimag.hu\/webshop\/wp-json\/wp\/v2\/types\/product"}],"replies":[{"embeddable":true,"href":"https:\/\/chilimag.hu\/webshop\/wp-json\/wp\/v2\/comments?post=274"}],"wp:featuredmedia":[{"embeddable":true,"href":"https:\/\/chilimag.hu\/webshop\/wp-json\/wp\/v2\/media\/275"}],"wp:attachment":[{"href":"https:\/\/chilimag.hu\/webshop\/wp-json\/wp\/v2\/media?parent=274"}],"wp:term":[{"taxonomy":"product_brand","embeddable":true,"href":"https:\/\/chilimag.hu\/webshop\/wp-json\/wp\/v2\/product_brand?post=274"},{"taxonomy":"product_cat","embeddable":true,"href":"https:\/\/chilimag.hu\/webshop\/wp-json\/wp\/v2\/product_cat?post=274"},{"taxonomy":"product_tag","embeddable":true,"href":"https:\/\/chilimag.hu\/webshop\/wp-json\/wp\/v2\/product_tag?post=274"}],"curies":[{"name":"wp","href":"https:\/\/api.w.org\/{rel}","templated":true}]}}