{"id":27173,"date":"2024-01-17T19:41:30","date_gmt":"2024-01-17T19:41:30","guid":{"rendered":"https:\/\/chilimag.hu\/webshop\/?post_type=product&#038;p=27173"},"modified":"2026-04-10T07:24:32","modified_gmt":"2026-04-10T07:24:32","slug":"gorogdinnye-cream-of-saskatchewan-b-s","status":"publish","type":"product","link":"https:\/\/chilimag.hu\/webshop\/termek\/gorogdinnye-cream-of-saskatchewan-b-s\/","title":{"rendered":"G\u00f6r\u00f6gdinnye Cream of Saskatchewan B-S"},"content":{"rendered":"","protected":false},"excerpt":{"rendered":"<p>Megb\u00edzhat\u00f3, korai k\u00fcl\u00f6nleges dinnye. A 2-3 kg k\u00f6r\u00fcli gy\u00fcm\u00f6lcs\u00f6k csak v\u00e9kony h\u00e9j\u00faak, feh\u00e9r, kr\u00e9mes \u00e9s arom\u00e1s p\u00e9pet tartalmaznak, ami nagyon eml\u00e9keztet a fagylaltra. Eredetileg orosz bev\u00e1ndorl\u00f3k hozt\u00e1k be Kanad\u00e1ba, \u00e9vtizedek \u00f3ta n\u00e9pszer\u0171, h\u0171v\u00f6sebb k\u00f6r\u00fclm\u00e9nyek k\u00f6z\u00f6tt is megb\u00edzhat\u00f3an termeszthet\u0151. A legjobb min\u0151s\u00e9g, ha frissen sz\u00fcretelik a kertb\u0151l \u00e9s k\u00f6zvetlen\u00fcl az asztalra viszik<\/p>\n<p>Citrullus lanatus<br \/>\nA s\u00e1rgadinnye m\u00e9rs\u00e9kelten n\u0151, \u00e9s n\u00f6v\u00e9nyenk\u00e9nt k\u00f6r\u00fclbel\u00fcl 1-2 n\u00e9gyzetm\u00e9tert ig\u00e9nyel<br \/>\nA legjobb eredm\u00e9nyt az el\u0151m\u0171vel\u00e9s \u00e9ri el \u00fcvegh\u00e1zban \u00e1prilis elej\u00e9t\u0151l vet\u00e9ssel, majd az \u00fcltet\u00e9ssel. A szabadf\u00f6ld\u00f6n a dinnye mulcsfilmet \u00e9lvez<\/p>\n<p>Egy sz\u00e9p \u00e9s meleg ny\u00e1ron a p\u00e9p t\u00f6bb cukrot tartalmaz, mint egy hideg ny\u00e1ron<\/p>\n<p>A magokat belt\u00e9rben, \u00e1prilis elej\u00e9t\u0151l 24-28 \u00b0C-on k\u00f6zvetlen\u00fcl, 1-2 maggal a kis cser\u00e9pben vetj\u00fck, ne tartsuk t\u00fal nedvesen a cserepeket, vagy m\u00e1jus k\u00f6zep\u00e9t\u0151l a szabadba, meleg helyen.<\/p>\n<p>Lehets\u00e9ges k\u00e1rtev\u0151k: tetvek, egerek, lisztharmat, pen\u00e9sz, v\u00edrusos betegs\u00e9gek<\/p>\n<p>A csomag 10 szem magot tartalmaz<\/p>\n<p>&nbsp;<\/p>\n","protected":false},"featured_media":27471,"comment_status":"closed","ping_status":"closed","template":"","meta":[],"product_brand":[],"product_cat":[331],"product_tag":[],"class_list":{"0":"post-27173","1":"product","2":"type-product","3":"status-publish","4":"has-post-thumbnail","6":"product_cat-gyumolcs-vetomagok-egyeb-es-kulonleges-vetomagok","8":"first","9":"instock","10":"taxable","11":"shipping-taxable","12":"purchasable","13":"product-type-simple"},"_links":{"self":[{"href":"https:\/\/chilimag.hu\/webshop\/wp-json\/wp\/v2\/product\/27173","targetHints":{"allow":["GET"]}}],"collection":[{"href":"https:\/\/chilimag.hu\/webshop\/wp-json\/wp\/v2\/product"}],"about":[{"href":"https:\/\/chilimag.hu\/webshop\/wp-json\/wp\/v2\/types\/product"}],"replies":[{"embeddable":true,"href":"https:\/\/chilimag.hu\/webshop\/wp-json\/wp\/v2\/comments?post=27173"}],"wp:featuredmedia":[{"embeddable":true,"href":"https:\/\/chilimag.hu\/webshop\/wp-json\/wp\/v2\/media\/27471"}],"wp:attachment":[{"href":"https:\/\/chilimag.hu\/webshop\/wp-json\/wp\/v2\/media?parent=27173"}],"wp:term":[{"taxonomy":"product_brand","embeddable":true,"href":"https:\/\/chilimag.hu\/webshop\/wp-json\/wp\/v2\/product_brand?post=27173"},{"taxonomy":"product_cat","embeddable":true,"href":"https:\/\/chilimag.hu\/webshop\/wp-json\/wp\/v2\/product_cat?post=27173"},{"taxonomy":"product_tag","embeddable":true,"href":"https:\/\/chilimag.hu\/webshop\/wp-json\/wp\/v2\/product_tag?post=27173"}],"curies":[{"name":"wp","href":"https:\/\/api.w.org\/{rel}","templated":true}]}}