{"id":27170,"date":"2024-01-17T19:35:12","date_gmt":"2024-01-17T19:35:12","guid":{"rendered":"https:\/\/chilimag.hu\/webshop\/?post_type=product&#038;p=27170"},"modified":"2024-01-20T18:46:24","modified_gmt":"2024-01-20T18:46:24","slug":"sargadinnye-kiku-b-s","status":"publish","type":"product","link":"https:\/\/chilimag.hu\/webshop\/termek\/sargadinnye-kiku-b-s\/","title":{"rendered":"S\u00e1rgadinnye Kiku B-S"},"content":{"rendered":"","protected":false},"excerpt":{"rendered":"<p>Korai, nagy hozam\u00fa, kism\u00e9ret\u0171 feh\u00e9r p\u00e9zsmadinnye<\/p>\n<p>A Kiku egy nagyon korai \u00e9s nagyon term\u0151 kis cukordinnye Jap\u00e1nb\u00f3l. A feh\u00e9r gy\u00fcm\u00f6lcs\u00f6k k\u00f6r\u00fclbel\u00fcl 1500-200 grammosak. H\u00fasa, amely szint\u00e9n feh\u00e9r, l\u00e9d\u00fas, \u00e9des, kiss\u00e9 a k\u00f6rt\u00e9re eml\u00e9keztet. Vir\u00e1gzik az \u00fcvegh\u00e1zban \u00e9s a szabadban, meleg helyeken. Amikor a bar\u00e1zd\u00e1k m\u00e1r nem z\u00f6ldek, \u00e9s a gy\u00fcm\u00f6lcs egyik oldala halv\u00e1nys\u00e1rg\u00e1v\u00e1 v\u00e1lik, akkor l\u00e1thatja, hogy a term\u00e9s k\u00e9szen \u00e1ll a betakar\u00edt\u00e1sra.<\/p>\n<p>A legjobb eredm\u00e9nyt az el\u0151m\u0171vel\u00e9s \u00e9ri el \u00fcvegh\u00e1zban \u00e1prilis elej\u00e9t\u0151l vet\u00e9ssel, majd az \u00fcltet\u00e9ssel. A szabadf\u00f6ld\u00f6n a dinnye mulcsfilmet \u00e9lvez<\/p>\n<p>Cucumis melo<br \/>\n\u00c9r\u00e9si id\u0151: kb. 80 nap<br \/>\nA s\u00e1rgadinnye m\u00e9rs\u00e9kelten n\u0151, \u00e9s n\u00f6v\u00e9nyenk\u00e9nt k\u00f6r\u00fclbel\u00fcl 1-2 n\u00e9gyzetm\u00e9tert ig\u00e9nyel<br \/>\nA magokat belt\u00e9rben, \u00e1prilis elej\u00e9t\u0151l 24-28 \u00b0C-on k\u00f6zvetlen\u00fcl, 1-2 maggal a kis cser\u00e9pben vetj\u00fck, ne tartsuk t\u00fal nedvesen a cserepeket, vagy m\u00e1jus k\u00f6zep\u00e9t\u0151l a szabadba, meleg helyen.<\/p>\n<p>Lehets\u00e9ges k\u00e1rtev\u0151k: tetvek, egerek, lisztharmat<\/p>\n<p>A csomag 10 szem magot tartalmaz<\/p>\n","protected":false},"featured_media":27433,"comment_status":"closed","ping_status":"closed","template":"","meta":[],"product_brand":[],"product_cat":[331],"product_tag":[],"class_list":{"0":"post-27170","1":"product","2":"type-product","3":"status-publish","4":"has-post-thumbnail","6":"product_cat-gyumolcs-vetomagok-egyeb-es-kulonleges-vetomagok","8":"first","9":"instock","10":"taxable","11":"shipping-taxable","12":"purchasable","13":"product-type-simple"},"_links":{"self":[{"href":"https:\/\/chilimag.hu\/webshop\/wp-json\/wp\/v2\/product\/27170","targetHints":{"allow":["GET"]}}],"collection":[{"href":"https:\/\/chilimag.hu\/webshop\/wp-json\/wp\/v2\/product"}],"about":[{"href":"https:\/\/chilimag.hu\/webshop\/wp-json\/wp\/v2\/types\/product"}],"replies":[{"embeddable":true,"href":"https:\/\/chilimag.hu\/webshop\/wp-json\/wp\/v2\/comments?post=27170"}],"wp:featuredmedia":[{"embeddable":true,"href":"https:\/\/chilimag.hu\/webshop\/wp-json\/wp\/v2\/media\/27433"}],"wp:attachment":[{"href":"https:\/\/chilimag.hu\/webshop\/wp-json\/wp\/v2\/media?parent=27170"}],"wp:term":[{"taxonomy":"product_brand","embeddable":true,"href":"https:\/\/chilimag.hu\/webshop\/wp-json\/wp\/v2\/product_brand?post=27170"},{"taxonomy":"product_cat","embeddable":true,"href":"https:\/\/chilimag.hu\/webshop\/wp-json\/wp\/v2\/product_cat?post=27170"},{"taxonomy":"product_tag","embeddable":true,"href":"https:\/\/chilimag.hu\/webshop\/wp-json\/wp\/v2\/product_tag?post=27170"}],"curies":[{"name":"wp","href":"https:\/\/api.w.org\/{rel}","templated":true}]}}