{"id":27168,"date":"2024-01-17T19:32:00","date_gmt":"2024-01-17T19:32:00","guid":{"rendered":"https:\/\/chilimag.hu\/webshop\/?post_type=product&#038;p=27168"},"modified":"2026-01-06T17:30:40","modified_gmt":"2026-01-06T17:30:40","slug":"szarteptai-mustar-golden-frills-bio-b-s","status":"publish","type":"product","link":"https:\/\/chilimag.hu\/webshop\/termek\/szarteptai-mustar-golden-frills-bio-b-s\/","title":{"rendered":"Szarteptai must\u00e1r Golden Frills Bio B-S"},"content":{"rendered":"","protected":false},"excerpt":{"rendered":"<p><img decoding=\"async\" src=\"https:\/\/chilimag.hu\/webshop\/wp-content\/uploads\/2022\/10\/bobby-seeds-test-logo-150x150.png\" \/><\/p>\n<p>Trerm\u00e9kle\u00edr\u00e1s<\/p>\n<p>Gyorsan n\u00f6vekv\u0151 must\u00e1rlev\u00e9l s\u00e1rg\u00e1sz\u00f6ld, er\u0151sen has\u00edtott levelekkel, enyh\u00e9n borsos \u00edzzel. Ha az \u00e1llom\u00e1ny laza, a leveleket folyamatosan lehet betakar\u00edtani. A levelek k\u00fcl\u00f6n\u00f6sen kiemelik a vegyes sal\u00e1t\u00e1kat. T\u00f6bb h\u00e9tig tart\u00f3 folyamatos betakar\u00edt\u00e1shoz nem szabad t\u00fal s\u0171r\u0171n vetni. A sorban 3-4 cm, a sorok k\u00f6z\u00f6tt 10-15 cm az optim\u00e1lis. Egyed\u00fcl\u00e1ll\u00f3 n\u00f6v\u00e9nyk\u00e9nt is termeszthet\u0151, ennek megfelel\u0151en nagy levelekkel. A Golden Frills dobozokban \u00e9s kont\u00e9nerekben is vir\u00e1gzik<\/p>\n<p>Brassica juncea<br \/>\nA betakar\u00edt\u00e1s a vet\u00e9s ut\u00e1ni 3.-4. h\u00e9t k\u00f6r\u00fcl t\u00f6rt\u00e9nik, majd folyamatosan<br \/>\nAz adag k\u00f6r\u00fclbel\u00fcl 500 n\u00f6v\u00e9nyre elegend\u0151<br \/>\nA vet\u00e9s k\u00f6zvetlen vet\u00e9sk\u00e9nt t\u00f6rt\u00e9nik, sz\u00e9lesre vagy v\u00e9konyan, sorokban sz\u00e9tsz\u00f3rva<\/p>\n<p>Gyenge megvil\u00e1g\u00edt\u00e1s\u00fa id\u0151szakban a kult\u00fara csak sal\u00e1ta kieg\u00e9sz\u00edt\u00e9sek\u00e9nt aj\u00e1nlott a h\u00e1zban nagyon vil\u00e1gos helyeken<\/p>\n","protected":false},"featured_media":27435,"comment_status":"closed","ping_status":"closed","template":"","meta":[],"product_brand":[],"product_cat":[329],"product_tag":[],"class_list":{"0":"post-27168","1":"product","2":"type-product","3":"status-publish","4":"has-post-thumbnail","6":"product_cat-zoldseg-vetomagok-egyeb-es-kulonleges-vetomagok","8":"first","9":"instock","10":"taxable","11":"shipping-taxable","12":"purchasable","13":"product-type-simple"},"_links":{"self":[{"href":"https:\/\/chilimag.hu\/webshop\/wp-json\/wp\/v2\/product\/27168","targetHints":{"allow":["GET"]}}],"collection":[{"href":"https:\/\/chilimag.hu\/webshop\/wp-json\/wp\/v2\/product"}],"about":[{"href":"https:\/\/chilimag.hu\/webshop\/wp-json\/wp\/v2\/types\/product"}],"replies":[{"embeddable":true,"href":"https:\/\/chilimag.hu\/webshop\/wp-json\/wp\/v2\/comments?post=27168"}],"wp:featuredmedia":[{"embeddable":true,"href":"https:\/\/chilimag.hu\/webshop\/wp-json\/wp\/v2\/media\/27435"}],"wp:attachment":[{"href":"https:\/\/chilimag.hu\/webshop\/wp-json\/wp\/v2\/media?parent=27168"}],"wp:term":[{"taxonomy":"product_brand","embeddable":true,"href":"https:\/\/chilimag.hu\/webshop\/wp-json\/wp\/v2\/product_brand?post=27168"},{"taxonomy":"product_cat","embeddable":true,"href":"https:\/\/chilimag.hu\/webshop\/wp-json\/wp\/v2\/product_cat?post=27168"},{"taxonomy":"product_tag","embeddable":true,"href":"https:\/\/chilimag.hu\/webshop\/wp-json\/wp\/v2\/product_tag?post=27168"}],"curies":[{"name":"wp","href":"https:\/\/api.w.org\/{rel}","templated":true}]}}