{"id":27165,"date":"2024-01-17T19:23:28","date_gmt":"2024-01-17T19:23:28","guid":{"rendered":"https:\/\/chilimag.hu\/webshop\/?post_type=product&#038;p=27165"},"modified":"2026-01-14T10:38:05","modified_gmt":"2026-01-14T10:38:05","slug":"viragzo-brokkoli-sprossenbroccoli-b-s","status":"publish","type":"product","link":"https:\/\/chilimag.hu\/webshop\/termek\/viragzo-brokkoli-sprossenbroccoli-b-s\/","title":{"rendered":"Vir\u00e1gz\u00f3 brokkoli Sprossenbroccoli Lila  Bio B-S"},"content":{"rendered":"<blockquote><p>&nbsp;<\/p><\/blockquote>\n","protected":false},"excerpt":{"rendered":"<p><img decoding=\"async\" src=\"https:\/\/chilimag.hu\/webshop\/wp-content\/uploads\/2022\/10\/bobby-seeds-test-logo-150x150.png\" \/><\/p>\n<p>Kipr\u00f3b\u00e1lt \u00e9s robusztus cs\u00edr\u00e1z\u00f3 brokkoli. Csak nagyon kicsi, k\u00f6r\u00fclbel\u00fcl 10 cm \u00e1tm\u00e9r\u0151j\u0171 v\u00e9gvir\u00e1gzatot k\u00e9pez. A n\u00f6v\u00e9ny sok, folyamatosan betakar\u00edthat\u00f3, kis vir\u00e1gzat\u00fa oldalhajt\u00e1st hoz. Ez hossz\u00fa betakar\u00edt\u00e1si id\u0151szakot eredm\u00e9nyez. Legjobban a ny\u00e1r v\u00e9g\u00e9n\/\u0151sszel n\u0151, a betakar\u00edt\u00e1s okt\u00f3berben kezd\u0151dik. A f\u0151hajt\u00e1s metsz\u00e9s\u00e9vel (ny\u00edr\u00e1s\u00e1val) t\u00f6bb oldals\u00f3 vir\u00e1gzat k\u00e9pz\u0151dik, amelyek t\u00e1panyagra szorulnak, mint minden k\u00e1posztafajta.<\/p>\n<p>Brassica oleracea<br \/>\nAz adag k\u00f6r\u00fclbel\u00fcl: 100 n\u00f6v\u00e9nyre elegend\u0151<br \/>\nA betakar\u00edt\u00e1s okt\u00f3ber v\u00e9g\u00e9t\u0151l, hossz\u00fa betakar\u00edt\u00e1si id\u0151szakt\u00f3l t\u00f6rt\u00e9nik<br \/>\nA vet\u00e9s j\u00falius elej\u00e9t\u0151l el\u0151m\u0171vel\u00e9ssel t\u00f6rt\u00e9nik, vet\u00e9s ut\u00e1n kb 4 h\u00e9ttel, szabadf\u00f6ldi \u00fcltet\u00e9s 40 x 50 cm t\u00e1vols\u00e1gra, direkt vet\u00e9s k\u00f6nnyen megoldhat\u00f3<\/p>\n","protected":false},"featured_media":27436,"comment_status":"closed","ping_status":"closed","template":"","meta":[],"product_brand":[],"product_cat":[329],"product_tag":[],"class_list":{"0":"post-27165","1":"product","2":"type-product","3":"status-publish","4":"has-post-thumbnail","6":"product_cat-zoldseg-vetomagok-egyeb-es-kulonleges-vetomagok","8":"first","9":"instock","10":"taxable","11":"shipping-taxable","12":"purchasable","13":"product-type-simple"},"_links":{"self":[{"href":"https:\/\/chilimag.hu\/webshop\/wp-json\/wp\/v2\/product\/27165","targetHints":{"allow":["GET"]}}],"collection":[{"href":"https:\/\/chilimag.hu\/webshop\/wp-json\/wp\/v2\/product"}],"about":[{"href":"https:\/\/chilimag.hu\/webshop\/wp-json\/wp\/v2\/types\/product"}],"replies":[{"embeddable":true,"href":"https:\/\/chilimag.hu\/webshop\/wp-json\/wp\/v2\/comments?post=27165"}],"wp:featuredmedia":[{"embeddable":true,"href":"https:\/\/chilimag.hu\/webshop\/wp-json\/wp\/v2\/media\/27436"}],"wp:attachment":[{"href":"https:\/\/chilimag.hu\/webshop\/wp-json\/wp\/v2\/media?parent=27165"}],"wp:term":[{"taxonomy":"product_brand","embeddable":true,"href":"https:\/\/chilimag.hu\/webshop\/wp-json\/wp\/v2\/product_brand?post=27165"},{"taxonomy":"product_cat","embeddable":true,"href":"https:\/\/chilimag.hu\/webshop\/wp-json\/wp\/v2\/product_cat?post=27165"},{"taxonomy":"product_tag","embeddable":true,"href":"https:\/\/chilimag.hu\/webshop\/wp-json\/wp\/v2\/product_tag?post=27165"}],"curies":[{"name":"wp","href":"https:\/\/api.w.org\/{rel}","templated":true}]}}