{"id":27159,"date":"2024-01-17T19:10:43","date_gmt":"2024-01-17T19:10:43","guid":{"rendered":"https:\/\/chilimag.hu\/webshop\/?post_type=product&#038;p=27159"},"modified":"2026-01-06T18:05:03","modified_gmt":"2026-01-06T18:05:03","slug":"sutotok-one-too-many-f1-b-s","status":"publish","type":"product","link":"https:\/\/chilimag.hu\/webshop\/termek\/sutotok-one-too-many-f1-b-s\/","title":{"rendered":"One Too Many F1 S\u00fct\u0151t\u00f6k  B-S"},"content":{"rendered":"<p>.<\/p>\n","protected":false},"excerpt":{"rendered":"<p><img decoding=\"async\" src=\"https:\/\/chilimag.hu\/webshop\/wp-content\/uploads\/2022\/10\/bobby-seeds-test-logo-150x150.png\" \/><\/p>\n<p>&nbsp;<\/p>\n<p>Term\u00e9kle\u00edr\u00e1s<\/p>\n<p>Felt\u0171n\u0151 sz\u00edn\u0171 fajta, feh\u00e9r, piros, h\u00e1l\u00f3szer\u0171 m\u00e1rv\u00e1nyoz\u00e1ssal, kiss\u00e9 egyenetlen form\u00e1j\u00fa, lapos-kerek \u00e9s er\u0151sen kerek k\u00f6z\u00f6tt, 6-10 kg s\u00faly\u00fa.Dekor\u00e1ci\u00f3ban mindenk\u00e9ppen figyelemfelkelt\u0151, a s\u00f6t\u00e9t p\u00e9p felhaszn\u00e1lhat\u00f3 a konyha .<\/p>\n<p>Cucurbita maxima<br \/>\n\u00c9r\u00e9si id\u0151: k\u00f6r\u00fclbel\u00fcl 100 nap<br \/>\nAz One Too Many Forma-1 er\u0151sen \u00e1ll<br \/>\nAz One Too Many F1 kiv\u00e1l\u00f3 t\u00f6k<br \/>\nA s\u00fct\u0151t\u00f6k j\u00f3l \u00e9rzi mag\u00e1t meleg, j\u00f3 v\u00edzelvezet\u00e9s\u0171 talajban, el\u0151m\u0171vel\u00e9ssel \u00e9s \u00fcltet\u00e9ssel \u00e1prilis v\u00e9g\u00e9t\u0151l vet\u00e9ssel vagy m\u00e1jus elej\u00e9t\u0151l k\u00f6zvetlen vet\u00e9ssel.<\/p>\n<p>Az One Too Many F1-hez n\u00f6v\u00e9nyenk\u00e9nt 2 n\u00e9gyzetm\u00e9tert aj\u00e1nlunk<\/p>\n<p>Lehets\u00e9ges k\u00e1rtev\u0151k: csig\u00e1k, madarak, egerek, tetvek, lisztharmat, v\u00edrus<\/p>\n<p>A csomag 10 szem magot tartalmaz<\/p>\n","protected":false},"featured_media":27441,"comment_status":"closed","ping_status":"closed","template":"","meta":[],"product_brand":[],"product_cat":[345],"product_tag":[],"class_list":{"0":"post-27159","1":"product","2":"type-product","3":"status-publish","4":"has-post-thumbnail","6":"product_cat-suto-fozo-es-disztokok","8":"first","9":"instock","10":"taxable","11":"shipping-taxable","12":"purchasable","13":"product-type-simple"},"_links":{"self":[{"href":"https:\/\/chilimag.hu\/webshop\/wp-json\/wp\/v2\/product\/27159","targetHints":{"allow":["GET"]}}],"collection":[{"href":"https:\/\/chilimag.hu\/webshop\/wp-json\/wp\/v2\/product"}],"about":[{"href":"https:\/\/chilimag.hu\/webshop\/wp-json\/wp\/v2\/types\/product"}],"replies":[{"embeddable":true,"href":"https:\/\/chilimag.hu\/webshop\/wp-json\/wp\/v2\/comments?post=27159"}],"wp:featuredmedia":[{"embeddable":true,"href":"https:\/\/chilimag.hu\/webshop\/wp-json\/wp\/v2\/media\/27441"}],"wp:attachment":[{"href":"https:\/\/chilimag.hu\/webshop\/wp-json\/wp\/v2\/media?parent=27159"}],"wp:term":[{"taxonomy":"product_brand","embeddable":true,"href":"https:\/\/chilimag.hu\/webshop\/wp-json\/wp\/v2\/product_brand?post=27159"},{"taxonomy":"product_cat","embeddable":true,"href":"https:\/\/chilimag.hu\/webshop\/wp-json\/wp\/v2\/product_cat?post=27159"},{"taxonomy":"product_tag","embeddable":true,"href":"https:\/\/chilimag.hu\/webshop\/wp-json\/wp\/v2\/product_tag?post=27159"}],"curies":[{"name":"wp","href":"https:\/\/api.w.org\/{rel}","templated":true}]}}