{"id":27157,"date":"2024-01-17T19:00:08","date_gmt":"2024-01-17T19:00:08","guid":{"rendered":"https:\/\/chilimag.hu\/webshop\/?post_type=product&#038;p=27157"},"modified":"2025-12-29T23:35:00","modified_gmt":"2025-12-29T23:35:00","slug":"kalette-autumn-star-f1-b-s","status":"publish","type":"product","link":"https:\/\/chilimag.hu\/webshop\/termek\/kalette-autumn-star-f1-b-s\/","title":{"rendered":"Kalette Autumn Star F1 B-S"},"content":{"rendered":"","protected":false},"excerpt":{"rendered":"<p><img decoding=\"async\" src=\"https:\/\/chilimag.hu\/webshop\/wp-content\/uploads\/2022\/10\/bobby-seeds-test-logo-150x150.png\" \/><\/p>\n<p>\u00dajszer\u0171 z\u00f6lds\u00e9g, a kelbimb\u00f3 \u00e9s a kelk\u00e1poszta keresztez\u00e9se<\/p>\n<p>Egy teljesen \u00faj z\u00f6lds\u00e9g, amely t\u00f6bb \u00e9ves nemes\u00edt\u0151 munk\u00e1val j\u00f6tt l\u00e9tre. \u00dagy n\u0151, mint a kelbimb\u00f3, de a szok\u00e1sos vir\u00e1gz\u00f3k helyett kis mini k\u00e1poszta n\u0151, amely a kelbimb\u00f3 fej\u00e9re eml\u00e9keztet. Ezek a mini k\u00e1poszt\u00e1k egyed\u00fcl\u00e1ll\u00f3an enyhe \u00e9s di\u00f3s \u00edz\u0171ek, \u00e9s \u00fagy k\u00e9sz\u00fclnek, mint a kelbimb\u00f3. Kor\u00e1bban Flower Sprout Early n\u00e9ven \u00e9rt\u00e9kes\u00edtett\u00e9k<\/p>\n<p>Brassica oleracea<br \/>\nA betakar\u00edt\u00e1s okt\u00f3bert\u0151l december v\u00e9g\u00e9ig tart<br \/>\nEgy adag 30 szemet tartalmaz<br \/>\nA vet\u00e9s m\u00e1rcius elej\u00e9t\u0151l m\u00e1jusig t\u00f6rt\u00e9nik el\u0151m\u0171vel\u00e9ssel, majd 50 x 50 cm t\u00e1vols\u00e1gra \u00fcltet\u00e9s<\/p>\n","protected":false},"featured_media":27443,"comment_status":"closed","ping_status":"closed","template":"","meta":[],"product_brand":[],"product_cat":[329],"product_tag":[],"class_list":{"0":"post-27157","1":"product","2":"type-product","3":"status-publish","4":"has-post-thumbnail","6":"product_cat-zoldseg-vetomagok-egyeb-es-kulonleges-vetomagok","8":"first","9":"instock","10":"taxable","11":"shipping-taxable","12":"purchasable","13":"product-type-simple"},"_links":{"self":[{"href":"https:\/\/chilimag.hu\/webshop\/wp-json\/wp\/v2\/product\/27157","targetHints":{"allow":["GET"]}}],"collection":[{"href":"https:\/\/chilimag.hu\/webshop\/wp-json\/wp\/v2\/product"}],"about":[{"href":"https:\/\/chilimag.hu\/webshop\/wp-json\/wp\/v2\/types\/product"}],"replies":[{"embeddable":true,"href":"https:\/\/chilimag.hu\/webshop\/wp-json\/wp\/v2\/comments?post=27157"}],"wp:featuredmedia":[{"embeddable":true,"href":"https:\/\/chilimag.hu\/webshop\/wp-json\/wp\/v2\/media\/27443"}],"wp:attachment":[{"href":"https:\/\/chilimag.hu\/webshop\/wp-json\/wp\/v2\/media?parent=27157"}],"wp:term":[{"taxonomy":"product_brand","embeddable":true,"href":"https:\/\/chilimag.hu\/webshop\/wp-json\/wp\/v2\/product_brand?post=27157"},{"taxonomy":"product_cat","embeddable":true,"href":"https:\/\/chilimag.hu\/webshop\/wp-json\/wp\/v2\/product_cat?post=27157"},{"taxonomy":"product_tag","embeddable":true,"href":"https:\/\/chilimag.hu\/webshop\/wp-json\/wp\/v2\/product_tag?post=27157"}],"curies":[{"name":"wp","href":"https:\/\/api.w.org\/{rel}","templated":true}]}}