{"id":27153,"date":"2024-01-17T18:49:35","date_gmt":"2024-01-17T18:49:35","guid":{"rendered":"https:\/\/chilimag.hu\/webshop\/?post_type=product&#038;p=27153"},"modified":"2026-01-14T18:24:32","modified_gmt":"2026-01-14T18:24:32","slug":"bakszarvu-utifu-hirschhornwegerich-b-s","status":"publish","type":"product","link":"https:\/\/chilimag.hu\/webshop\/termek\/bakszarvu-utifu-hirschhornwegerich-b-s\/","title":{"rendered":"Bakszarv\u00fa utif\u0171 Hirschhornwegerich B-S"},"content":{"rendered":"","protected":false},"excerpt":{"rendered":"<p><img decoding=\"async\" src=\"https:\/\/chilimag.hu\/webshop\/wp-content\/uploads\/2022\/10\/bobby-seeds-test-logo-150x150.png\" \/><\/p>\n<p>T\u00e9li sal\u00e1ta k\u00fcl\u00f6nlegess\u00e9g<\/p>\n<p>Vastag h\u00fas\u00fa f\u0171szern\u00f6v\u00e9ny, amely k\u00fcl\u00f6n\u00f6sen n\u00e9pszer\u0171 Toszk\u00e1n\u00e1ban. A rozett\u00e1kba rendezett levelek vastagok, agancsszer\u0171 tollazat\u00faak. \u00c9vel\u0151k\u00e9nt \u00f6r\u00f6kz\u00f6ld, t\u00e9len is betakar\u00edthat\u00f3. Fiatalon kiss\u00e9 keser\u0171ek, a levelek teljesen kifejlett \u00e1llapotban elvesztik ezt a tulajdons\u00e1g\u00e1t. Ha \u00e1llva hagyja a n\u00f6v\u00e9ny sz\u00edv\u00e9t, folyamatosan arathat, \u00e9s csak enyh\u00e9n tr\u00e1gy\u00e1zhat.<\/p>\n<p>Plantago coronopus<br \/>\nA betakar\u00edt\u00e1s k\u00f6r\u00fclbel\u00fcl 6-8 h\u00e9ttel a vet\u00e9s ut\u00e1n t\u00f6rt\u00e9nik, a korai magvak vir\u00e1gozhatnak<br \/>\nAz adag k\u00f6r\u00fclbel\u00fcl 800 n\u00f6v\u00e9nyre elegend\u0151<br \/>\nA vet\u00e9st cser\u00e9pben 3-4 szem el\u0151m\u0171vel\u00e9ssel vagy direkt vet\u00e9ssel v\u00e9gezz\u00fck m\u00e1rciust\u00f3l augusztusig, az \u00e1ttelel\u00e9sre j\u00falius k\u00f6zep\u00e9t\u0151l augusztus v\u00e9g\u00e9ig a legjobb. \u00dcltet\u00e9si t\u00e1vols\u00e1g el\u0151teny\u00e9szt\u00e9shez kb. 20 x 20 cm<\/p>\n","protected":false},"featured_media":27445,"comment_status":"closed","ping_status":"closed","template":"","meta":[],"product_brand":[],"product_cat":[330],"product_tag":[],"class_list":{"0":"post-27153","1":"product","2":"type-product","3":"status-publish","4":"has-post-thumbnail","6":"product_cat-fuszer-es-gyogynoveny-vetomagok","8":"first","9":"instock","10":"taxable","11":"shipping-taxable","12":"purchasable","13":"product-type-simple"},"_links":{"self":[{"href":"https:\/\/chilimag.hu\/webshop\/wp-json\/wp\/v2\/product\/27153","targetHints":{"allow":["GET"]}}],"collection":[{"href":"https:\/\/chilimag.hu\/webshop\/wp-json\/wp\/v2\/product"}],"about":[{"href":"https:\/\/chilimag.hu\/webshop\/wp-json\/wp\/v2\/types\/product"}],"replies":[{"embeddable":true,"href":"https:\/\/chilimag.hu\/webshop\/wp-json\/wp\/v2\/comments?post=27153"}],"wp:featuredmedia":[{"embeddable":true,"href":"https:\/\/chilimag.hu\/webshop\/wp-json\/wp\/v2\/media\/27445"}],"wp:attachment":[{"href":"https:\/\/chilimag.hu\/webshop\/wp-json\/wp\/v2\/media?parent=27153"}],"wp:term":[{"taxonomy":"product_brand","embeddable":true,"href":"https:\/\/chilimag.hu\/webshop\/wp-json\/wp\/v2\/product_brand?post=27153"},{"taxonomy":"product_cat","embeddable":true,"href":"https:\/\/chilimag.hu\/webshop\/wp-json\/wp\/v2\/product_cat?post=27153"},{"taxonomy":"product_tag","embeddable":true,"href":"https:\/\/chilimag.hu\/webshop\/wp-json\/wp\/v2\/product_tag?post=27153"}],"curies":[{"name":"wp","href":"https:\/\/api.w.org\/{rel}","templated":true}]}}