{"id":27147,"date":"2024-01-17T18:32:53","date_gmt":"2024-01-17T18:32:53","guid":{"rendered":"https:\/\/chilimag.hu\/webshop\/?post_type=product&#038;p=27147"},"modified":"2026-04-21T14:13:18","modified_gmt":"2026-04-21T14:13:18","slug":"edesgyoker-budoske-dropshot","status":"publish","type":"product","link":"https:\/\/chilimag.hu\/webshop\/termek\/edesgyoker-budoske-dropshot\/","title":{"rendered":"\u00c9desgy\u00f6k\u00e9r b\u00fcd\u00f6ske Dropshot B-S"},"content":{"rendered":"","protected":false},"excerpt":{"rendered":"<p><img decoding=\"async\" src=\"https:\/\/chilimag.hu\/webshop\/wp-content\/uploads\/2022\/10\/bobby-seeds-test-logo-150x150.png\" \/><\/p>\n<p>Gy\u00f3gyn\u00f6v\u00e9ny \u00e1nizs \u00e9s \u00e9desgy\u00f6k\u00e9r arom\u00e1j\u00fa<\/p>\n<p>Az apr\u00f3, s\u00f6t\u00e9tz\u00f6ld leveleket, hajt\u00e1sokat vir\u00e1gz\u00e1s el\u0151tt f\u0171szerk\u00e9nt t\u00f6bbsz\u00f6r is betakar\u00edthatjuk. A s\u00e1rga vir\u00e1gok is ehet\u0151k, minden komponens \u00e9desgy\u00f6k\u00e9r \u00edz\u0171, sz\u00f3szok, sal\u00e1t\u00e1k \u00edzes\u00edt\u00e9s\u00e9re, finom\u00edt\u00e1s\u00e1ra alkalmas.<\/p>\n<p>Tagetes fillifolia<br \/>\nA betakar\u00edt\u00e1s folyamatosan t\u00f6rt\u00e9nik<br \/>\nAz adag k\u00f6r\u00fclbel\u00fcl 20 n\u00f6v\u00e9nyre elegend\u0151<br \/>\nVet\u00e9s: Febru\u00e1rt\u00f3l belt\u00e9ri el\u0151kult\u00far\u00e1val, vagy szabadf\u00f6ldi direkt vet\u00e9s sorokban \u00e1prilist\u00f3l j\u00faniusig. Kb. 15 x 20 cm t\u00e1vols\u00e1gra vetj\u00fck vagy \u00fcltess\u00fck. M\u00e9ly, humuszban gazdag talajt ig\u00e9nyel, r\u00e9szleges \u00e1rny\u00e9kban a naps\u00fct\u00e9st\u0151l.<br \/>\nK\u00f6r\u00fclbel\u00fcl 30-40 cm magasra n\u0151<br \/>\nSz\u00fcret: j\u00fanius elej\u00e9t\u0151l folyamatos<\/p>\n","protected":false},"featured_media":27448,"comment_status":"closed","ping_status":"closed","template":"","meta":[],"product_brand":[],"product_cat":[330],"product_tag":[],"class_list":{"0":"post-27147","1":"product","2":"type-product","3":"status-publish","4":"has-post-thumbnail","6":"product_cat-fuszer-es-gyogynoveny-vetomagok","8":"first","9":"outofstock","10":"taxable","11":"shipping-taxable","12":"purchasable","13":"product-type-simple"},"_links":{"self":[{"href":"https:\/\/chilimag.hu\/webshop\/wp-json\/wp\/v2\/product\/27147","targetHints":{"allow":["GET"]}}],"collection":[{"href":"https:\/\/chilimag.hu\/webshop\/wp-json\/wp\/v2\/product"}],"about":[{"href":"https:\/\/chilimag.hu\/webshop\/wp-json\/wp\/v2\/types\/product"}],"replies":[{"embeddable":true,"href":"https:\/\/chilimag.hu\/webshop\/wp-json\/wp\/v2\/comments?post=27147"}],"wp:featuredmedia":[{"embeddable":true,"href":"https:\/\/chilimag.hu\/webshop\/wp-json\/wp\/v2\/media\/27448"}],"wp:attachment":[{"href":"https:\/\/chilimag.hu\/webshop\/wp-json\/wp\/v2\/media?parent=27147"}],"wp:term":[{"taxonomy":"product_brand","embeddable":true,"href":"https:\/\/chilimag.hu\/webshop\/wp-json\/wp\/v2\/product_brand?post=27147"},{"taxonomy":"product_cat","embeddable":true,"href":"https:\/\/chilimag.hu\/webshop\/wp-json\/wp\/v2\/product_cat?post=27147"},{"taxonomy":"product_tag","embeddable":true,"href":"https:\/\/chilimag.hu\/webshop\/wp-json\/wp\/v2\/product_tag?post=27147"}],"curies":[{"name":"wp","href":"https:\/\/api.w.org\/{rel}","templated":true}]}}