{"id":27145,"date":"2024-01-17T18:20:13","date_gmt":"2024-01-17T18:20:13","guid":{"rendered":"https:\/\/chilimag.hu\/webshop\/?post_type=product&#038;p=27145"},"modified":"2026-02-20T09:51:44","modified_gmt":"2026-02-20T09:51:44","slug":"koronas-margitvirag-b-s","status":"publish","type":"product","link":"https:\/\/chilimag.hu\/webshop\/termek\/koronas-margitvirag-b-s\/","title":{"rendered":"Koron\u00e1s Margitvir\u00e1g Shungiku B-S"},"content":{"rendered":"","protected":false},"excerpt":{"rendered":"<p><img decoding=\"async\" src=\"https:\/\/chilimag.hu\/webshop\/wp-content\/uploads\/2022\/10\/bobby-seeds-test-logo-150x150.png\" \/><\/p>\n<p>&nbsp;<\/p>\n<p>Le\u00edr\u00e1s<\/p>\n<p>\u00c1zsiai, vitamind\u00fas z\u00f6lds\u00e9gk\u00fcl\u00f6nlegess\u00e9g<\/p>\n<p>A levelek fanyar, arom\u00e1s, f\u0171szeres \u00edz\u0171ek. A friss leveleket sal\u00e1t\u00e1k kieg\u00e9sz\u00edt\u00e9sek\u00e9nt, de rizzsel \u00e9s t\u00e9szt\u00e1val p\u00e1rolva is haszn\u00e1lhatjuk. 20 cm magasr\u00f3l szedhet\u0151, 3-4 lev\u00e9lnek mindig maradnia kell a folyamatos betakar\u00edt\u00e1s \u00e9rdek\u00e9ben.<\/p>\n<p>Krizant\u00e9m korona\u00e1rium<br \/>\nBetakar\u00edt\u00e1si id\u0151szak: m\u00e1just\u00f3l okt\u00f3berig<br \/>\nAdagol\u00e1s: k\u00f6r\u00fclbel\u00fcl 400 n\u00f6v\u00e9nyhez elegend\u0151<br \/>\nVet\u00e9s: M\u00e1rciust\u00f3l el\u0151kult\u00far\u00e1val, szabadf\u00f6ldi k\u00f6zvetlen vet\u00e9sk\u00e9nt \u00e1prilis v\u00e9g\u00e9t\u0151l 3-4 mag a sorban, t\u00e1vols\u00e1g 15 cm, sork\u00f6z 20 cm<\/p>\n<p>A cs\u00edr\u00e1z\u00e1si id\u0151szak k\u00f6r\u00fclbel\u00fcl 7-14 nap 12-20 \u00b0C-on<\/p>\n<p>Napt\u00f3l f\u00e9l\u00e1rny\u00e9kig ig\u00e9nytelen n\u00f6v\u00e9ny<\/p>\n","protected":false},"featured_media":27449,"comment_status":"closed","ping_status":"closed","template":"","meta":[],"product_brand":[],"product_cat":[330],"product_tag":[],"class_list":{"0":"post-27145","1":"product","2":"type-product","3":"status-publish","4":"has-post-thumbnail","6":"product_cat-fuszer-es-gyogynoveny-vetomagok","8":"first","9":"instock","10":"taxable","11":"shipping-taxable","12":"purchasable","13":"product-type-simple"},"_links":{"self":[{"href":"https:\/\/chilimag.hu\/webshop\/wp-json\/wp\/v2\/product\/27145","targetHints":{"allow":["GET"]}}],"collection":[{"href":"https:\/\/chilimag.hu\/webshop\/wp-json\/wp\/v2\/product"}],"about":[{"href":"https:\/\/chilimag.hu\/webshop\/wp-json\/wp\/v2\/types\/product"}],"replies":[{"embeddable":true,"href":"https:\/\/chilimag.hu\/webshop\/wp-json\/wp\/v2\/comments?post=27145"}],"wp:featuredmedia":[{"embeddable":true,"href":"https:\/\/chilimag.hu\/webshop\/wp-json\/wp\/v2\/media\/27449"}],"wp:attachment":[{"href":"https:\/\/chilimag.hu\/webshop\/wp-json\/wp\/v2\/media?parent=27145"}],"wp:term":[{"taxonomy":"product_brand","embeddable":true,"href":"https:\/\/chilimag.hu\/webshop\/wp-json\/wp\/v2\/product_brand?post=27145"},{"taxonomy":"product_cat","embeddable":true,"href":"https:\/\/chilimag.hu\/webshop\/wp-json\/wp\/v2\/product_cat?post=27145"},{"taxonomy":"product_tag","embeddable":true,"href":"https:\/\/chilimag.hu\/webshop\/wp-json\/wp\/v2\/product_tag?post=27145"}],"curies":[{"name":"wp","href":"https:\/\/api.w.org\/{rel}","templated":true}]}}