{"id":27140,"date":"2024-01-17T18:08:41","date_gmt":"2024-01-17T18:08:41","guid":{"rendered":"https:\/\/chilimag.hu\/webshop\/?post_type=product&#038;p=27140"},"modified":"2026-04-15T07:15:51","modified_gmt":"2026-04-15T07:15:51","slug":"edeskomeny-fustos-levelu-b-s","status":"publish","type":"product","link":"https:\/\/chilimag.hu\/webshop\/termek\/edeskomeny-fustos-levelu-b-s\/","title":{"rendered":"\u00c9desk\u00f6m\u00e9ny f\u00fcst\u00f6s level\u0171 Smokey B-S"},"content":{"rendered":"","protected":false},"excerpt":{"rendered":"<p><img decoding=\"async\" src=\"https:\/\/chilimag.hu\/webshop\/wp-content\/uploads\/2022\/10\/bobby-seeds-test-logo-150x150.png\" \/><\/p>\n<p>&nbsp;<\/p>\n<p>Le\u00edr\u00e1s<\/p>\n<p>Vonz\u00f3 gy\u00f3gyn\u00f6v\u00e9ny \u00e9s dekorat\u00edv szeg\u00e9lyn\u00f6v\u00e9ny<\/p>\n<p>Kiv\u00e1l\u00f3 megjelen\u00e9se miatt ez a sz\u00ednes, s\u00f6t\u00e9t level\u0171 \u00e9desk\u00f6m\u00e9ny k\u00fcl\u00f6n\u00f6sen n\u00e9pszer\u0171 a vir\u00e1gszeg\u00e9lyekben. De ez az \u00e9desk\u00f6m\u00e9ny is n\u00e9pszer\u0171 gy\u00f3gyn\u00f6v\u00e9ny a hat\u00e9konys\u00e1ga miatt. A finoman tollas, \u00e9des, \u00e1nizsos arom\u00e1j\u00fa levelekb\u0151l gyakran te\u00e1t k\u00e9sz\u00edtenek. Az \u00e9desk\u00f6m\u00e9nyt sal\u00e1t\u00e1k, sz\u00f3szok, levesek \u00e9s t\u00far\u00f3 \u00edzes\u00edt\u00e9s\u00e9re is haszn\u00e1lj\u00e1k.<\/p>\n<p>Foeniculum vulgare<br \/>\nA betakar\u00edt\u00e1s folyamatosan t\u00f6rt\u00e9nik, amint a n\u00f6v\u00e9ny el\u00e9g nagy<br \/>\nAz adag kb.: 80 n\u00f6v\u00e9nyre elegend\u0151<br \/>\nVet\u00e9s: \u00e1prilist\u00f3l j\u00faliusig, k\u00f6nny\u0171 cs\u00edr\u00e1z\u00f3. A korai vet\u00e9s sz\u00fcks\u00e9ges az els\u0151 \u00e9v betakar\u00edt\u00e1s\u00e1hoz<\/p>\n<p>Az \u00e9desk\u00f6m\u00e9ny val\u00f3j\u00e1ban egy lassan n\u00f6vekv\u0151 \u00e9vel\u0151. Egy-k\u00e9t \u00e9ves teny\u00e9szt\u00e9s javasolt<\/p>\n","protected":false},"featured_media":27451,"comment_status":"closed","ping_status":"closed","template":"","meta":[],"product_brand":[],"product_cat":[330],"product_tag":[],"class_list":{"0":"post-27140","1":"product","2":"type-product","3":"status-publish","4":"has-post-thumbnail","6":"product_cat-fuszer-es-gyogynoveny-vetomagok","8":"first","9":"instock","10":"taxable","11":"shipping-taxable","12":"purchasable","13":"product-type-simple"},"_links":{"self":[{"href":"https:\/\/chilimag.hu\/webshop\/wp-json\/wp\/v2\/product\/27140","targetHints":{"allow":["GET"]}}],"collection":[{"href":"https:\/\/chilimag.hu\/webshop\/wp-json\/wp\/v2\/product"}],"about":[{"href":"https:\/\/chilimag.hu\/webshop\/wp-json\/wp\/v2\/types\/product"}],"replies":[{"embeddable":true,"href":"https:\/\/chilimag.hu\/webshop\/wp-json\/wp\/v2\/comments?post=27140"}],"wp:featuredmedia":[{"embeddable":true,"href":"https:\/\/chilimag.hu\/webshop\/wp-json\/wp\/v2\/media\/27451"}],"wp:attachment":[{"href":"https:\/\/chilimag.hu\/webshop\/wp-json\/wp\/v2\/media?parent=27140"}],"wp:term":[{"taxonomy":"product_brand","embeddable":true,"href":"https:\/\/chilimag.hu\/webshop\/wp-json\/wp\/v2\/product_brand?post=27140"},{"taxonomy":"product_cat","embeddable":true,"href":"https:\/\/chilimag.hu\/webshop\/wp-json\/wp\/v2\/product_cat?post=27140"},{"taxonomy":"product_tag","embeddable":true,"href":"https:\/\/chilimag.hu\/webshop\/wp-json\/wp\/v2\/product_tag?post=27140"}],"curies":[{"name":"wp","href":"https:\/\/api.w.org\/{rel}","templated":true}]}}