{"id":27137,"date":"2024-01-17T18:04:12","date_gmt":"2024-01-17T18:04:12","guid":{"rendered":"https:\/\/chilimag.hu\/webshop\/?post_type=product&#038;p=27137"},"modified":"2025-08-11T09:17:27","modified_gmt":"2025-08-11T09:17:27","slug":"orange-koral-b-s","status":"publish","type":"product","link":"https:\/\/chilimag.hu\/webshop\/termek\/orange-koral-b-s\/","title":{"rendered":"Orange Koral B-S"},"content":{"rendered":"","protected":false},"excerpt":{"rendered":"<p><img decoding=\"async\" src=\"https:\/\/chilimag.hu\/webshop\/wp-content\/uploads\/2022\/10\/bobby-seeds-test-logo-150x150.png\" \/><\/p>\n<p>Korai, nagyon cs\u00edp\u0151s cseresznyepaprika<\/p>\n<p>A Koral egy cseresznye pepperoni, \u00e9s nagyon forr\u00f3nak min\u0151s\u00edthet\u0151 k\u00f6r\u00fclbel\u00fcl 30 000 Scoville-n\u00e9l. A paprika eset\u00e9ben a n\u00f6v\u00e9nyek meglehet\u0151sen kor\u00e1n hoznak kerek term\u00e9st, amely k\u00f6r\u00fclbel\u00fcl 2-2,5 cm vastag, \u00e9s z\u00f6ldr\u0151l narancss\u00e1rg\u00e1ra sz\u00ednez\u0151dik. A Koral j\u00f3l haszn\u00e1lhat\u00f3 a szabadban, v\u00e9dett \u00e9s meleg helyeken. A gy\u00fcm\u00f6lcs\u00f6k sz\u00fcretelhet\u0151k z\u00f6lden vagy narancss\u00e1rg\u00e1n, de \u00e9retten intenz\u00edvebb az \u00edz\u00fck.<\/p>\n<p>Capsicum annuum<br \/>\nJ\u00f3 kult\u00fargazd\u00e1lkod\u00e1s mellett j\u00falius v\u00e9g\u00e9t\u0151l lehet aratni<br \/>\n\u00dcltet\u00e9si t\u00e1vols\u00e1g kb 50 x 50 cm<br \/>\nTipp a paprika \u00e1pol\u00e1s\u00e1ra:<br \/>\nMindig legyen egyenletesen nedves, de ne t\u00fal nedves.<br \/>\nRendszeresen tr\u00e1gy\u00e1zzunk, \u00e9s haszn\u00e1ljunk humuszos, t\u00e1panyagban gazdag talajt.<br \/>\nA paprik\u00e1nak melegre van sz\u00fcks\u00e9ge. Legjobb hely: teljes naps\u00fct\u00e9sben d\u00e9lre vagy f\u00f3li\u00e1s \u00fcvegh\u00e1zban. A paprika \u00e9rz\u00e9keny a fagyra.<\/p>\n<p>A vet\u00e9s janu\u00e1r elej\u00e9t\u0151l m\u00e1rcius elej\u00e9ig 20-25 \u00b0C-on, meleg el\u0151kult\u00far\u00e1val z\u00e1rt t\u00e9rben t\u00f6rt\u00e9nik. N\u00f6veked\u00e9si magass\u00e1g kb 50 cm a szabadban, magasabb az \u00fcvegh\u00e1zban.<\/p>\n<p>A csomag 10 szem magot tartalmaz<\/p>\n","protected":false},"featured_media":27453,"comment_status":"closed","ping_status":"closed","template":"","meta":[],"product_brand":[],"product_cat":[8],"product_tag":[],"class_list":{"0":"post-27137","1":"product","2":"type-product","3":"status-publish","4":"has-post-thumbnail","6":"product_cat-paprika","8":"first","9":"instock","10":"taxable","11":"shipping-taxable","12":"purchasable","13":"product-type-simple"},"_links":{"self":[{"href":"https:\/\/chilimag.hu\/webshop\/wp-json\/wp\/v2\/product\/27137","targetHints":{"allow":["GET"]}}],"collection":[{"href":"https:\/\/chilimag.hu\/webshop\/wp-json\/wp\/v2\/product"}],"about":[{"href":"https:\/\/chilimag.hu\/webshop\/wp-json\/wp\/v2\/types\/product"}],"replies":[{"embeddable":true,"href":"https:\/\/chilimag.hu\/webshop\/wp-json\/wp\/v2\/comments?post=27137"}],"wp:featuredmedia":[{"embeddable":true,"href":"https:\/\/chilimag.hu\/webshop\/wp-json\/wp\/v2\/media\/27453"}],"wp:attachment":[{"href":"https:\/\/chilimag.hu\/webshop\/wp-json\/wp\/v2\/media?parent=27137"}],"wp:term":[{"taxonomy":"product_brand","embeddable":true,"href":"https:\/\/chilimag.hu\/webshop\/wp-json\/wp\/v2\/product_brand?post=27137"},{"taxonomy":"product_cat","embeddable":true,"href":"https:\/\/chilimag.hu\/webshop\/wp-json\/wp\/v2\/product_cat?post=27137"},{"taxonomy":"product_tag","embeddable":true,"href":"https:\/\/chilimag.hu\/webshop\/wp-json\/wp\/v2\/product_tag?post=27137"}],"curies":[{"name":"wp","href":"https:\/\/api.w.org\/{rel}","templated":true}]}}