{"id":26986,"date":"2024-01-11T19:10:08","date_gmt":"2024-01-11T19:10:08","guid":{"rendered":"https:\/\/chilimag.hu\/webshop\/?post_type=product&#038;p=26986"},"modified":"2026-03-14T17:15:35","modified_gmt":"2026-03-14T17:15:35","slug":"bazsalikom-genovese-bk-5","status":"publish","type":"product","link":"https:\/\/chilimag.hu\/webshop\/termek\/bazsalikom-genovese-bk-5\/","title":{"rendered":"Bazsalikom Genovese BK 5"},"content":{"rendered":"","protected":false},"excerpt":{"rendered":"<p>Kellemes illat\u00e1\u00e9rt kedvelt kerti f\u0171szern\u00f6v\u00e9ny. Leveleit \u00e9s fiatal hajt\u00e1sait sz\u00e1r\u00edtva \u00e9s frissen sal\u00e1t\u00e1k, h\u00fas\u00e9telek, f\u0151zel\u00e9kek \u00edzes\u00edt\u00e9s\u00e9re aj\u00e1nljuk.<\/p>\n<p>2 gr\/ csomag<\/p>\n","protected":false},"featured_media":26988,"comment_status":"closed","ping_status":"closed","template":"","meta":[],"product_brand":[],"product_cat":[294],"product_tag":[],"class_list":{"0":"post-26986","1":"product","2":"type-product","3":"status-publish","4":"has-post-thumbnail","6":"product_cat-fuszernovenyek","8":"first","9":"instock","10":"taxable","11":"shipping-taxable","12":"purchasable","13":"product-type-simple"},"_links":{"self":[{"href":"https:\/\/chilimag.hu\/webshop\/wp-json\/wp\/v2\/product\/26986","targetHints":{"allow":["GET"]}}],"collection":[{"href":"https:\/\/chilimag.hu\/webshop\/wp-json\/wp\/v2\/product"}],"about":[{"href":"https:\/\/chilimag.hu\/webshop\/wp-json\/wp\/v2\/types\/product"}],"replies":[{"embeddable":true,"href":"https:\/\/chilimag.hu\/webshop\/wp-json\/wp\/v2\/comments?post=26986"}],"wp:featuredmedia":[{"embeddable":true,"href":"https:\/\/chilimag.hu\/webshop\/wp-json\/wp\/v2\/media\/26988"}],"wp:attachment":[{"href":"https:\/\/chilimag.hu\/webshop\/wp-json\/wp\/v2\/media?parent=26986"}],"wp:term":[{"taxonomy":"product_brand","embeddable":true,"href":"https:\/\/chilimag.hu\/webshop\/wp-json\/wp\/v2\/product_brand?post=26986"},{"taxonomy":"product_cat","embeddable":true,"href":"https:\/\/chilimag.hu\/webshop\/wp-json\/wp\/v2\/product_cat?post=26986"},{"taxonomy":"product_tag","embeddable":true,"href":"https:\/\/chilimag.hu\/webshop\/wp-json\/wp\/v2\/product_tag?post=26986"}],"curies":[{"name":"wp","href":"https:\/\/api.w.org\/{rel}","templated":true}]}}