{"id":26782,"date":"2024-01-03T17:25:27","date_gmt":"2024-01-03T17:25:27","guid":{"rendered":"https:\/\/chilimag.hu\/webshop\/?post_type=product&#038;p=26782"},"modified":"2024-03-12T04:58:56","modified_gmt":"2024-03-12T04:58:56","slug":"gyogynovenyes-locsolokanna-hd01","status":"publish","type":"product","link":"https:\/\/chilimag.hu\/webshop\/termek\/gyogynovenyes-locsolokanna-hd01\/","title":{"rendered":"Gy\u00f3gyn\u00f6v\u00e9nyes Locsol\u00f3kanna HD01"},"content":{"rendered":"","protected":false},"excerpt":{"rendered":"<p>Gy\u00f3gyn\u00f6v\u00e9ny mint\u00e1s f\u00e9m<br \/>\n\u0170rtartalma 5 liter<br \/>\nM\u00e9retei magass\u00e1ga 30 cm, sz\u00e9less\u00e9ge 44 cm.<\/p>\n","protected":false},"featured_media":26783,"comment_status":"closed","ping_status":"closed","template":"","meta":[],"product_brand":[],"product_cat":[467],"product_tag":[],"class_list":{"0":"post-26782","1":"product","2":"type-product","3":"status-publish","4":"has-post-thumbnail","6":"product_cat-locsolas-viz-es-talaj-vizsgalo-eszkozok","8":"first","9":"instock","10":"taxable","11":"shipping-taxable","12":"purchasable","13":"product-type-simple"},"_links":{"self":[{"href":"https:\/\/chilimag.hu\/webshop\/wp-json\/wp\/v2\/product\/26782","targetHints":{"allow":["GET"]}}],"collection":[{"href":"https:\/\/chilimag.hu\/webshop\/wp-json\/wp\/v2\/product"}],"about":[{"href":"https:\/\/chilimag.hu\/webshop\/wp-json\/wp\/v2\/types\/product"}],"replies":[{"embeddable":true,"href":"https:\/\/chilimag.hu\/webshop\/wp-json\/wp\/v2\/comments?post=26782"}],"wp:featuredmedia":[{"embeddable":true,"href":"https:\/\/chilimag.hu\/webshop\/wp-json\/wp\/v2\/media\/26783"}],"wp:attachment":[{"href":"https:\/\/chilimag.hu\/webshop\/wp-json\/wp\/v2\/media?parent=26782"}],"wp:term":[{"taxonomy":"product_brand","embeddable":true,"href":"https:\/\/chilimag.hu\/webshop\/wp-json\/wp\/v2\/product_brand?post=26782"},{"taxonomy":"product_cat","embeddable":true,"href":"https:\/\/chilimag.hu\/webshop\/wp-json\/wp\/v2\/product_cat?post=26782"},{"taxonomy":"product_tag","embeddable":true,"href":"https:\/\/chilimag.hu\/webshop\/wp-json\/wp\/v2\/product_tag?post=26782"}],"curies":[{"name":"wp","href":"https:\/\/api.w.org\/{rel}","templated":true}]}}