{"id":26634,"date":"2023-12-13T19:56:02","date_gmt":"2023-12-13T19:56:02","guid":{"rendered":"https:\/\/chilimag.hu\/webshop\/?post_type=product&#038;p=26634"},"modified":"2026-04-15T19:43:11","modified_gmt":"2026-04-15T19:43:11","slug":"fekete-mustarmag-sz-m","status":"publish","type":"product","link":"https:\/\/chilimag.hu\/webshop\/termek\/fekete-mustarmag-sz-m\/","title":{"rendered":"Fekete Must\u00e1rmag Sz M"},"content":{"rendered":"","protected":false},"excerpt":{"rendered":"<p><img decoding=\"async\" src=\"https:\/\/chilimag.hu\/webshop\/wp-content\/uploads\/2014\/11\/chilimag-logo-2-150x150.jpg\" \/><\/p>\n<p>&nbsp;<\/p>\n<p>Le\u00edr\u00e1s<\/p>\n<p>\u00cdz\u00fck cs\u00edp\u0151s, illatuk csak a magok t\u00f6r\u00e9se vagy \u0151rl\u00e9se ut\u00e1n jelenik meg. A feh\u00e9r must\u00e1r enyh\u00e9n cs\u00edp\u0151s, a fekete must\u00e1r ereje intenz\u00edvebb, n\u00e9mi keserny\u00e9s be\u00fct\u00e9ssel. A fekete must\u00e1rmag az indiai \u00e9telek gyakori \u00edzes\u00edt\u0151je, eg\u00e9szben pir\u00edtva, vagy f\u0171szerkever\u00e9kekben \u0151r\u00f6lt form\u00e1ban haszn\u00e1lj\u00e1k fel.<\/p>\n<p>Gondoz\u00e1sa:Ugyan\u00fagy t\u00f6rt\u00e9nik mint a feh\u00e9r must\u00e1r\u00e9, talajban nem v\u00e1logat\u00f3s, azonban legjobban teny\u00e9szik a meszes, v\u00e1lyogtalajban; \u2013 az \u00e9ghajlat ir\u00e1nt sem ig\u00e9nyes sa fagy ir\u00e1nt sem \u00e9rz\u00e9keny. A must\u00e1r termeszt\u00e9shez a talajt \u0151sszel fel kell sz\u00e1ntani. A magvakat az el\u0151z\u0151 \u00e9vben tr\u00e1gy\u00e1zott talajba 30-40 cm sort\u00e1vols\u00e1gra vetj\u00fck el.<\/p>\n<p>A csomag kb.5 gramm magot tartalmaz<\/p>\n","protected":false},"featured_media":26635,"comment_status":"closed","ping_status":"closed","template":"","meta":[],"product_brand":[],"product_cat":[330],"product_tag":[],"class_list":{"0":"post-26634","1":"product","2":"type-product","3":"status-publish","4":"has-post-thumbnail","6":"product_cat-fuszer-es-gyogynoveny-vetomagok","8":"first","9":"instock","10":"taxable","11":"shipping-taxable","12":"purchasable","13":"product-type-simple"},"_links":{"self":[{"href":"https:\/\/chilimag.hu\/webshop\/wp-json\/wp\/v2\/product\/26634","targetHints":{"allow":["GET"]}}],"collection":[{"href":"https:\/\/chilimag.hu\/webshop\/wp-json\/wp\/v2\/product"}],"about":[{"href":"https:\/\/chilimag.hu\/webshop\/wp-json\/wp\/v2\/types\/product"}],"replies":[{"embeddable":true,"href":"https:\/\/chilimag.hu\/webshop\/wp-json\/wp\/v2\/comments?post=26634"}],"wp:featuredmedia":[{"embeddable":true,"href":"https:\/\/chilimag.hu\/webshop\/wp-json\/wp\/v2\/media\/26635"}],"wp:attachment":[{"href":"https:\/\/chilimag.hu\/webshop\/wp-json\/wp\/v2\/media?parent=26634"}],"wp:term":[{"taxonomy":"product_brand","embeddable":true,"href":"https:\/\/chilimag.hu\/webshop\/wp-json\/wp\/v2\/product_brand?post=26634"},{"taxonomy":"product_cat","embeddable":true,"href":"https:\/\/chilimag.hu\/webshop\/wp-json\/wp\/v2\/product_cat?post=26634"},{"taxonomy":"product_tag","embeddable":true,"href":"https:\/\/chilimag.hu\/webshop\/wp-json\/wp\/v2\/product_tag?post=26634"}],"curies":[{"name":"wp","href":"https:\/\/api.w.org\/{rel}","templated":true}]}}