{"id":26628,"date":"2023-12-13T19:44:15","date_gmt":"2023-12-13T19:44:15","guid":{"rendered":"https:\/\/chilimag.hu\/webshop\/?post_type=product&#038;p=26628"},"modified":"2026-05-12T21:21:15","modified_gmt":"2026-05-12T21:21:15","slug":"landzsas-utifu-sz-m","status":"publish","type":"product","link":"https:\/\/chilimag.hu\/webshop\/termek\/landzsas-utifu-sz-m\/","title":{"rendered":"L\u00e1ndzs\u00e1s \u00fatif\u0171 Sz M"},"content":{"rendered":"","protected":false},"excerpt":{"rendered":"<p><img decoding=\"async\" src=\"https:\/\/chilimag.hu\/webshop\/wp-content\/uploads\/2014\/11\/chilimag-logo-2-150x150.jpg\" \/><\/p>\n<p>&nbsp;<\/p>\n<p>Le\u00edr\u00e1s<\/p>\n<p>Gy\u00f3gyn\u00f6v\u00e9nyk\u00e9nt termesztik. Jellemz\u0151i. 20\u201340 cm magas l\u00e1gy sz\u00e1r\u00fa, \u00e9vel\u0151 n\u00f6v\u00e9ny. F\u0151gy\u00f6keres gy\u00f6kt\u00f6rzs jellemzi, r\u00f6vid, bar\u00e1zd\u00e1lt, rostos sz\u00e1rtag\u00fa hajt\u00e1sain csak l\u00e1ndzsa alak\u00fa, 3-5 hosszanti, \u00edvesen fut\u00f3 erezet\u0171, \u00e9p sz\u00e9l\u0171 t\u0151levelek vannak.<\/p>\n<p>Gondoz\u00e1sa:A kertben nem ig\u00e9nyel k\u00fcl\u00f6n gondoskod\u00e1st. Szinte b\u00e1rmilyen k\u00f6r\u00fclm\u00e9nyek k\u00f6z\u00f6tt j\u00f3l \u00e9rzi mag\u00e1t, sziken is meg\u00e9l. Alacsony marad, k\u00fcl\u00f6n\u00f6sen sz\u00e1raz napos helyen, ez\u00e9rt talajtakar\u00f3k\u00e9nt vagy ny\u00edrott gyepben is haszn\u00e1lhat\u00f3. Magr\u00f3l k\u00f6nnyen elszaporodik.<\/p>\n<p>A csomag kb 5 gramm magot tartalmaz.<\/p>\n","protected":false},"featured_media":26629,"comment_status":"closed","ping_status":"closed","template":"","meta":[],"product_brand":[],"product_cat":[330],"product_tag":[],"class_list":{"0":"post-26628","1":"product","2":"type-product","3":"status-publish","4":"has-post-thumbnail","6":"product_cat-fuszer-es-gyogynoveny-vetomagok","8":"first","9":"instock","10":"taxable","11":"shipping-taxable","12":"purchasable","13":"product-type-simple"},"_links":{"self":[{"href":"https:\/\/chilimag.hu\/webshop\/wp-json\/wp\/v2\/product\/26628","targetHints":{"allow":["GET"]}}],"collection":[{"href":"https:\/\/chilimag.hu\/webshop\/wp-json\/wp\/v2\/product"}],"about":[{"href":"https:\/\/chilimag.hu\/webshop\/wp-json\/wp\/v2\/types\/product"}],"replies":[{"embeddable":true,"href":"https:\/\/chilimag.hu\/webshop\/wp-json\/wp\/v2\/comments?post=26628"}],"wp:featuredmedia":[{"embeddable":true,"href":"https:\/\/chilimag.hu\/webshop\/wp-json\/wp\/v2\/media\/26629"}],"wp:attachment":[{"href":"https:\/\/chilimag.hu\/webshop\/wp-json\/wp\/v2\/media?parent=26628"}],"wp:term":[{"taxonomy":"product_brand","embeddable":true,"href":"https:\/\/chilimag.hu\/webshop\/wp-json\/wp\/v2\/product_brand?post=26628"},{"taxonomy":"product_cat","embeddable":true,"href":"https:\/\/chilimag.hu\/webshop\/wp-json\/wp\/v2\/product_cat?post=26628"},{"taxonomy":"product_tag","embeddable":true,"href":"https:\/\/chilimag.hu\/webshop\/wp-json\/wp\/v2\/product_tag?post=26628"}],"curies":[{"name":"wp","href":"https:\/\/api.w.org\/{rel}","templated":true}]}}