{"id":26612,"date":"2023-12-13T17:08:13","date_gmt":"2023-12-13T17:08:13","guid":{"rendered":"https:\/\/chilimag.hu\/webshop\/?post_type=product&#038;p=26612"},"modified":"2026-03-23T19:52:28","modified_gmt":"2026-03-23T19:52:28","slug":"paradicsom-tigrino-b-s","status":"publish","type":"product","link":"https:\/\/chilimag.hu\/webshop\/termek\/paradicsom-tigrino-b-s\/","title":{"rendered":"Tigrino B-S Paradicsom"},"content":{"rendered":"","protected":false},"excerpt":{"rendered":"<p><img decoding=\"async\" src=\"https:\/\/chilimag.hu\/webshop\/wp-content\/uploads\/2022\/10\/bobby-seeds-test-logo-150x150.png\" \/><\/p>\n<p>Le\u00edr\u00e1s<\/p>\n<p>V\u00f6r\u00f6sbarna, z\u00f6ld cs\u00edkos kokt\u00e9lparadicsom<\/p>\n<p>Korai, barn\u00e1s-piros kokt\u00e9lparadicsom, tetszet\u0151sen z\u00f6lden cs\u00edkozott, kb.25 grammos gy\u00fcm\u00f6lcst\u00f6meg\u0171, \u00cdzletes \u00e9s f\u0171szeres, l\u00e1tv\u00e1ny \u00e9s \u00edz\u00e9lm\u00e9ny. Magas hozam\u00fa, pal\u00e1nt\u00e1nk\u00e9nt ak\u00e1r 14 gy\u00fcm\u00f6lcs\u00f6t is hoz.<\/p>\n<p>Solanum lycopersicum<br \/>\nA betakar\u00edt\u00e1s j\u00falius v\u00e9g\u00e9t\u0151l szeptemberig tart<br \/>\nVet\u00e9s 20-25 \u00b0C-on febru\u00e1rt\u00f3l m\u00e1rcius v\u00e9g\u00e9ig, majd el\u0151m\u0171vel\u00e9s febru\u00e1rt\u00f3l \u00e1prilisig, az utols\u00f3 fagy ut\u00e1n szabadf\u00f6ldre \u00fcltetni.<\/p>\n<p>A paradicsom szereti a napos \u00e9s sz\u00e9lv\u00e9dett helyeket. A talaj legyen laza, humuszos \u00e9s t\u00e1panyagban gazdag. A paradicsomn\u00f6v\u00e9nyeknek nagy v\u00edzig\u00e9ny\u00fck van<\/p>\n<p>A csomag 10 szem magot tartalmaz<\/p>\n","protected":false},"featured_media":26613,"comment_status":"closed","ping_status":"closed","template":"","meta":[],"product_brand":[],"product_cat":[10],"product_tag":[],"class_list":{"0":"post-26612","1":"product","2":"type-product","3":"status-publish","4":"has-post-thumbnail","6":"product_cat-paradicsom","8":"first","9":"instock","10":"taxable","11":"shipping-taxable","12":"purchasable","13":"product-type-simple"},"_links":{"self":[{"href":"https:\/\/chilimag.hu\/webshop\/wp-json\/wp\/v2\/product\/26612","targetHints":{"allow":["GET"]}}],"collection":[{"href":"https:\/\/chilimag.hu\/webshop\/wp-json\/wp\/v2\/product"}],"about":[{"href":"https:\/\/chilimag.hu\/webshop\/wp-json\/wp\/v2\/types\/product"}],"replies":[{"embeddable":true,"href":"https:\/\/chilimag.hu\/webshop\/wp-json\/wp\/v2\/comments?post=26612"}],"wp:featuredmedia":[{"embeddable":true,"href":"https:\/\/chilimag.hu\/webshop\/wp-json\/wp\/v2\/media\/26613"}],"wp:attachment":[{"href":"https:\/\/chilimag.hu\/webshop\/wp-json\/wp\/v2\/media?parent=26612"}],"wp:term":[{"taxonomy":"product_brand","embeddable":true,"href":"https:\/\/chilimag.hu\/webshop\/wp-json\/wp\/v2\/product_brand?post=26612"},{"taxonomy":"product_cat","embeddable":true,"href":"https:\/\/chilimag.hu\/webshop\/wp-json\/wp\/v2\/product_cat?post=26612"},{"taxonomy":"product_tag","embeddable":true,"href":"https:\/\/chilimag.hu\/webshop\/wp-json\/wp\/v2\/product_tag?post=26612"}],"curies":[{"name":"wp","href":"https:\/\/api.w.org\/{rel}","templated":true}]}}