{"id":26607,"date":"2023-12-13T16:59:51","date_gmt":"2023-12-13T16:59:51","guid":{"rendered":"https:\/\/chilimag.hu\/webshop\/?post_type=product&#038;p=26607"},"modified":"2026-03-13T11:44:51","modified_gmt":"2026-03-13T11:44:51","slug":"paradicsom-brunito-f1-b-s","status":"publish","type":"product","link":"https:\/\/chilimag.hu\/webshop\/termek\/paradicsom-brunito-f1-b-s\/","title":{"rendered":"Brunito F1 B-S Paradicsom"},"content":{"rendered":"","protected":false},"excerpt":{"rendered":"<p><img decoding=\"async\" src=\"https:\/\/chilimag.hu\/webshop\/wp-content\/uploads\/2022\/10\/bobby-seeds-test-logo-150x150.png\" \/><\/p>\n<p>Le\u00edr\u00e1s<\/p>\n<p>Gy\u00fcm\u00f6lcs\u00f6s, barn\u00e1s-piros<\/p>\n<p>K\u00f6zepesen korai, reped\u00e9snek ellen\u00e1ll\u00f3 paradicsom, 120 gramm k\u00f6r\u00fcli gy\u00fcm\u00f6lcst\u00f6meg\u0171, j\u00f3 ellen\u00e1ll a csomagol\u00e1snak,reped\u00e9s\u00e1ll\u00f3, ez\u00e9rt k\u00fclt\u00e9ri haszn\u00e1latra is aj\u00e1nlja ezt a fajt\u00e1t. \u00cdzletes, sokoldal\u00fa barna-v\u00f6r\u00f6s paradicsom. Magas hozam\u00fa, pal\u00e1nt\u00e1nk\u00e9nt ak\u00e1r 12 gy\u00fcm\u00f6lcs\u00f6t is hoz.<\/p>\n<p>Solanum lycopersicum<br \/>\nA betakar\u00edt\u00e1s j\u00falius k\u00f6zep\u00e9t\u0151l okt\u00f3berig tart<br \/>\nFebru\u00e1rt\u00f3l \u00e1prilisig 20-25 \u00b0C-ra vetj\u00fck, majd az \u00fcltet\u00e9sig el\u0151m\u0171velj\u00fck<\/p>\n<p>Paradicsom tipp:<br \/>\nSoha ne \u00f6nt\u00f6zz\u00fck a n\u00f6v\u00e9nyeket csaphideg v\u00edzzel, a v\u00edznek legal\u00e1bb szobah\u0151m\u00e9rs\u00e9klet\u0171nek kell lennie. Mindig \u00fcgyeljen arra, hogy a levelek sz\u00e1razak maradjanak, hogy a paradicsom rothad\u00e1sa kisebb legyen.<\/p>\n<p>A csomag 10 szem magot tartalmaz<\/p>\n","protected":false},"featured_media":26608,"comment_status":"closed","ping_status":"closed","template":"","meta":[],"product_brand":[],"product_cat":[10],"product_tag":[],"class_list":{"0":"post-26607","1":"product","2":"type-product","3":"status-publish","4":"has-post-thumbnail","6":"product_cat-paradicsom","8":"first","9":"instock","10":"taxable","11":"shipping-taxable","12":"purchasable","13":"product-type-simple"},"_links":{"self":[{"href":"https:\/\/chilimag.hu\/webshop\/wp-json\/wp\/v2\/product\/26607","targetHints":{"allow":["GET"]}}],"collection":[{"href":"https:\/\/chilimag.hu\/webshop\/wp-json\/wp\/v2\/product"}],"about":[{"href":"https:\/\/chilimag.hu\/webshop\/wp-json\/wp\/v2\/types\/product"}],"replies":[{"embeddable":true,"href":"https:\/\/chilimag.hu\/webshop\/wp-json\/wp\/v2\/comments?post=26607"}],"wp:featuredmedia":[{"embeddable":true,"href":"https:\/\/chilimag.hu\/webshop\/wp-json\/wp\/v2\/media\/26608"}],"wp:attachment":[{"href":"https:\/\/chilimag.hu\/webshop\/wp-json\/wp\/v2\/media?parent=26607"}],"wp:term":[{"taxonomy":"product_brand","embeddable":true,"href":"https:\/\/chilimag.hu\/webshop\/wp-json\/wp\/v2\/product_brand?post=26607"},{"taxonomy":"product_cat","embeddable":true,"href":"https:\/\/chilimag.hu\/webshop\/wp-json\/wp\/v2\/product_cat?post=26607"},{"taxonomy":"product_tag","embeddable":true,"href":"https:\/\/chilimag.hu\/webshop\/wp-json\/wp\/v2\/product_tag?post=26607"}],"curies":[{"name":"wp","href":"https:\/\/api.w.org\/{rel}","templated":true}]}}