{"id":266,"date":"2014-11-09T17:29:15","date_gmt":"2014-11-09T17:29:15","guid":{"rendered":"https:\/\/chilimag.hu\/webshop\/?post_type=product&#038;p=266"},"modified":"2025-08-11T09:08:33","modified_gmt":"2025-08-11T09:08:33","slug":"numex-christmas","status":"publish","type":"product","link":"https:\/\/chilimag.hu\/webshop\/termek\/numex-christmas\/","title":{"rendered":"Numex Christmas"},"content":{"rendered":"","protected":false},"excerpt":{"rendered":"<p><img decoding=\"async\" src=\"https:\/\/chilimag.hu\/webshop\/wp-content\/uploads\/2014\/11\/chilimag-logo-2-150x150.jpg\" \/><\/p>\n<p>&nbsp;<\/p>\n<p>Le\u00edr\u00e1s<\/p>\n<p>A Numex kar\u00e1csonyi paprika n\u00f6v\u00e9ny az \u00daj-Mexik\u00f3i \u00c1llami Egyetemen kifejlesztett egyedi fajta, amely \u00fcnnepi, d\u00edszes megjelen\u00e9s\u00e9r\u0151l ismert. Ez egy kompakt n\u00f6v\u00e9ny, \u00e1ltal\u00e1ban 12 h\u00fcvelyk magasra n\u0151, \u00edgy ide\u00e1lis kont\u00e9neres kert\u00e9szethez. Maguk a paprik\u00e1k is felt\u0171n\u0151 sz\u00edn\u00e1talakul\u00e1son mennek kereszt\u00fcl, kezdve z\u00f6lddel, majd s\u00e1rg\u00e1v\u00e1, narancss\u00e1rg\u00e1v\u00e1, v\u00e9g\u00fcl piross\u00e1 v\u00e1lik, \u00edgy a kar\u00e1csonyi f\u00e9nyekre eml\u00e9keztet\u0151, soksz\u00edn\u0171 hat\u00e1st keltenek. Ezek a paprik\u00e1k nemcsak dekorat\u00edvak; enyhe vagy k\u00f6zepes h\u0151t k\u00edn\u00e1lnak, \u00edgy sokoldal\u00faan haszn\u00e1lhat\u00f3k k\u00fcl\u00f6nf\u00e9le kulin\u00e1ris alkalmaz\u00e1sokban. K\u00f6r\u00fclbel\u00fcl 75-80 nap alatt \u00e9rnek, \u00edgy hosszan tart\u00f3, sz\u00ednes megjelen\u00e9st biztos\u00edtanak.<\/p>\n<p>Capsicum Annuum<\/p>\n<p>Scoville \u00a020 000-<\/p>\n<p>Gondoz\u00e1sa:A cs\u00edr\u00e1z\u00e1si h\u0151m\u00e9rs\u00e9klet 21 \u00e9s 28\u00b0C k\u00f6z\u00f6tt van (10-20 napos cs\u00edr\u00e1z\u00e1si id\u0151szak), ez\u00e9rt \u00fcvegh\u00e1z \u00e9s f\u0171t\u0151sz\u0151nyeg haszn\u00e1lata javasolt. A n\u00f6v\u00e9nyeknek friss, j\u00f3l tr\u00e1gy\u00e1zott, v\u00edz\u00e1tereszt\u0151 talajra van sz\u00fcks\u00e9g\u00fck, nem t\u0171rik a bevizesed\u00e9st. Napos, v\u00e9dett helyre \u00fcltess\u00fck, ahol legal\u00e1bb 6 \u00f3ra \u2013 lehet\u0151leg t\u00f6bb \u2013 napf\u00e9ny \u00e9ri. Tedd ki a n\u00f6v\u00e9nyeket kb. 2-3 h\u00e9ttel az utols\u00f3 fagy ut\u00e1n.<\/p>\n<p>&nbsp;<\/p>\n<p>A csomag 10 szem magot tartalmaz<\/p>\n<p>&nbsp;<\/p>\n<p>&nbsp;<\/p>\n<p>Egy csomagban 10 mag tal\u00e1lhat\u00f3<\/p>\n","protected":false},"featured_media":267,"comment_status":"open","ping_status":"closed","template":"","meta":[],"product_brand":[],"product_cat":[8],"product_tag":[],"class_list":{"0":"post-266","1":"product","2":"type-product","3":"status-publish","4":"has-post-thumbnail","6":"product_cat-paprika","8":"first","9":"instock","10":"taxable","11":"shipping-taxable","12":"purchasable","13":"product-type-simple"},"_links":{"self":[{"href":"https:\/\/chilimag.hu\/webshop\/wp-json\/wp\/v2\/product\/266","targetHints":{"allow":["GET"]}}],"collection":[{"href":"https:\/\/chilimag.hu\/webshop\/wp-json\/wp\/v2\/product"}],"about":[{"href":"https:\/\/chilimag.hu\/webshop\/wp-json\/wp\/v2\/types\/product"}],"replies":[{"embeddable":true,"href":"https:\/\/chilimag.hu\/webshop\/wp-json\/wp\/v2\/comments?post=266"}],"wp:featuredmedia":[{"embeddable":true,"href":"https:\/\/chilimag.hu\/webshop\/wp-json\/wp\/v2\/media\/267"}],"wp:attachment":[{"href":"https:\/\/chilimag.hu\/webshop\/wp-json\/wp\/v2\/media?parent=266"}],"wp:term":[{"taxonomy":"product_brand","embeddable":true,"href":"https:\/\/chilimag.hu\/webshop\/wp-json\/wp\/v2\/product_brand?post=266"},{"taxonomy":"product_cat","embeddable":true,"href":"https:\/\/chilimag.hu\/webshop\/wp-json\/wp\/v2\/product_cat?post=266"},{"taxonomy":"product_tag","embeddable":true,"href":"https:\/\/chilimag.hu\/webshop\/wp-json\/wp\/v2\/product_tag?post=266"}],"curies":[{"name":"wp","href":"https:\/\/api.w.org\/{rel}","templated":true}]}}