{"id":26566,"date":"2023-12-09T13:59:12","date_gmt":"2023-12-09T13:59:12","guid":{"rendered":"https:\/\/chilimag.hu\/webshop\/?post_type=product&#038;p=26566"},"modified":"2025-08-11T12:25:45","modified_gmt":"2025-08-11T12:25:45","slug":"paradicsom-buzau-47","status":"publish","type":"product","link":"https:\/\/chilimag.hu\/webshop\/termek\/paradicsom-buzau-47\/","title":{"rendered":"Buz\u0101u 47 Paradicsom"},"content":{"rendered":"","protected":false},"excerpt":{"rendered":"<p><img decoding=\"async\" class=\"general_border\" src=\"https:\/\/seminteplante.ro\/img\/m\/15-brand_default.jpg\" alt=\"Agrosel\" width=\"154\" height=\"70\" \/><\/p>\n<p>Le\u00edr\u00e1s<\/p>\n<p>A Buzau 47 egy fajta, az Agrosel term\u00e9kcsal\u00e1db\u00f3l, f\u00e9lk\u00e9s\u0151i, hat\u00e1rozott n\u00f6veked\u00e9s\u0171. A gy\u00fcm\u00f6lcs\u00f6k g\u00f6mb alak\u00faak, enyh\u00e9n lap\u00edtott, egys\u00e9ges v\u00f6r\u00f6s sz\u00edn\u0171ek.<\/p>\n<p>A gy\u00fcm\u00f6lcs \u00e1tlagos t\u00f6mege 100 g. Szil\u00e1rd, reped\u00e9s\u00e1ll\u00f3 gy\u00fcm\u00f6lcs.<\/p>\n<p>Gondoz\u00e1sa:Paradicsomot termeszthet, \u00fcvegh\u00e1zban vagy a szabadban. Az optim\u00e1lis cs\u00edr\u00e1z\u00e1si h\u0151m\u00e9rs\u00e9klet 20 \u00e9s 25\u00b0C k\u00f6z\u00f6tt van, a cs\u00edr\u00e1z\u00e1s 8-14 nap ut\u00e1n k\u00f6vetkezik be. Felgyors\u00edthatja a cs\u00edr\u00e1z\u00e1si folyamatot, ha a magokat egy \u00e9jszak\u00e1n \u00e1t nedves ruh\u00e1ban hagyja \u00e1zni. V\u00e1rjon az utols\u00f3 fagy ut\u00e1n a kiv\u00e1lasztott n\u00f6v\u00e9nyek \u00fcltet\u00e9s\u00e9vel.<\/p>\n<p>A paradicsomnak friss, j\u00f3l tr\u00e1gy\u00e1zott, v\u00edz\u00e1tereszt\u0151 talajra van sz\u00fcks\u00e9ge, amelyet nedvesen (de nem nedvesen!) kell tartani. Napos, v\u00e9dett helyre \u00fcltess\u00fck, ahol legal\u00e1bb 6 \u00f3ra \u2013 lehet\u0151leg t\u00f6bb \u2013 napf\u00e9ny \u00e9ri.<\/p>\n<p>A csomag 10 szem magot tartalmaz<\/p>\n","protected":false},"featured_media":26567,"comment_status":"closed","ping_status":"closed","template":"","meta":[],"product_brand":[],"product_cat":[10],"product_tag":[],"class_list":{"0":"post-26566","1":"product","2":"type-product","3":"status-publish","4":"has-post-thumbnail","6":"product_cat-paradicsom","8":"first","9":"instock","10":"taxable","11":"shipping-taxable","12":"purchasable","13":"product-type-simple"},"_links":{"self":[{"href":"https:\/\/chilimag.hu\/webshop\/wp-json\/wp\/v2\/product\/26566","targetHints":{"allow":["GET"]}}],"collection":[{"href":"https:\/\/chilimag.hu\/webshop\/wp-json\/wp\/v2\/product"}],"about":[{"href":"https:\/\/chilimag.hu\/webshop\/wp-json\/wp\/v2\/types\/product"}],"replies":[{"embeddable":true,"href":"https:\/\/chilimag.hu\/webshop\/wp-json\/wp\/v2\/comments?post=26566"}],"wp:featuredmedia":[{"embeddable":true,"href":"https:\/\/chilimag.hu\/webshop\/wp-json\/wp\/v2\/media\/26567"}],"wp:attachment":[{"href":"https:\/\/chilimag.hu\/webshop\/wp-json\/wp\/v2\/media?parent=26566"}],"wp:term":[{"taxonomy":"product_brand","embeddable":true,"href":"https:\/\/chilimag.hu\/webshop\/wp-json\/wp\/v2\/product_brand?post=26566"},{"taxonomy":"product_cat","embeddable":true,"href":"https:\/\/chilimag.hu\/webshop\/wp-json\/wp\/v2\/product_cat?post=26566"},{"taxonomy":"product_tag","embeddable":true,"href":"https:\/\/chilimag.hu\/webshop\/wp-json\/wp\/v2\/product_tag?post=26566"}],"curies":[{"name":"wp","href":"https:\/\/api.w.org\/{rel}","templated":true}]}}