{"id":26563,"date":"2023-12-09T13:51:42","date_gmt":"2023-12-09T13:51:42","guid":{"rendered":"https:\/\/chilimag.hu\/webshop\/?post_type=product&#038;p=26563"},"modified":"2025-08-11T15:42:38","modified_gmt":"2025-08-11T15:42:38","slug":"paradicsom-sweetheart-3","status":"publish","type":"product","link":"https:\/\/chilimag.hu\/webshop\/termek\/paradicsom-sweetheart-3\/","title":{"rendered":"Sweetheart Paradicsom"},"content":{"rendered":"","protected":false},"excerpt":{"rendered":"<p><img decoding=\"async\" src=\"https:\/\/chilimag.hu\/webshop\/wp-content\/uploads\/2014\/11\/chilimag-logo-2-150x150.jpg\" \/><\/p>\n<p>&nbsp;<\/p>\n<p>Le\u00edr\u00e1s<\/p>\n<p>A Sweetheart paradicsom egy meghat\u00e1rozatlan paradicsomfajta \u00fcvegh\u00e1zi \u00e9s sz\u00e1nt\u00f3f\u00f6ldi n\u00f6v\u00e9nyek sz\u00e1m\u00e1ra. A fajta term\u00e9se nagy, sima, m\u00e9lyv\u00f6r\u00f6s sz\u00edn\u0171, 140-180 gr t\u00f6meg\u0171. Gy\u00fcm\u00f6lcsei egys\u00e9gesek \u00e9s term\u00e9kenyek. A Sweetheart paradicsomot tavaszi-\u0151szi n\u00f6v\u00e9nyekhez aj\u00e1nljuk.<\/p>\n<p>Gondoz\u00e1sa: A\u00a0paradicsom, \u00fcvegh\u00e1zban vagy a szabadban. Az optim\u00e1lis cs\u00edr\u00e1z\u00e1si h\u0151m\u00e9rs\u00e9klet 20 \u00e9s 25\u00b0C k\u00f6z\u00f6tt van, a cs\u00edr\u00e1z\u00e1s 8-14 nap ut\u00e1n k\u00f6vetkezik be. Felgyors\u00edthatja a cs\u00edr\u00e1z\u00e1si folyamatot, ha a magokat egy \u00e9jszak\u00e1n \u00e1t nedves ruh\u00e1ban hagyja \u00e1zni. V\u00e1rjon az utols\u00f3 fagy ut\u00e1n a kiv\u00e1lasztott n\u00f6v\u00e9nyek \u00fcltet\u00e9s\u00e9vel.<\/p>\n<p>A paradicsomnak friss, j\u00f3l tr\u00e1gy\u00e1zott, v\u00edz\u00e1tereszt\u0151 talajra van sz\u00fcks\u00e9ge, amelyet nedvesen (de nem nedvesen!) kell tartani. Napos, v\u00e9dett helyre kell \u00fcltetni, ahol legal\u00e1bb 6 \u00f3ra napf\u00e9ny lehet\u0151leg t\u00f6bb.<\/p>\n<p>A csomag 10 szem magot tartalmaz<\/p>\n","protected":false},"featured_media":26565,"comment_status":"closed","ping_status":"closed","template":"","meta":[],"product_brand":[],"product_cat":[10],"product_tag":[],"class_list":{"0":"post-26563","1":"product","2":"type-product","3":"status-publish","4":"has-post-thumbnail","6":"product_cat-paradicsom","8":"first","9":"instock","10":"taxable","11":"shipping-taxable","12":"purchasable","13":"product-type-simple"},"_links":{"self":[{"href":"https:\/\/chilimag.hu\/webshop\/wp-json\/wp\/v2\/product\/26563","targetHints":{"allow":["GET"]}}],"collection":[{"href":"https:\/\/chilimag.hu\/webshop\/wp-json\/wp\/v2\/product"}],"about":[{"href":"https:\/\/chilimag.hu\/webshop\/wp-json\/wp\/v2\/types\/product"}],"replies":[{"embeddable":true,"href":"https:\/\/chilimag.hu\/webshop\/wp-json\/wp\/v2\/comments?post=26563"}],"wp:featuredmedia":[{"embeddable":true,"href":"https:\/\/chilimag.hu\/webshop\/wp-json\/wp\/v2\/media\/26565"}],"wp:attachment":[{"href":"https:\/\/chilimag.hu\/webshop\/wp-json\/wp\/v2\/media?parent=26563"}],"wp:term":[{"taxonomy":"product_brand","embeddable":true,"href":"https:\/\/chilimag.hu\/webshop\/wp-json\/wp\/v2\/product_brand?post=26563"},{"taxonomy":"product_cat","embeddable":true,"href":"https:\/\/chilimag.hu\/webshop\/wp-json\/wp\/v2\/product_cat?post=26563"},{"taxonomy":"product_tag","embeddable":true,"href":"https:\/\/chilimag.hu\/webshop\/wp-json\/wp\/v2\/product_tag?post=26563"}],"curies":[{"name":"wp","href":"https:\/\/api.w.org\/{rel}","templated":true}]}}