{"id":26561,"date":"2023-12-09T13:42:56","date_gmt":"2023-12-09T13:42:56","guid":{"rendered":"https:\/\/chilimag.hu\/webshop\/?post_type=product&#038;p=26561"},"modified":"2025-08-11T12:54:15","modified_gmt":"2025-08-11T12:54:15","slug":"paradicsom-marglobe","status":"publish","type":"product","link":"https:\/\/chilimag.hu\/webshop\/termek\/paradicsom-marglobe\/","title":{"rendered":"Marglobe Paradicsom"},"content":{"rendered":"","protected":false},"excerpt":{"rendered":"<p><img decoding=\"async\" src=\"https:\/\/chilimag.hu\/webshop\/wp-content\/uploads\/2014\/11\/chilimag-logo-2-150x150.jpg\" \/><\/p>\n<p>&nbsp;<\/p>\n<p>Le\u00edr\u00e1s<\/p>\n<p>A Marglobe paradicsom egy r\u00e9gi amerikai kar\u00f3paradicsom fajta, amely nagyon er\u0151s n\u00f6veked\u00e9s\u0171 \u00e9s magas hozam\u00fa. Gy\u00fcm\u00f6lcsei k\u00f6zepes m\u00e9ret\u0171ek, pirosak \u00e9s kerekek, \u00edz\u00fck kiv\u00e1l\u00f3. Mivel a paradicsom egyszerre h\u00fasos \u00e9s kem\u00e9ny, sokf\u00e9le felhaszn\u00e1l\u00e1sra alkalmas, ak\u00e1r nyersen, ak\u00e1r sal\u00e1t\u00e1kban, ak\u00e1r sz\u00f3szokban. A gy\u00fcm\u00f6lcs\u00e9r\u00e9s j\u00faliusban kezd\u0151dik, majd a n\u00f6v\u00e9nyek folyamatosan termelnek paradicsomot eg\u00e9szen szeptemberig. A n\u00f6v\u00e9nyek 150 cm-re n\u0151nek, ellen\u00e1ll\u00f3ak \u00e9s robusztusak &#8211; \u00edgy alkalmasak a szabadban t\u00f6rt\u00e9n\u0151 termeszt\u00e9sre -, \u00e9s j\u00f3l t\u0171rik n\u00e9h\u00e1ny oldal\u00e1g elhagy\u00e1s\u00e1t.<\/p>\n<p>Gondoz\u00e1sa: A Marglobe paradicsomot termesztheti, \u00fcvegh\u00e1zban vagy a szabadban. Az optim\u00e1lis cs\u00edr\u00e1z\u00e1si h\u0151m\u00e9rs\u00e9klet 20 \u00e9s 25\u00b0C k\u00f6z\u00f6tt van, a cs\u00edr\u00e1z\u00e1s 8-14 nap ut\u00e1n k\u00f6vetkezik be. Felgyors\u00edthatja a cs\u00edr\u00e1z\u00e1si folyamatot, ha a magokat egy \u00e9jszak\u00e1n \u00e1t nedves ruh\u00e1ban hagyja \u00e1zni. V\u00e1rjon az utols\u00f3 fagy ut\u00e1n a kiv\u00e1lasztott n\u00f6v\u00e9nyek \u00fcltet\u00e9s\u00e9vel.<\/p>\n<p>A paradicsomnak friss, j\u00f3l tr\u00e1gy\u00e1zott, v\u00edz\u00e1tereszt\u0151 talajra van sz\u00fcks\u00e9ge, amelyet nedvesen (de nem nedvesen!) kell tartani. Napos, v\u00e9dett helyre \u00fcltess\u00fck, ahol legal\u00e1bb 6 \u00f3ra \u2013 lehet\u0151leg t\u00f6bb \u2013 napf\u00e9ny \u00e9ri.<\/p>\n<p>T\u00edpus Marglobe Tomato<br \/>\nOptim\u00e1lis cs\u00edr\u00e1z\u00e1si h\u0151m\u00e9rs\u00e9klet 20 &#8211; 25 \u00b0C<br \/>\nVet\u00e9s febru\u00e1r-\u00e1prilis<br \/>\nCs\u00edr\u00e1z\u00e1si id\u0151 8-14 nap<br \/>\nN\u00f6v\u00e9nyn\u00f6veked\u00e9si szok\u00e1s kb. 120-150 cm magas, kar\u00f3s paradicsom<br \/>\nGy\u00fcm\u00f6lcs megjelen\u00e9se piros, kerek, kb. 80-150 g<br \/>\n\u00cdze zamatos, h\u00fasos, kem\u00e9ny<br \/>\nSz\u00fcret j\u00faliust\u00f3l szeptemberig<br \/>\nSz\u00e1rmaz\u00e1sa USA<\/p>\n<p>A csomag 10 szem magot tartalmaz<\/p>\n","protected":false},"featured_media":26562,"comment_status":"closed","ping_status":"closed","template":"","meta":[],"product_brand":[],"product_cat":[10],"product_tag":[],"class_list":{"0":"post-26561","1":"product","2":"type-product","3":"status-publish","4":"has-post-thumbnail","6":"product_cat-paradicsom","8":"first","9":"instock","10":"taxable","11":"shipping-taxable","12":"purchasable","13":"product-type-simple"},"_links":{"self":[{"href":"https:\/\/chilimag.hu\/webshop\/wp-json\/wp\/v2\/product\/26561","targetHints":{"allow":["GET"]}}],"collection":[{"href":"https:\/\/chilimag.hu\/webshop\/wp-json\/wp\/v2\/product"}],"about":[{"href":"https:\/\/chilimag.hu\/webshop\/wp-json\/wp\/v2\/types\/product"}],"replies":[{"embeddable":true,"href":"https:\/\/chilimag.hu\/webshop\/wp-json\/wp\/v2\/comments?post=26561"}],"wp:featuredmedia":[{"embeddable":true,"href":"https:\/\/chilimag.hu\/webshop\/wp-json\/wp\/v2\/media\/26562"}],"wp:attachment":[{"href":"https:\/\/chilimag.hu\/webshop\/wp-json\/wp\/v2\/media?parent=26561"}],"wp:term":[{"taxonomy":"product_brand","embeddable":true,"href":"https:\/\/chilimag.hu\/webshop\/wp-json\/wp\/v2\/product_brand?post=26561"},{"taxonomy":"product_cat","embeddable":true,"href":"https:\/\/chilimag.hu\/webshop\/wp-json\/wp\/v2\/product_cat?post=26561"},{"taxonomy":"product_tag","embeddable":true,"href":"https:\/\/chilimag.hu\/webshop\/wp-json\/wp\/v2\/product_tag?post=26561"}],"curies":[{"name":"wp","href":"https:\/\/api.w.org\/{rel}","templated":true}]}}