{"id":26554,"date":"2023-12-09T13:25:56","date_gmt":"2023-12-09T13:25:56","guid":{"rendered":"https:\/\/chilimag.hu\/webshop\/?post_type=product&#038;p=26554"},"modified":"2025-08-11T12:38:20","modified_gmt":"2025-08-11T12:38:20","slug":"paradicsom-fantom-f1","status":"publish","type":"product","link":"https:\/\/chilimag.hu\/webshop\/termek\/paradicsom-fantom-f1\/","title":{"rendered":"Fantom F1 Paradicsom"},"content":{"rendered":"","protected":false},"excerpt":{"rendered":"<p><img decoding=\"async\" src=\"https:\/\/chilimag.hu\/webshop\/wp-content\/uploads\/2014\/11\/chilimag-logo-2-150x150.jpg\" \/><\/p>\n<p>&nbsp;<\/p>\n<p>Le\u00edr\u00e1s<\/p>\n<p>A FANTOM egy hat\u00e1rozatlan \u00e9s er\u0151teljes paradicsomhibrid, amely sz\u00e1mos betegs\u00e9ggel szemben ellen\u00e1ll\u00f3. A gy\u00fcm\u00f6lcs\u00f6k sim\u00e1k, kem\u00e9nyek, sz\u00e9p sz\u00edn\u0171ek, k\u00e9nyelmesek a sz\u00e1ll\u00edt\u00e1shoz \u00e9s a hossz\u00fa t\u00e1v\u00fa t\u00e1rol\u00e1shoz. J\u00f3 termel\u00e9kenys\u00e9g. Egy gy\u00fcm\u00f6lcs \u00e1tlagos s\u00falya 200 g. \u00dcvegh\u00e1zakban \u00e9s szabadf\u00f6ld\u00f6n is termeszthet\u0151.<\/p>\n<p>A csomag 10 szem magot tartalmaz<\/p>\n","protected":false},"featured_media":26555,"comment_status":"closed","ping_status":"closed","template":"","meta":[],"product_brand":[],"product_cat":[10],"product_tag":[],"class_list":{"0":"post-26554","1":"product","2":"type-product","3":"status-publish","4":"has-post-thumbnail","6":"product_cat-paradicsom","8":"first","9":"instock","10":"taxable","11":"shipping-taxable","12":"purchasable","13":"product-type-simple"},"_links":{"self":[{"href":"https:\/\/chilimag.hu\/webshop\/wp-json\/wp\/v2\/product\/26554","targetHints":{"allow":["GET"]}}],"collection":[{"href":"https:\/\/chilimag.hu\/webshop\/wp-json\/wp\/v2\/product"}],"about":[{"href":"https:\/\/chilimag.hu\/webshop\/wp-json\/wp\/v2\/types\/product"}],"replies":[{"embeddable":true,"href":"https:\/\/chilimag.hu\/webshop\/wp-json\/wp\/v2\/comments?post=26554"}],"wp:featuredmedia":[{"embeddable":true,"href":"https:\/\/chilimag.hu\/webshop\/wp-json\/wp\/v2\/media\/26555"}],"wp:attachment":[{"href":"https:\/\/chilimag.hu\/webshop\/wp-json\/wp\/v2\/media?parent=26554"}],"wp:term":[{"taxonomy":"product_brand","embeddable":true,"href":"https:\/\/chilimag.hu\/webshop\/wp-json\/wp\/v2\/product_brand?post=26554"},{"taxonomy":"product_cat","embeddable":true,"href":"https:\/\/chilimag.hu\/webshop\/wp-json\/wp\/v2\/product_cat?post=26554"},{"taxonomy":"product_tag","embeddable":true,"href":"https:\/\/chilimag.hu\/webshop\/wp-json\/wp\/v2\/product_tag?post=26554"}],"curies":[{"name":"wp","href":"https:\/\/api.w.org\/{rel}","templated":true}]}}