{"id":26549,"date":"2023-12-09T13:16:55","date_gmt":"2023-12-09T13:16:55","guid":{"rendered":"https:\/\/chilimag.hu\/webshop\/?post_type=product&#038;p=26549"},"modified":"2025-08-11T13:49:54","modified_gmt":"2025-08-11T13:49:54","slug":"paradicsom-pautalia","status":"publish","type":"product","link":"https:\/\/chilimag.hu\/webshop\/termek\/paradicsom-pautalia\/","title":{"rendered":"Pautalia Paradicsom"},"content":{"rendered":"","protected":false},"excerpt":{"rendered":"<p><img decoding=\"async\" src=\"https:\/\/chilimag.hu\/webshop\/wp-content\/uploads\/2014\/11\/chilimag-logo-2-150x150.jpg\" \/><\/p>\n<p>&nbsp;<\/p>\n<p>Le\u00edr\u00e1s<\/p>\n<p>K\u00f6z\u00e9pkorai fajta, f\u00e9ldetermin\u00e1ns, nagy term\u0151k\u00e9pess\u00e9g\u0171, sz\u00e1nt\u00f3f\u00f6ldi termeszt\u00e9sre alkalmas. Term\u00e9sei ov\u00e1lisak, \u00e1tlagosan 70-80 g t\u00f6meg\u0171ek, intenz\u00edv v\u00f6r\u00f6s sz\u00edn\u0171ek, kem\u00e9nyek, 5,5%-os sz\u00e1razanyag-tartalommal, megn\u00f6vekedett \u00f6sszes pigment- \u00e9s pektintartalommal. A n\u00f6v\u00e9nyeket \u00e9r\u00e9s ut\u00e1n 20-30 napig t\u00e1rolj\u00e1k, ami meghosszabb\u00edtja a friss fogyaszt\u00e1s id\u0151tartam\u00e1t \u00e9s technol\u00f3giai feldolgoz\u00e1sra val\u00f3 alkalmass\u00e1g\u00e1t. A fajta jav\u00edtott \u00edzmin\u0151s\u00e9ggel rendelkezik, \u00e9s megfelel a gazd\u00e1lkod\u00f3k min\u0151s\u00e9gi \u00e9s betegs\u00e9g\u00e1ll\u00f3 sz\u00e1nt\u00f3f\u00f6ldi term\u00e9kekre vonatkoz\u00f3 k\u00f6vetelm\u00e9nyeinek.<\/p>\n<p>Gondoz\u00e1sa:A\u00a0paradicsom, \u00fcvegh\u00e1zban vagy a szabadban. Az optim\u00e1lis cs\u00edr\u00e1z\u00e1si h\u0151m\u00e9rs\u00e9klet 20 \u00e9s 25\u00b0C k\u00f6z\u00f6tt van, a cs\u00edr\u00e1z\u00e1s 8-14 nap ut\u00e1n k\u00f6vetkezik be. Felgyors\u00edthatja a cs\u00edr\u00e1z\u00e1si folyamatot, ha a magokat egy \u00e9jszak\u00e1n \u00e1t nedves ruh\u00e1ban hagyja \u00e1zni. V\u00e1rjon az utols\u00f3 fagy ut\u00e1n a kiv\u00e1lasztott n\u00f6v\u00e9nyek \u00fcltet\u00e9s\u00e9vel.<\/p>\n<p>A paradicsomnak friss, j\u00f3l tr\u00e1gy\u00e1zott, v\u00edz\u00e1tereszt\u0151 talajra van sz\u00fcks\u00e9ge, amelyet nedvesen (de nem nedvesen!) kell tartani. Napos, v\u00e9dett helyre \u00fcltess\u00fck, ahol legal\u00e1bb 6 \u00f3ra \u2013 lehet\u0151leg t\u00f6bb \u2013 napf\u00e9ny \u00e9ri.<\/p>\n<p>A csomag 10 szem magot tartalmaz<\/p>\n","protected":false},"featured_media":26551,"comment_status":"closed","ping_status":"closed","template":"","meta":[],"product_brand":[],"product_cat":[10],"product_tag":[],"class_list":{"0":"post-26549","1":"product","2":"type-product","3":"status-publish","4":"has-post-thumbnail","6":"product_cat-paradicsom","8":"first","9":"instock","10":"taxable","11":"shipping-taxable","12":"purchasable","13":"product-type-simple"},"_links":{"self":[{"href":"https:\/\/chilimag.hu\/webshop\/wp-json\/wp\/v2\/product\/26549","targetHints":{"allow":["GET"]}}],"collection":[{"href":"https:\/\/chilimag.hu\/webshop\/wp-json\/wp\/v2\/product"}],"about":[{"href":"https:\/\/chilimag.hu\/webshop\/wp-json\/wp\/v2\/types\/product"}],"replies":[{"embeddable":true,"href":"https:\/\/chilimag.hu\/webshop\/wp-json\/wp\/v2\/comments?post=26549"}],"wp:featuredmedia":[{"embeddable":true,"href":"https:\/\/chilimag.hu\/webshop\/wp-json\/wp\/v2\/media\/26551"}],"wp:attachment":[{"href":"https:\/\/chilimag.hu\/webshop\/wp-json\/wp\/v2\/media?parent=26549"}],"wp:term":[{"taxonomy":"product_brand","embeddable":true,"href":"https:\/\/chilimag.hu\/webshop\/wp-json\/wp\/v2\/product_brand?post=26549"},{"taxonomy":"product_cat","embeddable":true,"href":"https:\/\/chilimag.hu\/webshop\/wp-json\/wp\/v2\/product_cat?post=26549"},{"taxonomy":"product_tag","embeddable":true,"href":"https:\/\/chilimag.hu\/webshop\/wp-json\/wp\/v2\/product_tag?post=26549"}],"curies":[{"name":"wp","href":"https:\/\/api.w.org\/{rel}","templated":true}]}}