{"id":26477,"date":"2023-11-24T05:54:49","date_gmt":"2023-11-24T05:54:49","guid":{"rendered":"https:\/\/chilimag.hu\/webshop\/?post_type=product&#038;p=26477"},"modified":"2025-01-02T20:01:59","modified_gmt":"2025-01-02T20:01:59","slug":"rozsa-mintas-locsolokanna-kicsi-rd43","status":"publish","type":"product","link":"https:\/\/chilimag.hu\/webshop\/termek\/rozsa-mintas-locsolokanna-kicsi-rd43\/","title":{"rendered":"R\u00f3zs\u00e1s  locsol\u00f3kanna, kicsi RD43"},"content":{"rendered":"","protected":false},"excerpt":{"rendered":"<p>Kis m\u00e9ret\u0171, r\u00f3zsa mint\u00e1s f\u00e9m locsol\u00f3kanna 1,5 literes \u0171rtartalommal. Kinti \u00e9s benti haszn\u00e1latra,<br \/>\nM\u00e9retei sz\u00e9less\u00e9ge 32,2 cm, m\u00e9lys\u00e9ge 11,3 cm, magass\u00e1ga 23 cm.<\/p>\n","protected":false},"featured_media":26478,"comment_status":"closed","ping_status":"closed","template":"","meta":[],"product_brand":[],"product_cat":[467],"product_tag":[],"class_list":{"0":"post-26477","1":"product","2":"type-product","3":"status-publish","4":"has-post-thumbnail","6":"product_cat-locsolas-viz-es-talaj-vizsgalo-eszkozok","8":"first","9":"instock","10":"taxable","11":"shipping-taxable","12":"purchasable","13":"product-type-simple"},"_links":{"self":[{"href":"https:\/\/chilimag.hu\/webshop\/wp-json\/wp\/v2\/product\/26477","targetHints":{"allow":["GET"]}}],"collection":[{"href":"https:\/\/chilimag.hu\/webshop\/wp-json\/wp\/v2\/product"}],"about":[{"href":"https:\/\/chilimag.hu\/webshop\/wp-json\/wp\/v2\/types\/product"}],"replies":[{"embeddable":true,"href":"https:\/\/chilimag.hu\/webshop\/wp-json\/wp\/v2\/comments?post=26477"}],"wp:featuredmedia":[{"embeddable":true,"href":"https:\/\/chilimag.hu\/webshop\/wp-json\/wp\/v2\/media\/26478"}],"wp:attachment":[{"href":"https:\/\/chilimag.hu\/webshop\/wp-json\/wp\/v2\/media?parent=26477"}],"wp:term":[{"taxonomy":"product_brand","embeddable":true,"href":"https:\/\/chilimag.hu\/webshop\/wp-json\/wp\/v2\/product_brand?post=26477"},{"taxonomy":"product_cat","embeddable":true,"href":"https:\/\/chilimag.hu\/webshop\/wp-json\/wp\/v2\/product_cat?post=26477"},{"taxonomy":"product_tag","embeddable":true,"href":"https:\/\/chilimag.hu\/webshop\/wp-json\/wp\/v2\/product_tag?post=26477"}],"curies":[{"name":"wp","href":"https:\/\/api.w.org\/{rel}","templated":true}]}}