{"id":26428,"date":"2023-11-10T17:16:42","date_gmt":"2023-11-10T17:16:42","guid":{"rendered":"https:\/\/chilimag.hu\/webshop\/?post_type=product&#038;p=26428"},"modified":"2026-02-19T22:42:09","modified_gmt":"2026-02-19T22:42:09","slug":"sargarepa-purple-haze-f1-2","status":"publish","type":"product","link":"https:\/\/chilimag.hu\/webshop\/termek\/sargarepa-purple-haze-f1-2\/","title":{"rendered":"S\u00e1rgar\u00e9pa Purple Haze F1 B-S"},"content":{"rendered":"","protected":false},"excerpt":{"rendered":"<p><img decoding=\"async\" src=\"https:\/\/chilimag.hu\/webshop\/wp-content\/uploads\/2022\/10\/bobby-seeds-test-logo-150x150.png\" \/><\/p>\n<p>Lila s\u00e1rgar\u00e9pa k\u00fcl\u00f6nlegess\u00e9g<\/p>\n<p>A Purple Haze egy lila s\u00e1rgar\u00e9pa, vil\u00e1gos maggal. Eg\u00e9szs\u00e9ges n\u00f6veked\u00e9s\u00e9vel, arom\u00e1s, enyh\u00e9n \u00e9desk\u00e9s \u00edz\u00e9vel leny\u0171g\u00f6z, fiatalon fogyaszthat\u00f3 r\u00e9pak\u00e9nt, vagy termeszthet\u0151, am\u00edg teljesen kifejlett \u0151szi s\u00e1rgar\u00e9pa nem lesz bel\u0151le. A magas antocianin tartalom nagyon j\u00f3t\u00e9kony hat\u00e1s\u00fa az eg\u00e9szs\u00e9gre.<\/p>\n<p>Daucus carota<br \/>\nA betakar\u00edt\u00e1s j\u00faliust\u00f3l okt\u00f3berig tart<br \/>\n1 adag kb.250 n\u00f6v\u00e9nyhez elegend\u0151<br \/>\nA vet\u00e9s k\u00f6zvetlen szabadf\u00f6ldi vet\u00e9sk\u00e9nt soronk\u00e9nt t\u00f6rt\u00e9nik m\u00e1rciust\u00f3l j\u00faniusig Vet\u0151magt\u00e1vols\u00e1g: Vet\u00e9s sorokba, 3-4 cm-re a sorok k\u00f6z\u00f6tt, 30 cm-re a sorok k\u00f6z\u00f6tt, sz\u00fcks\u00e9g eset\u00e9n v\u00e1lasszuk sz\u00e9t.<\/p>\n<p>A s\u00e1rgar\u00e9pa szereti a napos helyeket \u00e9s a k\u00f6nny\u0171, j\u00f3 v\u00edzelvezet\u00e9s\u0171, t\u00e1panyagban gazdag talajt.<\/p>\n","protected":false},"featured_media":26429,"comment_status":"closed","ping_status":"closed","template":"","meta":[],"product_brand":[],"product_cat":[329],"product_tag":[],"class_list":{"0":"post-26428","1":"product","2":"type-product","3":"status-publish","4":"has-post-thumbnail","6":"product_cat-zoldseg-vetomagok-egyeb-es-kulonleges-vetomagok","8":"first","9":"instock","10":"taxable","11":"shipping-taxable","12":"purchasable","13":"product-type-simple"},"_links":{"self":[{"href":"https:\/\/chilimag.hu\/webshop\/wp-json\/wp\/v2\/product\/26428","targetHints":{"allow":["GET"]}}],"collection":[{"href":"https:\/\/chilimag.hu\/webshop\/wp-json\/wp\/v2\/product"}],"about":[{"href":"https:\/\/chilimag.hu\/webshop\/wp-json\/wp\/v2\/types\/product"}],"replies":[{"embeddable":true,"href":"https:\/\/chilimag.hu\/webshop\/wp-json\/wp\/v2\/comments?post=26428"}],"wp:featuredmedia":[{"embeddable":true,"href":"https:\/\/chilimag.hu\/webshop\/wp-json\/wp\/v2\/media\/26429"}],"wp:attachment":[{"href":"https:\/\/chilimag.hu\/webshop\/wp-json\/wp\/v2\/media?parent=26428"}],"wp:term":[{"taxonomy":"product_brand","embeddable":true,"href":"https:\/\/chilimag.hu\/webshop\/wp-json\/wp\/v2\/product_brand?post=26428"},{"taxonomy":"product_cat","embeddable":true,"href":"https:\/\/chilimag.hu\/webshop\/wp-json\/wp\/v2\/product_cat?post=26428"},{"taxonomy":"product_tag","embeddable":true,"href":"https:\/\/chilimag.hu\/webshop\/wp-json\/wp\/v2\/product_tag?post=26428"}],"curies":[{"name":"wp","href":"https:\/\/api.w.org\/{rel}","templated":true}]}}