{"id":26413,"date":"2023-11-10T07:59:08","date_gmt":"2023-11-10T07:59:08","guid":{"rendered":"https:\/\/chilimag.hu\/webshop\/?post_type=product&#038;p=26413"},"modified":"2025-08-11T08:09:31","modified_gmt":"2025-08-11T08:09:31","slug":"chupetinho-gold","status":"publish","type":"product","link":"https:\/\/chilimag.hu\/webshop\/termek\/chupetinho-gold\/","title":{"rendered":"Chupetinho Gold"},"content":{"rendered":"","protected":false},"excerpt":{"rendered":"<p><img decoding=\"async\" src=\"https:\/\/chilimag.hu\/webshop\/wp-content\/uploads\/2014\/11\/chilimag-logo-2-150x150.jpg\" \/><\/p>\n<p>Le\u00edr\u00e1s<\/p>\n<p>A Chupetinho Chili Braz\u00edli\u00e1b\u00f3l sz\u00e1rmazik, \u00e9s itt ritk\u00e1n k\u00edn\u00e1lj\u00e1k. Bokros, el\u00e1gaz\u00f3, kb. 100 cm magas. Alkalmas cser\u00e9pben vagy ablakp\u00e1rk\u00e1nyon t\u00f6rt\u00e9n\u0151 termeszt\u00e9sre, mivel kicsi marad (kb. 50 &#8211; 60 cm). K\u00fcl\u00f6n\u00f6sen felt\u0171n\u0151ek sz\u00e9p, f\u00e9nyes, csepp alak\u00fa term\u00e9sei, amelyek vil\u00e1gosz\u00f6ldt\u0151l a s\u00e1rg\u00e1s-narancs. Rendk\u00edv\u00fcl cs\u00edp\u0151sek, f\u0151z\u00e9shez, sz\u00f3szokhoz, sz\u00e1r\u00edt\u00e1shoz, vagy egyszer\u0171en csak a t\u00e1ny\u00e9r sz\u00e9p d\u00edsz\u00edt\u00e9s\u00e9nek alkalmasak.<\/p>\n<p>Gondoz\u00e1sa: A cs\u00edr\u00e1z\u00e1si h\u0151m\u00e9rs\u00e9klet 22 \u00e9s 28\u00b0C k\u00f6z\u00f6tt van (8-22 napos cs\u00edr\u00e1z\u00e1si id\u0151szak), ez\u00e9rt \u00fcvegh\u00e1z \u00e9s f\u0171t\u0151sz\u0151nyeg haszn\u00e1lata javasolt. A n\u00f6v\u00e9nyeknek friss, j\u00f3l tr\u00e1gy\u00e1zott, v\u00edz\u00e1tereszt\u0151 talajra van sz\u00fcks\u00e9g\u00fck, nem t\u0171rik a bevizesed\u00e9st. Napos, v\u00e9dett helyre \u00fcltess\u00fck, ahol legal\u00e1bb 6 \u00f3ra \u2013 lehet\u0151leg t\u00f6bb \u2013 napf\u00e9ny \u00e9ri. Tedd ki a n\u00f6v\u00e9nyeket kb. 2-3 h\u00e9ttel az utols\u00f3 fagy ut\u00e1n.<\/p>\n<p>T\u00edpus: Capsicum chinense<br \/>\nF\u0171szeress\u00e9gi szint 9<br \/>\nScoville 100 000 &#8211; 500 000 SHU<br \/>\noptim\u00e1lis cs\u00edr\u00e1z\u00e1si h\u0151m\u00e9rs\u00e9klet 22 &#8211; 28 \u00b0C<br \/>\nVet\u00e9s jan. &#8211; \u00e1pr.<br \/>\nVir\u00e1gok feh\u00e9rek (m\u00e1jus-augusztus)<br \/>\nN\u00f6v\u00e9nyn\u00f6veked\u00e9si szok\u00e1sa bokros, el\u00e1gaz\u00f3, kb. 100 cm magas<br \/>\nS\u00e1rg\u00e1t\u00f3l a narancson \u00e1t a v\u00f6r\u00f6sig \u00e9rik<br \/>\nGy\u00fcm\u00f6lcs megjelen\u00e9se csepp alak\u00fa, kb. 2 x 3 cm<br \/>\n\u00c9r\u00e9si id\u0151 70-80 nap<br \/>\nSz\u00e1rmaz\u00e1si hely Braz\u00edlia<\/p>\n<p>A csomag 10 szem magot tartalmaz<\/p>\n","protected":false},"featured_media":33185,"comment_status":"closed","ping_status":"closed","template":"","meta":[],"product_brand":[],"product_cat":[8],"product_tag":[],"class_list":{"0":"post-26413","1":"product","2":"type-product","3":"status-publish","4":"has-post-thumbnail","6":"product_cat-paprika","8":"first","9":"instock","10":"taxable","11":"shipping-taxable","12":"purchasable","13":"product-type-simple"},"_links":{"self":[{"href":"https:\/\/chilimag.hu\/webshop\/wp-json\/wp\/v2\/product\/26413","targetHints":{"allow":["GET"]}}],"collection":[{"href":"https:\/\/chilimag.hu\/webshop\/wp-json\/wp\/v2\/product"}],"about":[{"href":"https:\/\/chilimag.hu\/webshop\/wp-json\/wp\/v2\/types\/product"}],"replies":[{"embeddable":true,"href":"https:\/\/chilimag.hu\/webshop\/wp-json\/wp\/v2\/comments?post=26413"}],"wp:featuredmedia":[{"embeddable":true,"href":"https:\/\/chilimag.hu\/webshop\/wp-json\/wp\/v2\/media\/33185"}],"wp:attachment":[{"href":"https:\/\/chilimag.hu\/webshop\/wp-json\/wp\/v2\/media?parent=26413"}],"wp:term":[{"taxonomy":"product_brand","embeddable":true,"href":"https:\/\/chilimag.hu\/webshop\/wp-json\/wp\/v2\/product_brand?post=26413"},{"taxonomy":"product_cat","embeddable":true,"href":"https:\/\/chilimag.hu\/webshop\/wp-json\/wp\/v2\/product_cat?post=26413"},{"taxonomy":"product_tag","embeddable":true,"href":"https:\/\/chilimag.hu\/webshop\/wp-json\/wp\/v2\/product_tag?post=26413"}],"curies":[{"name":"wp","href":"https:\/\/api.w.org\/{rel}","templated":true}]}}