{"id":26354,"date":"2023-11-02T12:03:16","date_gmt":"2023-11-02T12:03:16","guid":{"rendered":"https:\/\/chilimag.hu\/webshop\/?post_type=product&#038;p=26354"},"modified":"2026-03-08T20:30:13","modified_gmt":"2026-03-08T20:30:13","slug":"cekla-detroit-florian-bg","status":"publish","type":"product","link":"https:\/\/chilimag.hu\/webshop\/termek\/cekla-detroit-florian-bg\/","title":{"rendered":"C\u00e9kla Detroit Florian Bg"},"content":{"rendered":"","protected":false},"excerpt":{"rendered":"<p><img decoding=\"async\" class=\"img-inline\" src=\"https:\/\/brcci.eu\/cache\/thumbnails\/12ecd0e6e419f1b9b1484ef02ad361979dd8e054\/1a6c5e1406ad462ca86d17b2800862d7f837862c-829875ad0a268b741b7edd818ffce098.png\" alt=\"FLORIAN OOD\" \/><\/p>\n<p>K\u00f6z\u00e9pkorai fajta, amely k\u00f6zepes m\u00e9ret\u0171 kerek gy\u00f6kereket k\u00e9pz\u0151, bels\u0151 r\u00e9sz\u00fck s\u00f6t\u00e9tv\u00f6r\u00f6s, foltos \u00e9s vil\u00e1gosabb cs\u00edkokkal. Friss fogyaszt\u00e1sra, tart\u00f3s\u00edt\u00e1sra, tart\u00f3s\u00edt\u00e1sra alkalmas Veget\u00e1ci\u00f3s id\u0151szak 100-110 nap.<\/p>\n<p>A korai termeszt\u00e9sn\u00e9l a vet\u00e9s m\u00e1rcius 15. \u00e9s \u00e1prilis 15. k\u00f6z\u00f6tt, a k\u00e9s\u0151i term\u00e9sn\u00e9l m\u00e1jus 1. \u00e9s 30. k\u00f6z\u00f6tt t\u00f6rt\u00e9nik.<\/p>\n<p>Magok sz\u00e1ma csomagonk\u00e9nt: 240 mag (3 g)<\/p>\n<p>M\u00e9lys\u00e9ge 2,5-3,5 cm<br \/>\nM\u00e1rcius 15-t\u0151l \u00e1prilis 15-ig vetve, m\u00e1jus 1-30-ig<br \/>\nVet\u0151mennyis\u00e9g 2-2,5 Kg\/hekt\u00e1r<br \/>\nA vet\u0151magb\u00f3l t\u00f6rt\u00e9n\u0151 termel\u00e9s t\u00edpusai<br \/>\n\u00c1ttekint\u00e9s<br \/>\n70-80 magot tartalmaz grammonk\u00e9nt<br \/>\nS\u00falya 3 gramm<br \/>\n\u00dcltet\u00e9s m\u00e1rcius-m\u00e1jus<br \/>\nSz\u00fcret j\u00falius-szeptember<br \/>\nVeget\u00e1ci\u00f3ja 100-110 nap<\/p>\n","protected":false},"featured_media":26355,"comment_status":"closed","ping_status":"closed","template":"","meta":[],"product_brand":[],"product_cat":[385],"product_tag":[],"class_list":{"0":"post-26354","1":"product","2":"type-product","3":"status-publish","4":"has-post-thumbnail","6":"product_cat-zeller-karalabe-cekla-vetomagok-bolgar-florian-vetomagok","8":"first","9":"instock","10":"taxable","11":"shipping-taxable","12":"purchasable","13":"product-type-simple"},"_links":{"self":[{"href":"https:\/\/chilimag.hu\/webshop\/wp-json\/wp\/v2\/product\/26354","targetHints":{"allow":["GET"]}}],"collection":[{"href":"https:\/\/chilimag.hu\/webshop\/wp-json\/wp\/v2\/product"}],"about":[{"href":"https:\/\/chilimag.hu\/webshop\/wp-json\/wp\/v2\/types\/product"}],"replies":[{"embeddable":true,"href":"https:\/\/chilimag.hu\/webshop\/wp-json\/wp\/v2\/comments?post=26354"}],"wp:featuredmedia":[{"embeddable":true,"href":"https:\/\/chilimag.hu\/webshop\/wp-json\/wp\/v2\/media\/26355"}],"wp:attachment":[{"href":"https:\/\/chilimag.hu\/webshop\/wp-json\/wp\/v2\/media?parent=26354"}],"wp:term":[{"taxonomy":"product_brand","embeddable":true,"href":"https:\/\/chilimag.hu\/webshop\/wp-json\/wp\/v2\/product_brand?post=26354"},{"taxonomy":"product_cat","embeddable":true,"href":"https:\/\/chilimag.hu\/webshop\/wp-json\/wp\/v2\/product_cat?post=26354"},{"taxonomy":"product_tag","embeddable":true,"href":"https:\/\/chilimag.hu\/webshop\/wp-json\/wp\/v2\/product_tag?post=26354"}],"curies":[{"name":"wp","href":"https:\/\/api.w.org\/{rel}","templated":true}]}}