{"id":26337,"date":"2023-11-02T10:31:04","date_gmt":"2023-11-02T10:31:04","guid":{"rendered":"https:\/\/chilimag.hu\/webshop\/?post_type=product&#038;p=26337"},"modified":"2026-03-12T19:10:12","modified_gmt":"2026-03-12T19:10:12","slug":"zellerszar-pascal-florian-bg","status":"publish","type":"product","link":"https:\/\/chilimag.hu\/webshop\/termek\/zellerszar-pascal-florian-bg\/","title":{"rendered":"Zellersz\u00e1r Pascal Florian Bg"},"content":{"rendered":"","protected":false},"excerpt":{"rendered":"<p><img decoding=\"async\" class=\"img-inline\" src=\"https:\/\/brcci.eu\/cache\/thumbnails\/12ecd0e6e419f1b9b1484ef02ad361979dd8e054\/1a6c5e1406ad462ca86d17b2800862d7f837862c-829875ad0a268b741b7edd818ffce098.png\" alt=\"FLORIAN OOD\" \/><\/p>\n<p>Zellersz\u00e1r \u00a0Pascal<\/p>\n<p>50-60 cm magas, vastag \u00e9s h\u00fasos sz\u00e1r\u00fa, s\u00f6t\u00e9tz\u00f6ld sz\u00edn\u0171 zeller fajta, sz\u00e1r l\u00e9d\u00fas, ropog\u00f3s, kiv\u00e1l\u00f3 \u00edz\u0171, friss fogyaszt\u00e1sra, sal\u00e1t\u00e1k k\u00e9sz\u00edt\u00e9s\u00e9re, levesekbe, \u00e9telekbe adhat\u00f3. A n\u00f6v\u00e9ny rendszeres \u00f6nt\u00f6z\u00e9st ig\u00e9nyel Veget\u00e1ci\u00f3s id\u0151szak &#8211; 110 nap k\u00f6r\u00fcl.<\/p>\n<p>Magok mennyis\u00e9ge zs\u00e1konk\u00e9nt: 2g<\/p>\n<p>M\u0171szaki adatok:<\/p>\n<p>M\u00e9lys\u00e9ge 0,5-1 cm<br \/>\nM\u00e1rcius 1-15<br \/>\n\u00c1ltal\u00e1noss\u00e1gok:<\/p>\n<p>2500 magot tartalmaz grammonk\u00e9nt<br \/>\nS\u00falya 2 gramm<br \/>\nVeget\u00e1ci\u00f3 110 nap<\/p>\n","protected":false},"featured_media":26339,"comment_status":"closed","ping_status":"closed","template":"","meta":[],"product_brand":[],"product_cat":[385],"product_tag":[],"class_list":{"0":"post-26337","1":"product","2":"type-product","3":"status-publish","4":"has-post-thumbnail","6":"product_cat-zeller-karalabe-cekla-vetomagok-bolgar-florian-vetomagok","8":"first","9":"instock","10":"taxable","11":"shipping-taxable","12":"purchasable","13":"product-type-simple"},"_links":{"self":[{"href":"https:\/\/chilimag.hu\/webshop\/wp-json\/wp\/v2\/product\/26337","targetHints":{"allow":["GET"]}}],"collection":[{"href":"https:\/\/chilimag.hu\/webshop\/wp-json\/wp\/v2\/product"}],"about":[{"href":"https:\/\/chilimag.hu\/webshop\/wp-json\/wp\/v2\/types\/product"}],"replies":[{"embeddable":true,"href":"https:\/\/chilimag.hu\/webshop\/wp-json\/wp\/v2\/comments?post=26337"}],"wp:featuredmedia":[{"embeddable":true,"href":"https:\/\/chilimag.hu\/webshop\/wp-json\/wp\/v2\/media\/26339"}],"wp:attachment":[{"href":"https:\/\/chilimag.hu\/webshop\/wp-json\/wp\/v2\/media?parent=26337"}],"wp:term":[{"taxonomy":"product_brand","embeddable":true,"href":"https:\/\/chilimag.hu\/webshop\/wp-json\/wp\/v2\/product_brand?post=26337"},{"taxonomy":"product_cat","embeddable":true,"href":"https:\/\/chilimag.hu\/webshop\/wp-json\/wp\/v2\/product_cat?post=26337"},{"taxonomy":"product_tag","embeddable":true,"href":"https:\/\/chilimag.hu\/webshop\/wp-json\/wp\/v2\/product_tag?post=26337"}],"curies":[{"name":"wp","href":"https:\/\/api.w.org\/{rel}","templated":true}]}}