{"id":26332,"date":"2023-11-02T10:19:45","date_gmt":"2023-11-02T10:19:45","guid":{"rendered":"https:\/\/chilimag.hu\/webshop\/?post_type=product&#038;p=26332"},"modified":"2026-03-28T04:18:01","modified_gmt":"2026-03-28T04:18:01","slug":"gorogdinnye-crimson-sweet-florian-bg","status":"publish","type":"product","link":"https:\/\/chilimag.hu\/webshop\/termek\/gorogdinnye-crimson-sweet-florian-bg\/","title":{"rendered":"G\u00f6r\u00f6gdinnye Crimson Sweet Florian Bg"},"content":{"rendered":"","protected":false},"excerpt":{"rendered":"<p><img decoding=\"async\" class=\"img-inline\" src=\"https:\/\/brcci.eu\/cache\/thumbnails\/12ecd0e6e419f1b9b1484ef02ad361979dd8e054\/1a6c5e1406ad462ca86d17b2800862d7f837862c-829875ad0a268b741b7edd818ffce098.png\" alt=\"FLORIAN OOD\" \/><\/p>\n<p>Piros g\u00f6r\u00f6gdinnye CRIMSON SWEET &#8211; 5 g<\/p>\n<p>G\u00f6r\u00f6gdinnye magok Crimson Sweet &#8211; fajta<\/p>\n<p>Crimson Sweet g\u00f6r\u00f6gdinnye, korai fajta, er\u0151teljes n\u00f6v\u00e9nyek, j\u00f3l fejlett lombozattal.<\/p>\n<p>A gy\u00fcm\u00f6lcs\u00f6k ellen\u00e1llnak a sz\u00e1ll\u00edt\u00e1snak \u00e9s a t\u00e1rol\u00e1snak!<\/p>\n<p>A term\u00e9s \u00e9des \u00e9s friss\u00edt\u0151 \u00edze, a h\u00fasa intenz\u00edv v\u00f6r\u00f6s sz\u00edne!<\/p>\n<p>&nbsp;<\/p>\n","protected":false},"featured_media":26333,"comment_status":"closed","ping_status":"closed","template":"","meta":[],"product_brand":[],"product_cat":[373],"product_tag":[],"class_list":{"0":"post-26332","1":"product","2":"type-product","3":"status-publish","4":"has-post-thumbnail","6":"product_cat-dinnye-es-tok-vetomagok-bolgar-florian-vetomagok","8":"first","9":"instock","10":"taxable","11":"shipping-taxable","12":"purchasable","13":"product-type-simple"},"_links":{"self":[{"href":"https:\/\/chilimag.hu\/webshop\/wp-json\/wp\/v2\/product\/26332","targetHints":{"allow":["GET"]}}],"collection":[{"href":"https:\/\/chilimag.hu\/webshop\/wp-json\/wp\/v2\/product"}],"about":[{"href":"https:\/\/chilimag.hu\/webshop\/wp-json\/wp\/v2\/types\/product"}],"replies":[{"embeddable":true,"href":"https:\/\/chilimag.hu\/webshop\/wp-json\/wp\/v2\/comments?post=26332"}],"wp:featuredmedia":[{"embeddable":true,"href":"https:\/\/chilimag.hu\/webshop\/wp-json\/wp\/v2\/media\/26333"}],"wp:attachment":[{"href":"https:\/\/chilimag.hu\/webshop\/wp-json\/wp\/v2\/media?parent=26332"}],"wp:term":[{"taxonomy":"product_brand","embeddable":true,"href":"https:\/\/chilimag.hu\/webshop\/wp-json\/wp\/v2\/product_brand?post=26332"},{"taxonomy":"product_cat","embeddable":true,"href":"https:\/\/chilimag.hu\/webshop\/wp-json\/wp\/v2\/product_cat?post=26332"},{"taxonomy":"product_tag","embeddable":true,"href":"https:\/\/chilimag.hu\/webshop\/wp-json\/wp\/v2\/product_tag?post=26332"}],"curies":[{"name":"wp","href":"https:\/\/api.w.org\/{rel}","templated":true}]}}