{"id":26323,"date":"2023-11-02T09:23:25","date_gmt":"2023-11-02T09:23:25","guid":{"rendered":"https:\/\/chilimag.hu\/webshop\/?post_type=product&#038;p=26323"},"modified":"2026-03-08T03:29:30","modified_gmt":"2026-03-08T03:29:30","slug":"cekla-jolie-f1-profy-line-florian-bg","status":"publish","type":"product","link":"https:\/\/chilimag.hu\/webshop\/termek\/cekla-jolie-f1-profy-line-florian-bg\/","title":{"rendered":"C\u00e9kla Jolie F1 Profy Line Florian Bg"},"content":{"rendered":"","protected":false},"excerpt":{"rendered":"<p><img decoding=\"async\" class=\"img-inline\" src=\"https:\/\/brcci.eu\/cache\/thumbnails\/12ecd0e6e419f1b9b1484ef02ad361979dd8e054\/1a6c5e1406ad462ca86d17b2800862d7f837862c-829875ad0a268b741b7edd818ffce098.png\" alt=\"FLORIAN OOD\" \/><\/p>\n<p>F\u00e9lkorai hibrid, egys\u00e9ges kerek sapk\u00e1val, vonz\u00f3 s\u00f6t\u00e9tv\u00f6r\u00f6s sz\u00edn\u0171 \u00e9s 7-10 cm \u00e1tm\u00e9r\u0151j\u0171. A Jolie F1 \u00e9letereje a kerek form\u00e1j\u00fa alanyok egys\u00e9ges term\u00e9s\u00e9t eredm\u00e9nyezi. Az er\u0151s lev\u00e9lrozetta megk\u00f6nny\u00edti a hibrid betakar\u00edt\u00e1s\u00e1t, ami kiv\u00e1l\u00f3 betakar\u00edt\u00e1st \u00e9s magas cukortartalm\u00fa kiv\u00e1l\u00f3 min\u0151s\u00e9get eredm\u00e9nyez. Friss fogyaszt\u00e1sra \u00e9s feldolgoz\u00e1sra alkalmas Vet\u00e9sid\u0151: szabadf\u00f6ld\u00f6n vid\u00e9kt\u0151l f\u00fcgg\u0151en \u00e1prilis 15-20 ut\u00e1n. Vet\u0151mennyis\u00e9g: 7-10kg\/1000m2 \u00f6nt\u00f6z\u00e9si k\u00f6r\u00fclm\u00e9nyek k\u00f6z\u00f6tt. M\u00e9lys\u00e9g: 1 cm; N\u00f6v\u00e9nysz\u00e1m 1 dek\u00e1ra: 50 000-80 000; \u00dcltet\u00e9si s\u00e9ma: 10x20cm.<\/p>\n<p>A csomag 5 gr magot \u00a0tartalmaz<\/p>\n","protected":false},"featured_media":26324,"comment_status":"closed","ping_status":"closed","template":"","meta":[],"product_brand":[],"product_cat":[385],"product_tag":[],"class_list":{"0":"post-26323","1":"product","2":"type-product","3":"status-publish","4":"has-post-thumbnail","6":"product_cat-zeller-karalabe-cekla-vetomagok-bolgar-florian-vetomagok","8":"first","9":"instock","10":"taxable","11":"shipping-taxable","12":"purchasable","13":"product-type-simple"},"_links":{"self":[{"href":"https:\/\/chilimag.hu\/webshop\/wp-json\/wp\/v2\/product\/26323","targetHints":{"allow":["GET"]}}],"collection":[{"href":"https:\/\/chilimag.hu\/webshop\/wp-json\/wp\/v2\/product"}],"about":[{"href":"https:\/\/chilimag.hu\/webshop\/wp-json\/wp\/v2\/types\/product"}],"replies":[{"embeddable":true,"href":"https:\/\/chilimag.hu\/webshop\/wp-json\/wp\/v2\/comments?post=26323"}],"wp:featuredmedia":[{"embeddable":true,"href":"https:\/\/chilimag.hu\/webshop\/wp-json\/wp\/v2\/media\/26324"}],"wp:attachment":[{"href":"https:\/\/chilimag.hu\/webshop\/wp-json\/wp\/v2\/media?parent=26323"}],"wp:term":[{"taxonomy":"product_brand","embeddable":true,"href":"https:\/\/chilimag.hu\/webshop\/wp-json\/wp\/v2\/product_brand?post=26323"},{"taxonomy":"product_cat","embeddable":true,"href":"https:\/\/chilimag.hu\/webshop\/wp-json\/wp\/v2\/product_cat?post=26323"},{"taxonomy":"product_tag","embeddable":true,"href":"https:\/\/chilimag.hu\/webshop\/wp-json\/wp\/v2\/product_tag?post=26323"}],"curies":[{"name":"wp","href":"https:\/\/api.w.org\/{rel}","templated":true}]}}